{"id":60707,"date":"2021-09-21T09:46:36","date_gmt":"2021-09-21T09:46:36","guid":{"rendered":"https:\/\/lladogrup.com\/?page_id=60707"},"modified":"2025-08-07T18:28:47","modified_gmt":"2025-08-07T16:28:47","slug":"agenda","status":"publish","type":"page","link":"https:\/\/lladogrup.com\/es\/agenda\/","title":{"rendered":"Agenda"},"content":{"rendered":"<div class=\"wpb-content-wrapper\"><p>[vc_row bg_type=\u00bbimage\u00bb parallax_style=\u00bbvcpb-vz-jquery\u00bb bg_image_new=\u00bbid^58773|url^http:\/\/pre.lladogrup.com\/wp-content\/uploads\/2021\/06\/Contacte_Llado-1920&#215;1290-1.jpg|caption^null|alt^Contacte_web_Llado_Grup|title^Contacte_Llado 1920&#215;1290|description^null\u00bb bg_image_repeat=\u00bbno-repeat\u00bb bg_override=\u00bbfull\u00bb enable_overlay=\u00bbenable_overlay_value\u00bb overlay_color=\u00bbrgba(0,0,0,0.5)\u00bb overlay_pattern=\u00bbtransperant\u00bb type=\u00bbvc_default\u00bb css=\u00bb.vc_custom_1624284235650{padding-top: 100px !important;padding-right: 25px !important;padding-bottom: 100px !important;padding-left: 25px !important;}\u00bb][vc_column][vc_row_inner css=\u00bb.vc_custom_1632214818787{background-color: #ffffff !important;}\u00bb][vc_column_inner]<div class=\"mec-wrap mec-skin-list-container  \" id=\"mec_skin_15\">\r\n    \r\n    \r\n        <div class=\"mec-skin-list-events-container\" id=\"mec_skin_events_15\">\r\n        No event found!    <\/div>\r\n        \r\n        \r\n<\/div>[\/vc_column_inner][\/vc_row_inner][\/vc_column][\/vc_row]<\/p>\n<\/div>","protected":false},"excerpt":{"rendered":"<p>[vc_row bg_type=\u00bbimage\u00bb parallax_style=\u00bbvcpb-vz-jquery\u00bb bg_image_new=\u00bbid^58773|url^http:\/\/pre.lladogrup.com\/wp-content\/uploads\/2021\/06\/Contacte_Llado-1920&#215;1290-1.jpg|caption^null|alt^Contacte_web_Llado_Grup|title^Contacte_Llado 1920&#215;1290|description^null\u00bb bg_image_repeat=\u00bbno-repeat\u00bb bg_override=\u00bbfull\u00bb enable_overlay=\u00bbenable_overlay_value\u00bb overlay_color=\u00bbrgba(0,0,0,0.5)\u00bb overlay_pattern=\u00bbtransperant\u00bb type=\u00bbvc_default\u00bb css=\u00bb.vc_custom_1624284235650{padding-top: 100px !important;padding-right: 25px !important;padding-bottom: 100px !important;padding-left: 25px !important;}\u00bb][vc_column][vc_row_inner css=\u00bb.vc_custom_1632214818787{background-color: #ffffff !important;}\u00bb][vc_column_inner][\/vc_column_inner][\/vc_row_inner][\/vc_column][\/vc_row]<\/p>\n","protected":false},"author":1,"featured_media":0,"parent":0,"menu_order":16,"comment_status":"closed","ping_status":"closed","template":"","meta":{"_joinchat":[],"footnotes":""},"class_list":["post-60707","page","type-page","status-publish","hentry","description-off"],"yoast_head":"<!-- This site is optimized with the Yoast SEO plugin v27.3 - https:\/\/yoast.com\/product\/yoast-seo-wordpress\/ -->\n<title>Agenda -Llad\u00f3 Grup Consultor-<\/title>\n<meta name=\"description\" content=\"Te informamos de la programaci\u00f3n de los diferentes webinars, cursos y jornadas organizadas por Llad\u00f3 Grup Consultor en www.lladogrup.com\" \/>\n<meta name=\"robots\" content=\"index, follow, max-snippet:-1, max-image-preview:large, max-video-preview:-1\" \/>\n<link rel=\"canonical\" href=\"https:\/\/lladogrup.com\/es\/agenda\/\" \/>\n<meta property=\"og:locale\" content=\"es_ES\" \/>\n<meta property=\"og:type\" content=\"article\" \/>\n<meta property=\"og:title\" content=\"Agenda -Llad\u00f3 Grup Consultor-\" \/>\n<meta property=\"og:description\" content=\"Te informamos de la programaci\u00f3n de los diferentes webinars, cursos y jornadas organizadas por Llad\u00f3 Grup Consultor en www.lladogrup.com\" \/>\n<meta property=\"og:url\" content=\"https:\/\/lladogrup.com\/es\/agenda\/\" \/>\n<meta property=\"og:site_name\" content=\"Llad\u00f3 Grup\" \/>\n<meta property=\"article:modified_time\" content=\"2025-08-07T16:28:47+00:00\" \/>\n<meta name=\"twitter:card\" content=\"summary_large_image\" \/>\n<meta name=\"twitter:label1\" content=\"Tiempo de lectura\" \/>\n\t<meta name=\"twitter:data1\" content=\"1 minuto\" \/>\n<script type=\"application\/ld+json\" class=\"yoast-schema-graph\">{\"@context\":\"https:\\\/\\\/schema.org\",\"@graph\":[{\"@type\":\"WebPage\",\"@id\":\"https:\\\/\\\/lladogrup.com\\\/es\\\/agenda\\\/\",\"url\":\"https:\\\/\\\/lladogrup.com\\\/es\\\/agenda\\\/\",\"name\":\"Agenda -Llad\u00f3 Grup Consultor-\",\"isPartOf\":{\"@id\":\"https:\\\/\\\/lladogrup.com\\\/#website\"},\"datePublished\":\"2021-09-21T09:46:36+00:00\",\"dateModified\":\"2025-08-07T16:28:47+00:00\",\"description\":\"Te informamos de la programaci\u00f3n de los diferentes webinars, cursos y jornadas organizadas por Llad\u00f3 Grup Consultor en www.lladogrup.com\",\"breadcrumb\":{\"@id\":\"https:\\\/\\\/lladogrup.com\\\/es\\\/agenda\\\/#breadcrumb\"},\"inLanguage\":\"es\",\"potentialAction\":[{\"@type\":\"ReadAction\",\"target\":[\"https:\\\/\\\/lladogrup.com\\\/es\\\/agenda\\\/\"]}]},{\"@type\":\"BreadcrumbList\",\"@id\":\"https:\\\/\\\/lladogrup.com\\\/es\\\/agenda\\\/#breadcrumb\",\"itemListElement\":[{\"@type\":\"ListItem\",\"position\":1,\"name\":\"Portada\",\"item\":\"https:\\\/\\\/lladogrup.com\\\/es\\\/\"},{\"@type\":\"ListItem\",\"position\":2,\"name\":\"Agenda\"}]},{\"@type\":\"WebSite\",\"@id\":\"https:\\\/\\\/lladogrup.com\\\/#website\",\"url\":\"https:\\\/\\\/lladogrup.com\\\/\",\"name\":\"Llad\u00f3 Grup\",\"description\":\"Consultoria i gestoria\",\"potentialAction\":[{\"@type\":\"SearchAction\",\"target\":{\"@type\":\"EntryPoint\",\"urlTemplate\":\"https:\\\/\\\/lladogrup.com\\\/?s={search_term_string}\"},\"query-input\":{\"@type\":\"PropertyValueSpecification\",\"valueRequired\":true,\"valueName\":\"search_term_string\"}}],\"inLanguage\":\"es\"}]}<\/script>\n<!-- \/ Yoast SEO plugin. -->","yoast_head_json":{"title":"Agenda -Llad\u00f3 Grup Consultor-","description":"Te informamos de la programaci\u00f3n de los diferentes webinars, cursos y jornadas organizadas por Llad\u00f3 Grup Consultor en www.lladogrup.com","robots":{"index":"index","follow":"follow","max-snippet":"max-snippet:-1","max-image-preview":"max-image-preview:large","max-video-preview":"max-video-preview:-1"},"canonical":"https:\/\/lladogrup.com\/es\/agenda\/","og_locale":"es_ES","og_type":"article","og_title":"Agenda -Llad\u00f3 Grup Consultor-","og_description":"Te informamos de la programaci\u00f3n de los diferentes webinars, cursos y jornadas organizadas por Llad\u00f3 Grup Consultor en www.lladogrup.com","og_url":"https:\/\/lladogrup.com\/es\/agenda\/","og_site_name":"Llad\u00f3 Grup","article_modified_time":"2025-08-07T16:28:47+00:00","twitter_card":"summary_large_image","twitter_misc":{"Tiempo de lectura":"1 minuto"},"schema":{"@context":"https:\/\/schema.org","@graph":[{"@type":"WebPage","@id":"https:\/\/lladogrup.com\/es\/agenda\/","url":"https:\/\/lladogrup.com\/es\/agenda\/","name":"Agenda -Llad\u00f3 Grup Consultor-","isPartOf":{"@id":"https:\/\/lladogrup.com\/#website"},"datePublished":"2021-09-21T09:46:36+00:00","dateModified":"2025-08-07T16:28:47+00:00","description":"Te informamos de la programaci\u00f3n de los diferentes webinars, cursos y jornadas organizadas por Llad\u00f3 Grup Consultor en www.lladogrup.com","breadcrumb":{"@id":"https:\/\/lladogrup.com\/es\/agenda\/#breadcrumb"},"inLanguage":"es","potentialAction":[{"@type":"ReadAction","target":["https:\/\/lladogrup.com\/es\/agenda\/"]}]},{"@type":"BreadcrumbList","@id":"https:\/\/lladogrup.com\/es\/agenda\/#breadcrumb","itemListElement":[{"@type":"ListItem","position":1,"name":"Portada","item":"https:\/\/lladogrup.com\/es\/"},{"@type":"ListItem","position":2,"name":"Agenda"}]},{"@type":"WebSite","@id":"https:\/\/lladogrup.com\/#website","url":"https:\/\/lladogrup.com\/","name":"Llad\u00f3 Grup","description":"Consultoria i gestoria","potentialAction":[{"@type":"SearchAction","target":{"@type":"EntryPoint","urlTemplate":"https:\/\/lladogrup.com\/?s={search_term_string}"},"query-input":{"@type":"PropertyValueSpecification","valueRequired":true,"valueName":"search_term_string"}}],"inLanguage":"es"}]}},"_links":{"self":[{"href":"https:\/\/lladogrup.com\/es\/wp-json\/wp\/v2\/pages\/60707","targetHints":{"allow":["GET"]}}],"collection":[{"href":"https:\/\/lladogrup.com\/es\/wp-json\/wp\/v2\/pages"}],"about":[{"href":"https:\/\/lladogrup.com\/es\/wp-json\/wp\/v2\/types\/page"}],"author":[{"embeddable":true,"href":"https:\/\/lladogrup.com\/es\/wp-json\/wp\/v2\/users\/1"}],"replies":[{"embeddable":true,"href":"https:\/\/lladogrup.com\/es\/wp-json\/wp\/v2\/comments?post=60707"}],"version-history":[{"count":2,"href":"https:\/\/lladogrup.com\/es\/wp-json\/wp\/v2\/pages\/60707\/revisions"}],"predecessor-version":[{"id":60713,"href":"https:\/\/lladogrup.com\/es\/wp-json\/wp\/v2\/pages\/60707\/revisions\/60713"}],"wp:attachment":[{"href":"https:\/\/lladogrup.com\/es\/wp-json\/wp\/v2\/media?parent=60707"}],"curies":[{"name":"wp","href":"https:\/\/api.w.org\/{rel}","templated":true}]}}