{"id":59749,"date":"2021-09-09T07:04:31","date_gmt":"2021-09-09T07:04:31","guid":{"rendered":"https:\/\/pre.lladogrup.com\/?page_id=59749"},"modified":"2021-09-09T07:04:32","modified_gmt":"2021-09-09T07:04:32","slug":"dudas-y-medidas-testamentos-ante-el-coronavirus","status":"publish","type":"page","link":"https:\/\/lladogrup.com\/es\/landing\/coronavirus\/dudas-y-medidas-testamentos-ante-el-coronavirus\/","title":{"rendered":"Dudas y Medidas Testamentos ante el Coronavirus"},"content":{"rendered":"<div class=\"wpb-content-wrapper\"><p>[vc_row bg_type=\u00bbimage\u00bb parallax_style=\u00bbvcpb-default\u00bb bg_image_new=\u00bbid^59754|url^http:\/\/pre.lladogrup.com\/wp-content\/uploads\/2021\/09\/MesuresTestamentsCovid19-1140&#215;353-1.jpeg|caption^null|alt^null|title^MesuresTestamentsCovid19-1140&#215;353-1|description^null\u00bb bg_image_repeat=\u00bbno-repeat\u00bb bg_override=\u00bbex-full\u00bb enable_overlay=\u00bbenable_overlay_value\u00bb overlay_color=\u00bbrgba(0,0,0,0.5)\u00bb overlay_pattern=\u00bbtransperant\u00bb overlay_pattern_opacity=\u00bb25&#8243; type=\u00bbvc_default\u00bb margin_top=\u00bb-50&#8243; css=\u00bb.vc_custom_1631171010981{padding-top: 10% !important;padding-bottom: 10% !important;background-color: #000000 !important;}\u00bb][vc_column offset=\u00bbvc_col-lg-12 vc_col-md-12&#8243; css=\u00bb.vc_custom_1476030031960{padding-bottom: 10px !important;}\u00bb]<div id=\"ultimate-heading-680069e21226ca49d\" class=\"uvc-heading ult-adjust-bottom-margin ultimate-heading-680069e21226ca49d uvc-1782 accent-title-color\" data-hspacer=\"no_spacer\"  data-halign=\"center\" style=\"text-align:center\"><div class=\"uvc-heading-spacer no_spacer\" style=\"top\"><\/div><div class=\"uvc-main-heading ult-responsive\"  data-ultimate-target='.uvc-heading.ultimate-heading-680069e21226ca49d h2'  data-responsive-json-new='{\"font-size\":\"desktop:34px;mobile_landscape:22px;mobile:22px;\",\"line-height\":\"desktop:46px;mobile_landscape:32px;mobile:32px;\"}' ><h2 style=\"font-family:&#039;Fira Sans&#039;;font-weight:normal;font-style:normal;color:#ffffff;\">Comunicado Llad\u00f3 Grup Consultor<\/h2><\/div><div class=\"uvc-sub-heading ult-responsive\"  data-ultimate-target='.uvc-heading.ultimate-heading-680069e21226ca49d .uvc-sub-heading '  data-responsive-json-new='{\"font-size\":\"desktop:58px;mobile_landscape:38px;mobile:30px;\",\"line-height\":\"desktop:68px;mobile_landscape:48px;mobile:40px;\"}'  style=\"font-family:&#039;Fira Sans Condensed&#039;;font-weight:700;color:#ffffff;margin-top:10px;margin-bottom:20px;\"><\/p>\n<p class=\"av-special-heading-tag \"><span style=\"color: #ffffff;\">Dudas y Medidas Testamentos ante el COVID-19<\/span><\/p>\n<p><\/div><\/div>[\/vc_column][\/vc_row][vc_row content_placement=\u00bbmiddle\u00bb css=\u00bb.vc_custom_1580733807485{padding-top: 70px !important;padding-bottom: 20px !important;}\u00bb][vc_column]<div id=\"ultimate-heading-899469e21226ca5a1\" class=\"uvc-heading ult-adjust-bottom-margin ultimate-heading-899469e21226ca5a1 uvc-2768  uvc-heading-default-font-sizes\" data-hspacer=\"no_spacer\"  data-halign=\"center\" style=\"text-align:center\"><div class=\"uvc-heading-spacer no_spacer\" style=\"top\"><\/div><div class=\"uvc-main-heading ult-responsive\"  data-ultimate-target='.uvc-heading.ultimate-heading-899469e21226ca5a1 h3'  data-responsive-json-new='{\"font-size\":\"\",\"line-height\":\"\"}' ><h3 style=\"font-weight:bold;margin-bottom:15px;\">Dudas y Medidas Testamentos ante el COVID-19<\/h3><\/div><\/div>[vc_empty_space][vc_column_text]<\/p>\n<div class=\"flex_column av_one_full flex_column_div av-zero-column-padding first avia-builder-el-4 el_after_av_one_full el_before_av_textblock column-top-margin\">\n<section class=\"av_textblock_section \">\n<div class=\"avia_textblock \">\n<h4>Hacer testamento en \u00e9poca de epidemia<\/h4>\n<p>En situaciones de excepcionalidad como la actual provocada por el\u00a0<strong>Covid-19<\/strong>, nos podemos encontrar ante la necesidad urgente de otorgar testamento. Hay diferentes formas de poder hacer testamento a saber:<\/p>\n<ul>\n<li><strong>Testamento ante Notario<\/strong>. Si bien el confinamiento nos obliga a quedarnos en casa y solo permite salir para cuestiones b\u00e1sicas, es tambi\u00e9n cierto que las Notar\u00edas no han cerrado sus puertas sino que est\u00e1n habilitados, exclusivamente, para asuntos de urgencia. El otorgamiento de un testamento ante una posible inminente defunci\u00f3n es una de las causas que permite al Notario otorgar una escritura.<\/li>\n<\/ul>\n<ul>\n<li><strong>Testamento ol\u00f3grafo<\/strong>, art\u00edculo 688 del C\u00f3digo Civil y art\u00edculo 421-17 Llibre IV del Codi Civil de Catalunya: Es aquel testamento que el testador hace de su propio pu\u00f1o y letra, ha de ser mayor de edad, habr\u00e1 que indicar a\u00f1o, mes y d\u00eda en que se otorgue. Si contuviese palabras tachadas, enmendadas o entre renglones el testador habr\u00e1 que incluir una nota tras la firma de su validez. La persona que quede en su dep\u00f3sito, a la defunci\u00f3n del testador, deber\u00e1 presentarlo ante el Juez del \u00faltimo domicilio del testador o el de su defunci\u00f3n, desde que tenga noticia de la muerte del testador en el plazo de 10 d\u00edas y hasta un plazo m\u00e1ximo de 5 a\u00f1os.<\/li>\n<\/ul>\n<ul>\n<li>\uf0fc Finalmente, es posible hacer\u00a0<strong>testamento v\u00e1lido en pleno confinamiento y sin acudir al notario<\/strong>. As\u00ed lo permite el art\u00edculo 701 del C\u00f3digo Civil (CC), que prev\u00e9 que, \u201cen caso de epidemia, puede otorgarse el testamento sin intervenci\u00f3n de notario ante tres testigos mayores de 16 a\u00f1os\u201d.<\/li>\n<\/ul>\n<p>Nuestro equipo de profesionales y toda la organizaci\u00f3n de\u00a0<a href=\"https:\/\/www.lladogrup.com\/\" target=\"_blank\" rel=\"noopener noreferrer\">LLAD\u00d3 GRUP CONSULTOR\u00a0<\/a>\u00a0 estamos preparados para afrontar esta situaci\u00f3n excepcional y darle todo el asesoramiento y acompa\u00f1amiento que necesite en relaci\u00f3n a la situaci\u00f3n actual.<\/p>\n<p>Agradecemos como siempre la confianza depositada en nuestros equipos de profesionales.<\/p>\n<p>Recordarle que en nuestra web\u00a0<a href=\"https:\/\/www.lladogrup.com\/\" target=\"_blank\" rel=\"noopener noreferrer\">www.lladogrup.com<\/a>\u00a0iremos actualizando toda la informaci\u00f3n relevante sobre el\u00a0COVID-19.<\/p>\n<\/div>\n<\/section>\n<\/div>\n<p>[\/vc_column_text][\/vc_column][\/vc_row][vc_row css=\u00bb.vc_custom_1631163062106{margin-bottom: 40px !important;}\u00bb][vc_column]<style type=\"text\/css\" data-type=\"the7_shortcodes-inline-css\">#default-btn-c2d7d0babfe686e14b823751d9141348.ico-right-side > i {\n  margin-right: 0px;\n  margin-left: 8px;\n}\n#default-btn-c2d7d0babfe686e14b823751d9141348 > i {\n  margin-right: 8px;\n}<\/style><div class=\"btn-align-center\"><a href=\"https:\/\/www.lladogrup.com\/contacte\/\" class=\"default-btn-shortcode dt-btn dt-btn-l link-hover-off \" target=\"_blank\" id=\"default-btn-c2d7d0babfe686e14b823751d9141348\" rel=\"noopener\"><span>Tens alg\u00fan dubte? Contacta amb nosaltres<\/span><\/a><\/div>[\/vc_column][\/vc_row]<\/p>\n<\/div>","protected":false},"excerpt":{"rendered":"<p>[vc_row bg_type=\u00bbimage\u00bb parallax_style=\u00bbvcpb-default\u00bb bg_image_new=\u00bbid^59754|url^http:\/\/pre.lladogrup.com\/wp-content\/uploads\/2021\/09\/MesuresTestamentsCovid19-1140&#215;353-1.jpeg|caption^null|alt^null|title^MesuresTestamentsCovid19-1140&#215;353-1|description^null\u00bb bg_image_repeat=\u00bbno-repeat\u00bb bg_override=\u00bbex-full\u00bb enable_overlay=\u00bbenable_overlay_value\u00bb overlay_color=\u00bbrgba(0,0,0,0.5)\u00bb overlay_pattern=\u00bbtransperant\u00bb overlay_pattern_opacity=\u00bb25&#8243; type=\u00bbvc_default\u00bb margin_top=\u00bb-50&#8243; css=\u00bb.vc_custom_1631171010981{padding-top: 10% !important;padding-bottom: 10% !important;background-color: #000000 !important;}\u00bb][vc_column offset=\u00bbvc_col-lg-12 vc_col-md-12&#8243; css=\u00bb.vc_custom_1476030031960{padding-bottom: 10px !important;}\u00bb][\/vc_column][\/vc_row][vc_row content_placement=\u00bbmiddle\u00bb css=\u00bb.vc_custom_1580733807485{padding-top: 70px !important;padding-bottom: 20px !important;}\u00bb][vc_column][vc_empty_space][vc_column_text] Hacer testamento en \u00e9poca de epidemia En situaciones de excepcionalidad como la actual provocada por el\u00a0Covid-19, nos podemos encontrar ante la necesidad urgente de otorgar&hellip;<\/p>\n","protected":false},"author":1,"featured_media":59756,"parent":59500,"menu_order":10,"comment_status":"closed","ping_status":"closed","template":"","meta":{"_joinchat":[],"footnotes":""},"class_list":["post-59749","page","type-page","status-publish","has-post-thumbnail","hentry","description-off"],"yoast_head":"<!-- This site is optimized with the Yoast SEO plugin v27.3 - https:\/\/yoast.com\/product\/yoast-seo-wordpress\/ -->\n<title>Dudas y Medidas Testamentos ante el Coronavirus - Llad\u00f3 Grup<\/title>\n<meta name=\"robots\" content=\"index, follow, max-snippet:-1, max-image-preview:large, max-video-preview:-1\" \/>\n<link rel=\"canonical\" href=\"https:\/\/lladogrup.com\/es\/landing\/coronavirus\/dudas-y-medidas-testamentos-ante-el-coronavirus\/\" \/>\n<meta property=\"og:locale\" content=\"es_ES\" \/>\n<meta property=\"og:type\" content=\"article\" \/>\n<meta property=\"og:title\" content=\"Dudas y Medidas Testamentos ante el Coronavirus - Llad\u00f3 Grup\" \/>\n<meta property=\"og:description\" content=\"[vc_row bg_type=\u00bbimage\u00bb parallax_style=\u00bbvcpb-default\u00bb bg_image_new=\u00bbid^59754|url^http:\/\/pre.lladogrup.com\/wp-content\/uploads\/2021\/09\/MesuresTestamentsCovid19-1140&#215;353-1.jpeg|caption^null|alt^null|title^MesuresTestamentsCovid19-1140&#215;353-1|description^null\u00bb bg_image_repeat=\u00bbno-repeat\u00bb bg_override=\u00bbex-full\u00bb enable_overlay=\u00bbenable_overlay_value\u00bb overlay_color=\u00bbrgba(0,0,0,0.5)\u00bb overlay_pattern=\u00bbtransperant\u00bb overlay_pattern_opacity=\u00bb25&#8243; type=\u00bbvc_default\u00bb margin_top=\u00bb-50&#8243; css=\u00bb.vc_custom_1631171010981{padding-top: 10% !important;padding-bottom: 10% !important;background-color: #000000 !important;}\u00bb][vc_column offset=\u00bbvc_col-lg-12 vc_col-md-12&#8243; css=\u00bb.vc_custom_1476030031960{padding-bottom: 10px !important;}\u00bb][\/vc_column][\/vc_row][vc_row content_placement=\u00bbmiddle\u00bb css=\u00bb.vc_custom_1580733807485{padding-top: 70px !important;padding-bottom: 20px !important;}\u00bb][vc_column][vc_empty_space][vc_column_text] Hacer testamento en \u00e9poca de epidemia En situaciones de excepcionalidad como la actual provocada por el\u00a0Covid-19, nos podemos encontrar ante la necesidad urgente de otorgar&hellip;\" \/>\n<meta property=\"og:url\" content=\"https:\/\/lladogrup.com\/es\/landing\/coronavirus\/dudas-y-medidas-testamentos-ante-el-coronavirus\/\" \/>\n<meta property=\"og:site_name\" content=\"Llad\u00f3 Grup\" \/>\n<meta property=\"article:modified_time\" content=\"2021-09-09T07:04:32+00:00\" \/>\n<meta property=\"og:image\" content=\"https:\/\/lladogrup.com\/wp-content\/uploads\/2021\/09\/TestamentosCOVID19-270x290esp.jpeg\" \/>\n\t<meta property=\"og:image:width\" content=\"270\" \/>\n\t<meta property=\"og:image:height\" content=\"290\" \/>\n\t<meta property=\"og:image:type\" content=\"image\/jpeg\" \/>\n<meta name=\"twitter:card\" content=\"summary_large_image\" \/>\n<meta name=\"twitter:label1\" content=\"Tiempo de lectura\" \/>\n\t<meta name=\"twitter:data1\" content=\"2 minutos\" \/>\n<script type=\"application\/ld+json\" class=\"yoast-schema-graph\">{\"@context\":\"https:\\\/\\\/schema.org\",\"@graph\":[{\"@type\":\"WebPage\",\"@id\":\"https:\\\/\\\/lladogrup.com\\\/es\\\/landing\\\/coronavirus\\\/dudas-y-medidas-testamentos-ante-el-coronavirus\\\/\",\"url\":\"https:\\\/\\\/lladogrup.com\\\/es\\\/landing\\\/coronavirus\\\/dudas-y-medidas-testamentos-ante-el-coronavirus\\\/\",\"name\":\"Dudas y Medidas Testamentos ante el Coronavirus - Llad\u00f3 Grup\",\"isPartOf\":{\"@id\":\"https:\\\/\\\/lladogrup.com\\\/#website\"},\"primaryImageOfPage\":{\"@id\":\"https:\\\/\\\/lladogrup.com\\\/es\\\/landing\\\/coronavirus\\\/dudas-y-medidas-testamentos-ante-el-coronavirus\\\/#primaryimage\"},\"image\":{\"@id\":\"https:\\\/\\\/lladogrup.com\\\/es\\\/landing\\\/coronavirus\\\/dudas-y-medidas-testamentos-ante-el-coronavirus\\\/#primaryimage\"},\"thumbnailUrl\":\"https:\\\/\\\/lladogrup.com\\\/wp-content\\\/uploads\\\/2021\\\/09\\\/TestamentosCOVID19-270x290esp.jpeg\",\"datePublished\":\"2021-09-09T07:04:31+00:00\",\"dateModified\":\"2021-09-09T07:04:32+00:00\",\"breadcrumb\":{\"@id\":\"https:\\\/\\\/lladogrup.com\\\/es\\\/landing\\\/coronavirus\\\/dudas-y-medidas-testamentos-ante-el-coronavirus\\\/#breadcrumb\"},\"inLanguage\":\"es\",\"potentialAction\":[{\"@type\":\"ReadAction\",\"target\":[\"https:\\\/\\\/lladogrup.com\\\/es\\\/landing\\\/coronavirus\\\/dudas-y-medidas-testamentos-ante-el-coronavirus\\\/\"]}]},{\"@type\":\"ImageObject\",\"inLanguage\":\"es\",\"@id\":\"https:\\\/\\\/lladogrup.com\\\/es\\\/landing\\\/coronavirus\\\/dudas-y-medidas-testamentos-ante-el-coronavirus\\\/#primaryimage\",\"url\":\"https:\\\/\\\/lladogrup.com\\\/wp-content\\\/uploads\\\/2021\\\/09\\\/TestamentosCOVID19-270x290esp.jpeg\",\"contentUrl\":\"https:\\\/\\\/lladogrup.com\\\/wp-content\\\/uploads\\\/2021\\\/09\\\/TestamentosCOVID19-270x290esp.jpeg\",\"width\":270,\"height\":290},{\"@type\":\"BreadcrumbList\",\"@id\":\"https:\\\/\\\/lladogrup.com\\\/es\\\/landing\\\/coronavirus\\\/dudas-y-medidas-testamentos-ante-el-coronavirus\\\/#breadcrumb\",\"itemListElement\":[{\"@type\":\"ListItem\",\"position\":1,\"name\":\"Portada\",\"item\":\"https:\\\/\\\/lladogrup.com\\\/es\\\/\"},{\"@type\":\"ListItem\",\"position\":2,\"name\":\"Landing\",\"item\":\"https:\\\/\\\/lladogrup.com\\\/es\\\/landing\\\/\"},{\"@type\":\"ListItem\",\"position\":3,\"name\":\"Coronavirus\",\"item\":\"https:\\\/\\\/lladogrup.com\\\/es\\\/landing\\\/coronavirus\\\/\"},{\"@type\":\"ListItem\",\"position\":4,\"name\":\"Dudas y Medidas Testamentos ante el Coronavirus\"}]},{\"@type\":\"WebSite\",\"@id\":\"https:\\\/\\\/lladogrup.com\\\/#website\",\"url\":\"https:\\\/\\\/lladogrup.com\\\/\",\"name\":\"Llad\u00f3 Grup\",\"description\":\"Consultoria i gestoria\",\"potentialAction\":[{\"@type\":\"SearchAction\",\"target\":{\"@type\":\"EntryPoint\",\"urlTemplate\":\"https:\\\/\\\/lladogrup.com\\\/?s={search_term_string}\"},\"query-input\":{\"@type\":\"PropertyValueSpecification\",\"valueRequired\":true,\"valueName\":\"search_term_string\"}}],\"inLanguage\":\"es\"}]}<\/script>\n<!-- \/ Yoast SEO plugin. -->","yoast_head_json":{"title":"Dudas y Medidas Testamentos ante el Coronavirus - Llad\u00f3 Grup","robots":{"index":"index","follow":"follow","max-snippet":"max-snippet:-1","max-image-preview":"max-image-preview:large","max-video-preview":"max-video-preview:-1"},"canonical":"https:\/\/lladogrup.com\/es\/landing\/coronavirus\/dudas-y-medidas-testamentos-ante-el-coronavirus\/","og_locale":"es_ES","og_type":"article","og_title":"Dudas y Medidas Testamentos ante el Coronavirus - Llad\u00f3 Grup","og_description":"[vc_row bg_type=\u00bbimage\u00bb parallax_style=\u00bbvcpb-default\u00bb bg_image_new=\u00bbid^59754|url^http:\/\/pre.lladogrup.com\/wp-content\/uploads\/2021\/09\/MesuresTestamentsCovid19-1140&#215;353-1.jpeg|caption^null|alt^null|title^MesuresTestamentsCovid19-1140&#215;353-1|description^null\u00bb bg_image_repeat=\u00bbno-repeat\u00bb bg_override=\u00bbex-full\u00bb enable_overlay=\u00bbenable_overlay_value\u00bb overlay_color=\u00bbrgba(0,0,0,0.5)\u00bb overlay_pattern=\u00bbtransperant\u00bb overlay_pattern_opacity=\u00bb25&#8243; type=\u00bbvc_default\u00bb margin_top=\u00bb-50&#8243; css=\u00bb.vc_custom_1631171010981{padding-top: 10% !important;padding-bottom: 10% !important;background-color: #000000 !important;}\u00bb][vc_column offset=\u00bbvc_col-lg-12 vc_col-md-12&#8243; css=\u00bb.vc_custom_1476030031960{padding-bottom: 10px !important;}\u00bb][\/vc_column][\/vc_row][vc_row content_placement=\u00bbmiddle\u00bb css=\u00bb.vc_custom_1580733807485{padding-top: 70px !important;padding-bottom: 20px !important;}\u00bb][vc_column][vc_empty_space][vc_column_text] Hacer testamento en \u00e9poca de epidemia En situaciones de excepcionalidad como la actual provocada por el\u00a0Covid-19, nos podemos encontrar ante la necesidad urgente de otorgar&hellip;","og_url":"https:\/\/lladogrup.com\/es\/landing\/coronavirus\/dudas-y-medidas-testamentos-ante-el-coronavirus\/","og_site_name":"Llad\u00f3 Grup","article_modified_time":"2021-09-09T07:04:32+00:00","og_image":[{"width":270,"height":290,"url":"https:\/\/lladogrup.com\/wp-content\/uploads\/2021\/09\/TestamentosCOVID19-270x290esp.jpeg","type":"image\/jpeg"}],"twitter_card":"summary_large_image","twitter_misc":{"Tiempo de lectura":"2 minutos"},"schema":{"@context":"https:\/\/schema.org","@graph":[{"@type":"WebPage","@id":"https:\/\/lladogrup.com\/es\/landing\/coronavirus\/dudas-y-medidas-testamentos-ante-el-coronavirus\/","url":"https:\/\/lladogrup.com\/es\/landing\/coronavirus\/dudas-y-medidas-testamentos-ante-el-coronavirus\/","name":"Dudas y Medidas Testamentos ante el Coronavirus - Llad\u00f3 Grup","isPartOf":{"@id":"https:\/\/lladogrup.com\/#website"},"primaryImageOfPage":{"@id":"https:\/\/lladogrup.com\/es\/landing\/coronavirus\/dudas-y-medidas-testamentos-ante-el-coronavirus\/#primaryimage"},"image":{"@id":"https:\/\/lladogrup.com\/es\/landing\/coronavirus\/dudas-y-medidas-testamentos-ante-el-coronavirus\/#primaryimage"},"thumbnailUrl":"https:\/\/lladogrup.com\/wp-content\/uploads\/2021\/09\/TestamentosCOVID19-270x290esp.jpeg","datePublished":"2021-09-09T07:04:31+00:00","dateModified":"2021-09-09T07:04:32+00:00","breadcrumb":{"@id":"https:\/\/lladogrup.com\/es\/landing\/coronavirus\/dudas-y-medidas-testamentos-ante-el-coronavirus\/#breadcrumb"},"inLanguage":"es","potentialAction":[{"@type":"ReadAction","target":["https:\/\/lladogrup.com\/es\/landing\/coronavirus\/dudas-y-medidas-testamentos-ante-el-coronavirus\/"]}]},{"@type":"ImageObject","inLanguage":"es","@id":"https:\/\/lladogrup.com\/es\/landing\/coronavirus\/dudas-y-medidas-testamentos-ante-el-coronavirus\/#primaryimage","url":"https:\/\/lladogrup.com\/wp-content\/uploads\/2021\/09\/TestamentosCOVID19-270x290esp.jpeg","contentUrl":"https:\/\/lladogrup.com\/wp-content\/uploads\/2021\/09\/TestamentosCOVID19-270x290esp.jpeg","width":270,"height":290},{"@type":"BreadcrumbList","@id":"https:\/\/lladogrup.com\/es\/landing\/coronavirus\/dudas-y-medidas-testamentos-ante-el-coronavirus\/#breadcrumb","itemListElement":[{"@type":"ListItem","position":1,"name":"Portada","item":"https:\/\/lladogrup.com\/es\/"},{"@type":"ListItem","position":2,"name":"Landing","item":"https:\/\/lladogrup.com\/es\/landing\/"},{"@type":"ListItem","position":3,"name":"Coronavirus","item":"https:\/\/lladogrup.com\/es\/landing\/coronavirus\/"},{"@type":"ListItem","position":4,"name":"Dudas y Medidas Testamentos ante el Coronavirus"}]},{"@type":"WebSite","@id":"https:\/\/lladogrup.com\/#website","url":"https:\/\/lladogrup.com\/","name":"Llad\u00f3 Grup","description":"Consultoria i gestoria","potentialAction":[{"@type":"SearchAction","target":{"@type":"EntryPoint","urlTemplate":"https:\/\/lladogrup.com\/?s={search_term_string}"},"query-input":{"@type":"PropertyValueSpecification","valueRequired":true,"valueName":"search_term_string"}}],"inLanguage":"es"}]}},"_links":{"self":[{"href":"https:\/\/lladogrup.com\/es\/wp-json\/wp\/v2\/pages\/59749","targetHints":{"allow":["GET"]}}],"collection":[{"href":"https:\/\/lladogrup.com\/es\/wp-json\/wp\/v2\/pages"}],"about":[{"href":"https:\/\/lladogrup.com\/es\/wp-json\/wp\/v2\/types\/page"}],"author":[{"embeddable":true,"href":"https:\/\/lladogrup.com\/es\/wp-json\/wp\/v2\/users\/1"}],"replies":[{"embeddable":true,"href":"https:\/\/lladogrup.com\/es\/wp-json\/wp\/v2\/comments?post=59749"}],"version-history":[{"count":2,"href":"https:\/\/lladogrup.com\/es\/wp-json\/wp\/v2\/pages\/59749\/revisions"}],"predecessor-version":[{"id":59758,"href":"https:\/\/lladogrup.com\/es\/wp-json\/wp\/v2\/pages\/59749\/revisions\/59758"}],"up":[{"embeddable":true,"href":"https:\/\/lladogrup.com\/es\/wp-json\/wp\/v2\/pages\/59500"}],"wp:featuredmedia":[{"embeddable":true,"href":"https:\/\/lladogrup.com\/es\/wp-json\/wp\/v2\/media\/59756"}],"wp:attachment":[{"href":"https:\/\/lladogrup.com\/es\/wp-json\/wp\/v2\/media?parent=59749"}],"curies":[{"name":"wp","href":"https:\/\/api.w.org\/{rel}","templated":true}]}}