{"id":59734,"date":"2021-09-09T06:56:50","date_gmt":"2021-09-09T06:56:50","guid":{"rendered":"https:\/\/pre.lladogrup.com\/?page_id=59734"},"modified":"2021-09-09T06:58:12","modified_gmt":"2021-09-09T06:58:12","slug":"dudas-y-medidas-proteccion-datos-coronavirus","status":"publish","type":"page","link":"https:\/\/lladogrup.com\/es\/landing\/coronavirus\/dudas-y-medidas-proteccion-datos-coronavirus\/","title":{"rendered":"Dudas y Medidas Protecci\u00f3n Datos Coronavirus"},"content":{"rendered":"<div class=\"wpb-content-wrapper\"><p>[vc_row bg_type=\u00bbimage\u00bb parallax_style=\u00bbvcpb-default\u00bb bg_image_new=\u00bbid^59736|url^http:\/\/pre.lladogrup.com\/wp-content\/uploads\/2021\/09\/ProteccioDadesCovid19-1140&#215;353-1.jpeg|caption^null|alt^null|title^ProteccioDadesCovid19-1140&#215;353-1|description^null\u00bb bg_image_repeat=\u00bbno-repeat\u00bb bg_override=\u00bbex-full\u00bb enable_overlay=\u00bbenable_overlay_value\u00bb overlay_color=\u00bbrgba(0,0,0,0.5)\u00bb overlay_pattern=\u00bbtransperant\u00bb overlay_pattern_opacity=\u00bb25&#8243; type=\u00bbvc_default\u00bb margin_top=\u00bb-50&#8243; css=\u00bb.vc_custom_1631170333514{padding-top: 10% !important;padding-bottom: 10% !important;background-color: #000000 !important;}\u00bb][vc_column offset=\u00bbvc_col-lg-12 vc_col-md-12&#8243; css=\u00bb.vc_custom_1476030031960{padding-bottom: 10px !important;}\u00bb]<div id=\"ultimate-heading-715769e186c1bc69b\" class=\"uvc-heading ult-adjust-bottom-margin ultimate-heading-715769e186c1bc69b uvc-3152 accent-title-color\" data-hspacer=\"no_spacer\"  data-halign=\"center\" style=\"text-align:center\"><div class=\"uvc-heading-spacer no_spacer\" style=\"top\"><\/div><div class=\"uvc-main-heading ult-responsive\"  data-ultimate-target='.uvc-heading.ultimate-heading-715769e186c1bc69b h2'  data-responsive-json-new='{\"font-size\":\"desktop:34px;mobile_landscape:22px;mobile:22px;\",\"line-height\":\"desktop:46px;mobile_landscape:32px;mobile:32px;\"}' ><h2 style=\"font-family:&#039;Fira Sans&#039;;font-weight:normal;font-style:normal;color:#ffffff;\">Comunicado Llad\u00f3 Grup Consultor<\/h2><\/div><div class=\"uvc-sub-heading ult-responsive\"  data-ultimate-target='.uvc-heading.ultimate-heading-715769e186c1bc69b .uvc-sub-heading '  data-responsive-json-new='{\"font-size\":\"desktop:58px;mobile_landscape:38px;mobile:30px;\",\"line-height\":\"desktop:68px;mobile_landscape:48px;mobile:40px;\"}'  style=\"font-family:&#039;Fira Sans Condensed&#039;;font-weight:700;color:#ffffff;margin-top:10px;margin-bottom:20px;\"><\/p>\n<p class=\"av-special-heading-tag \"><span style=\"color: #ffffff;\">Dudas y Medidas en el tratamiento de Datos Personales ante el COVID-19<\/span><\/p>\n<div class=\"special-heading-border\"><\/div>\n<div class=\"special-heading-border\"><\/div>\n<p><\/div><\/div>[\/vc_column][\/vc_row][vc_row content_placement=\u00bbmiddle\u00bb css=\u00bb.vc_custom_1580733807485{padding-top: 70px !important;padding-bottom: 20px !important;}\u00bb][vc_column]<div id=\"ultimate-heading-970469e186c1bc76b\" class=\"uvc-heading ult-adjust-bottom-margin ultimate-heading-970469e186c1bc76b uvc-7158  uvc-heading-default-font-sizes\" data-hspacer=\"no_spacer\"  data-halign=\"center\" style=\"text-align:center\"><div class=\"uvc-heading-spacer no_spacer\" style=\"top\"><\/div><div class=\"uvc-main-heading ult-responsive\"  data-ultimate-target='.uvc-heading.ultimate-heading-970469e186c1bc76b h3'  data-responsive-json-new='{\"font-size\":\"\",\"line-height\":\"\"}' ><h3 style=\"font-weight:bold;margin-bottom:15px;\">Dudas y Medidas en el tratamiento de Datos Personales ante el COVID-19<\/h3><\/div><\/div>[vc_empty_space][vc_column_text]<\/p>\n<div class=\"flex_column av_one_full flex_column_div av-zero-column-padding first avia-builder-el-4 el_after_av_one_full el_before_av_textblock column-top-margin\">\n<section class=\"av_textblock_section \">\n<div class=\"avia_textblock \">\n<p>Reproducimos \u00edntegramente las FAQ\u2019s que ha publicado la Agencia Espa\u00f1ola de Protecci\u00f3n de Datos relativa al tratamiento, por parte de las empresas, de datos de salud de empleados, visitas\u2026<\/p>\n<h4>\u00bfPueden los empresarios tratar la informaci\u00f3n de si las personas trabajadoras est\u00e1n infectadas del coronavirus?<\/h4>\n<p>En aplicaci\u00f3n del que se establece en la normativa sanitaria, laboral y, en particular, de prevenci\u00f3n de riesgos laborales, los empleadores podr\u00e1n tratar, de acuerdo con esta normativa y con las garant\u00edas que establecen, los datos del personal necesarios para garantizar su salud y adoptar las medidas necesarias por las autoridades competentes, lo cual incluye igualmente asegurar el derecho en la protecci\u00f3n de la salud del resto del personal y evitar los contagios en el seno de la empresa y\/o centros de trabajo que puedan propagar la dolencia al conjunto de la poblaci\u00f3n.<\/p>\n<p>La empresa podr\u00e1 conocer si la persona trabajadora est\u00e1 infectada o no, para dise\u00f1ar a trav\u00e9s de su servicio de prevenci\u00f3n los planes de contingencia que sean necesarios, o que hayan sido previstos por las autoridades sanitarias.<\/p>\n<p>Esta informaci\u00f3n tambi\u00e9n puede ser obtenida mediante preguntas al personal. Sin embargo, las preguntas tendr\u00edan que limitarse exclusivamente a indagar sobre la existencia de s\u00edntomas, o si la persona trabajadora ha sido diagnosticada como contagiada, o sujeta a cuarentena. Resultar\u00eda contrario a primeros de minimizaci\u00f3n de datos la circulaci\u00f3n de cuestionarios de salud extensos y detallados, o que incluyan preguntas no relacionadas con la dolencia.<\/p>\n<h4>\u00bfPueden transmitir esta informaci\u00f3n al personal de la empresa?<\/h4>\n<p>Esta informaci\u00f3n tendr\u00eda que proporcionarse sin identificar a la persona afectada a fin de mantener su privacidad, si bien, podr\u00eda transmitirse a requerimiento de las autoridades competentes, en particular las sanitarias.<\/p>\n<p>La informaci\u00f3n tiene que proporcionarse respetando los principios de finalidad y proporcionalidad y siempre dentro del que se establece en las recomendaciones o instrucciones emitidas por las autoridades competentes, en particular las sanitarias. Por ejemplo, si es posible conseguir la finalidad de protecci\u00f3n de la salud del personal divulgando la existencia de un contagio, pero sin especificar la identidad de la persona contagiada, tendr\u00eda que procederse de este modo. Si, por el contrario, este objetivo no puede conseguirse con informaci\u00f3n parcial, o la pr\u00e1ctica es desaconsejada por las autoridades competentes, en particular las sanitarias, podr\u00eda proporcionarse la informaci\u00f3n identificativa.<\/p>\n<h4>\u00bfSe puede pedir a las personas trabajadoras y visitantes ajenos a la empresa datos sobre pa\u00edses que hayan visitado anteriormente, o si presentan sintomatolog\u00eda relacionada con el coronavirus?<\/h4>\n<p>Con independencia que las autoridades competentes, en particular las sanitarias, establezcan estas medidas por una cuesti\u00f3n de Salud P\u00fablica y que as\u00ed lo comuniquen en los centros de trabajo, los empleadores tienen la obligaci\u00f3n legal de proteger la salud de las personas trabajadoras y mantener el puesto de trabajo libre de riesgos sanitarios, por lo cual estar\u00eda justificada la solicitud de informaci\u00f3n a los empleados y visitantes externos sobre s\u00edntomas o factores de riesgo sin necesidad de pedir su consentimiento expl\u00edcito (RGPD y Ley de Prevenci\u00f3n de Riesgos Laborales).<\/p>\n<p>La informaci\u00f3n a solicitar tendr\u00eda que responder a primeros de proporcionalidad y limitarse exclusivamente a preguntar por visitas a pa\u00edses de alta prevalencia del virus y en el marco temporal de incubaci\u00f3n de la dolencia, las \u00faltimas 2 semanas, o si se tiene alguno de los s\u00edntomas de la dolencia. Resultar\u00eda contrario a primeros de minimizaci\u00f3n de datos la utilizaci\u00f3n de cuestionarios de salud extensos y detallados, o que incluyan preguntas no relacionadas con la dolencia.<\/p>\n<h4>\u00bfSe pueden tratar los datos de salud de las personas trabajadoras relacionados con el coronavirus?<\/h4>\n<p>Para cumplir las decisiones sobre la pandemia de coronavirus que adopten las autoridades competentes, en particular las sanitarias, la normativa de protecci\u00f3n de datos no tendr\u00eda que utilizarse para obstaculizar o limitar la efectividad de las medidas que adopten estas autoridades, en la lucha contra la pandemia.<\/p>\n<p>La normativa de protecci\u00f3n de datos permite adoptar las medidas que sean necesarias para salvaguardar los intereses vitales de las personas f\u00edsicas, el inter\u00e9s p\u00fablico esencial en el \u00e1mbito de la salud, la realizaci\u00f3n de diagn\u00f3sticos m\u00e9dicos, o el cumplimiento de obligaciones legales en el \u00e1mbito laboral, incluido el tratamiento de datos de salud sin necesidad de contar con el consentimiento expl\u00edcito el afectado.<\/p>\n<p>En todo caso, el tratamiento de estos datos tiene que observar los principios establecidos en el RGPD, en particular los de minimizaci\u00f3n, limitaci\u00f3n de la finalidad y minimizaci\u00f3n de la conservaci\u00f3n.<\/p>\n<h4>\u00bfEn caso de cuarentena preventiva o estar afectado por el coronavirus, el trabajador tiene obligaci\u00f3n de informar su empleador de esta circunstancia?<\/h4>\n<p>Los trabajadores que, despu\u00e9s de haber tenido contacto con un caso de coronavirus, pudieran estar afectados por esta dolencia y que, por aplicaci\u00f3n de los protocolos establecidos por las Autoridades Sanitarias competentes, se ven sometidos al correspondiente aislamiento preventivo para evitar los riesgos de contagio derivados de esta situaci\u00f3n hasta que se disponga del correspondiente diagn\u00f3stico, tendr\u00e1n que informar su empleador y al servicio de prevenci\u00f3n o, en su caso, a los delegados de prevenci\u00f3n (Ley de Prevenci\u00f3n de Riesgos Laborales)<\/p>\n<p>La persona trabajadora en situaci\u00f3n de baja por dolencia no tiene obligaci\u00f3n de informar sobre la raz\u00f3n de la baja a la empresa, sin embargo, este derecho individual puede ceder frente a la defensa otros derechos como el derecho a la protecci\u00f3n de la salud del colectivo de trabajadores en situaciones de pandemia y, m\u00e1s en general, la defensa de la salud de toda la poblaci\u00f3n.<\/p>\n<h4>\u00bfEl personal de seguridad puede tomar la temperatura a los trabajadores con el fin de detectar casos coronavirus?<\/h4>\n<p>Verificar si el estado de salud de las personas trabajadoras puede constituir un peligro para ellas mismas, para el resto del personal, o para otras personas relacionadas con la empresa constituye una medida relacionada con la vigilancia de la salud de los trabajadores que, conforme a la Ley de Prevenci\u00f3n de Riesgos Laborales, resulta obligatoria para el empleador y tendr\u00eda que ser realizada por personal sanitario.<\/p>\n<p>En todo caso, el tratamiento de los datos obtenidos a partir de las presas de temperatura tiene que respetar la normativa de protecci\u00f3n de datos y, por eso y entre otras obligaciones, tiene que obedecer a la finalidad espec\u00edfica de contener la propagaci\u00f3n de el coronavirus, limitarse a esta finalidad y no extenderse a otros diferentes, y mantenidos no m\u00e1s del tiempo necesario para la finalidad para la cual se recaudan.<\/p>\n<\/div>\n<\/section>\n<\/div>\n<p>[\/vc_column_text][\/vc_column][\/vc_row][vc_row css=\u00bb.vc_custom_1631163062106{margin-bottom: 40px !important;}\u00bb][vc_column]<style type=\"text\/css\" data-type=\"the7_shortcodes-inline-css\">#default-btn-c2d7d0babfe686e14b823751d9141348.ico-right-side > i {\n  margin-right: 0px;\n  margin-left: 8px;\n}\n#default-btn-c2d7d0babfe686e14b823751d9141348 > i {\n  margin-right: 8px;\n}<\/style><div class=\"btn-align-center\"><a href=\"https:\/\/www.lladogrup.com\/contacte\/\" class=\"default-btn-shortcode dt-btn dt-btn-l link-hover-off \" target=\"_blank\" id=\"default-btn-c2d7d0babfe686e14b823751d9141348\" rel=\"noopener\"><span>Tens alg\u00fan dubte? Contacta amb nosaltres<\/span><\/a><\/div>[\/vc_column][\/vc_row]<\/p>\n<\/div>","protected":false},"excerpt":{"rendered":"<p>[vc_row bg_type=\u00bbimage\u00bb parallax_style=\u00bbvcpb-default\u00bb bg_image_new=\u00bbid^59736|url^http:\/\/pre.lladogrup.com\/wp-content\/uploads\/2021\/09\/ProteccioDadesCovid19-1140&#215;353-1.jpeg|caption^null|alt^null|title^ProteccioDadesCovid19-1140&#215;353-1|description^null\u00bb bg_image_repeat=\u00bbno-repeat\u00bb bg_override=\u00bbex-full\u00bb enable_overlay=\u00bbenable_overlay_value\u00bb overlay_color=\u00bbrgba(0,0,0,0.5)\u00bb overlay_pattern=\u00bbtransperant\u00bb overlay_pattern_opacity=\u00bb25&#8243; type=\u00bbvc_default\u00bb margin_top=\u00bb-50&#8243; css=\u00bb.vc_custom_1631170333514{padding-top: 10% !important;padding-bottom: 10% !important;background-color: #000000 !important;}\u00bb][vc_column offset=\u00bbvc_col-lg-12 vc_col-md-12&#8243; css=\u00bb.vc_custom_1476030031960{padding-bottom: 10px !important;}\u00bb][\/vc_column][\/vc_row][vc_row content_placement=\u00bbmiddle\u00bb css=\u00bb.vc_custom_1580733807485{padding-top: 70px !important;padding-bottom: 20px !important;}\u00bb][vc_column][vc_empty_space][vc_column_text] Reproducimos \u00edntegramente las FAQ\u2019s que ha publicado la Agencia Espa\u00f1ola de Protecci\u00f3n de Datos relativa al tratamiento, por parte de las empresas, de datos de&hellip;<\/p>\n","protected":false},"author":1,"featured_media":59744,"parent":59500,"menu_order":9,"comment_status":"closed","ping_status":"closed","template":"","meta":{"_joinchat":[],"footnotes":""},"class_list":["post-59734","page","type-page","status-publish","has-post-thumbnail","hentry","description-off"],"yoast_head":"<!-- This site is optimized with the Yoast SEO plugin v27.3 - https:\/\/yoast.com\/product\/yoast-seo-wordpress\/ -->\n<title>Dudas y Medidas Protecci\u00f3n Datos Coronavirus - Llad\u00f3 Grup<\/title>\n<meta name=\"robots\" content=\"index, follow, max-snippet:-1, max-image-preview:large, max-video-preview:-1\" \/>\n<link rel=\"canonical\" href=\"https:\/\/lladogrup.com\/es\/landing\/coronavirus\/dudas-y-medidas-proteccion-datos-coronavirus\/\" \/>\n<meta property=\"og:locale\" content=\"es_ES\" \/>\n<meta property=\"og:type\" content=\"article\" \/>\n<meta property=\"og:title\" content=\"Dudas y Medidas Protecci\u00f3n Datos Coronavirus - Llad\u00f3 Grup\" \/>\n<meta property=\"og:description\" content=\"[vc_row bg_type=\u00bbimage\u00bb parallax_style=\u00bbvcpb-default\u00bb bg_image_new=\u00bbid^59736|url^http:\/\/pre.lladogrup.com\/wp-content\/uploads\/2021\/09\/ProteccioDadesCovid19-1140&#215;353-1.jpeg|caption^null|alt^null|title^ProteccioDadesCovid19-1140&#215;353-1|description^null\u00bb bg_image_repeat=\u00bbno-repeat\u00bb bg_override=\u00bbex-full\u00bb enable_overlay=\u00bbenable_overlay_value\u00bb overlay_color=\u00bbrgba(0,0,0,0.5)\u00bb overlay_pattern=\u00bbtransperant\u00bb overlay_pattern_opacity=\u00bb25&#8243; type=\u00bbvc_default\u00bb margin_top=\u00bb-50&#8243; css=\u00bb.vc_custom_1631170333514{padding-top: 10% !important;padding-bottom: 10% !important;background-color: #000000 !important;}\u00bb][vc_column offset=\u00bbvc_col-lg-12 vc_col-md-12&#8243; css=\u00bb.vc_custom_1476030031960{padding-bottom: 10px !important;}\u00bb][\/vc_column][\/vc_row][vc_row content_placement=\u00bbmiddle\u00bb css=\u00bb.vc_custom_1580733807485{padding-top: 70px !important;padding-bottom: 20px !important;}\u00bb][vc_column][vc_empty_space][vc_column_text] Reproducimos \u00edntegramente las FAQ\u2019s que ha publicado la Agencia Espa\u00f1ola de Protecci\u00f3n de Datos relativa al tratamiento, por parte de las empresas, de datos de&hellip;\" \/>\n<meta property=\"og:url\" content=\"https:\/\/lladogrup.com\/es\/landing\/coronavirus\/dudas-y-medidas-proteccion-datos-coronavirus\/\" \/>\n<meta property=\"og:site_name\" content=\"Llad\u00f3 Grup\" \/>\n<meta property=\"article:modified_time\" content=\"2021-09-09T06:58:12+00:00\" \/>\n<meta property=\"og:image\" content=\"https:\/\/lladogrup.com\/wp-content\/uploads\/2021\/09\/ProteccioDadesCOVID19-270x290esp.jpeg\" \/>\n\t<meta property=\"og:image:width\" content=\"270\" \/>\n\t<meta property=\"og:image:height\" content=\"290\" \/>\n\t<meta property=\"og:image:type\" content=\"image\/jpeg\" \/>\n<meta name=\"twitter:card\" content=\"summary_large_image\" \/>\n<meta name=\"twitter:label1\" content=\"Tiempo de lectura\" \/>\n\t<meta name=\"twitter:data1\" content=\"6 minutos\" \/>\n<script type=\"application\/ld+json\" class=\"yoast-schema-graph\">{\"@context\":\"https:\\\/\\\/schema.org\",\"@graph\":[{\"@type\":\"WebPage\",\"@id\":\"https:\\\/\\\/lladogrup.com\\\/es\\\/landing\\\/coronavirus\\\/dudas-y-medidas-proteccion-datos-coronavirus\\\/\",\"url\":\"https:\\\/\\\/lladogrup.com\\\/es\\\/landing\\\/coronavirus\\\/dudas-y-medidas-proteccion-datos-coronavirus\\\/\",\"name\":\"Dudas y Medidas Protecci\u00f3n Datos Coronavirus - Llad\u00f3 Grup\",\"isPartOf\":{\"@id\":\"https:\\\/\\\/lladogrup.com\\\/#website\"},\"primaryImageOfPage\":{\"@id\":\"https:\\\/\\\/lladogrup.com\\\/es\\\/landing\\\/coronavirus\\\/dudas-y-medidas-proteccion-datos-coronavirus\\\/#primaryimage\"},\"image\":{\"@id\":\"https:\\\/\\\/lladogrup.com\\\/es\\\/landing\\\/coronavirus\\\/dudas-y-medidas-proteccion-datos-coronavirus\\\/#primaryimage\"},\"thumbnailUrl\":\"https:\\\/\\\/lladogrup.com\\\/wp-content\\\/uploads\\\/2021\\\/09\\\/ProteccioDadesCOVID19-270x290esp.jpeg\",\"datePublished\":\"2021-09-09T06:56:50+00:00\",\"dateModified\":\"2021-09-09T06:58:12+00:00\",\"breadcrumb\":{\"@id\":\"https:\\\/\\\/lladogrup.com\\\/es\\\/landing\\\/coronavirus\\\/dudas-y-medidas-proteccion-datos-coronavirus\\\/#breadcrumb\"},\"inLanguage\":\"es\",\"potentialAction\":[{\"@type\":\"ReadAction\",\"target\":[\"https:\\\/\\\/lladogrup.com\\\/es\\\/landing\\\/coronavirus\\\/dudas-y-medidas-proteccion-datos-coronavirus\\\/\"]}]},{\"@type\":\"ImageObject\",\"inLanguage\":\"es\",\"@id\":\"https:\\\/\\\/lladogrup.com\\\/es\\\/landing\\\/coronavirus\\\/dudas-y-medidas-proteccion-datos-coronavirus\\\/#primaryimage\",\"url\":\"https:\\\/\\\/lladogrup.com\\\/wp-content\\\/uploads\\\/2021\\\/09\\\/ProteccioDadesCOVID19-270x290esp.jpeg\",\"contentUrl\":\"https:\\\/\\\/lladogrup.com\\\/wp-content\\\/uploads\\\/2021\\\/09\\\/ProteccioDadesCOVID19-270x290esp.jpeg\",\"width\":270,\"height\":290,\"caption\":\"dudas proteccion datos\"},{\"@type\":\"BreadcrumbList\",\"@id\":\"https:\\\/\\\/lladogrup.com\\\/es\\\/landing\\\/coronavirus\\\/dudas-y-medidas-proteccion-datos-coronavirus\\\/#breadcrumb\",\"itemListElement\":[{\"@type\":\"ListItem\",\"position\":1,\"name\":\"Portada\",\"item\":\"https:\\\/\\\/lladogrup.com\\\/es\\\/\"},{\"@type\":\"ListItem\",\"position\":2,\"name\":\"Landing\",\"item\":\"https:\\\/\\\/lladogrup.com\\\/es\\\/landing\\\/\"},{\"@type\":\"ListItem\",\"position\":3,\"name\":\"Coronavirus\",\"item\":\"https:\\\/\\\/lladogrup.com\\\/es\\\/landing\\\/coronavirus\\\/\"},{\"@type\":\"ListItem\",\"position\":4,\"name\":\"Dudas y Medidas Protecci\u00f3n Datos Coronavirus\"}]},{\"@type\":\"WebSite\",\"@id\":\"https:\\\/\\\/lladogrup.com\\\/#website\",\"url\":\"https:\\\/\\\/lladogrup.com\\\/\",\"name\":\"Llad\u00f3 Grup\",\"description\":\"Consultoria i gestoria\",\"potentialAction\":[{\"@type\":\"SearchAction\",\"target\":{\"@type\":\"EntryPoint\",\"urlTemplate\":\"https:\\\/\\\/lladogrup.com\\\/?s={search_term_string}\"},\"query-input\":{\"@type\":\"PropertyValueSpecification\",\"valueRequired\":true,\"valueName\":\"search_term_string\"}}],\"inLanguage\":\"es\"}]}<\/script>\n<!-- \/ Yoast SEO plugin. -->","yoast_head_json":{"title":"Dudas y Medidas Protecci\u00f3n Datos Coronavirus - Llad\u00f3 Grup","robots":{"index":"index","follow":"follow","max-snippet":"max-snippet:-1","max-image-preview":"max-image-preview:large","max-video-preview":"max-video-preview:-1"},"canonical":"https:\/\/lladogrup.com\/es\/landing\/coronavirus\/dudas-y-medidas-proteccion-datos-coronavirus\/","og_locale":"es_ES","og_type":"article","og_title":"Dudas y Medidas Protecci\u00f3n Datos Coronavirus - Llad\u00f3 Grup","og_description":"[vc_row bg_type=\u00bbimage\u00bb parallax_style=\u00bbvcpb-default\u00bb bg_image_new=\u00bbid^59736|url^http:\/\/pre.lladogrup.com\/wp-content\/uploads\/2021\/09\/ProteccioDadesCovid19-1140&#215;353-1.jpeg|caption^null|alt^null|title^ProteccioDadesCovid19-1140&#215;353-1|description^null\u00bb bg_image_repeat=\u00bbno-repeat\u00bb bg_override=\u00bbex-full\u00bb enable_overlay=\u00bbenable_overlay_value\u00bb overlay_color=\u00bbrgba(0,0,0,0.5)\u00bb overlay_pattern=\u00bbtransperant\u00bb overlay_pattern_opacity=\u00bb25&#8243; type=\u00bbvc_default\u00bb margin_top=\u00bb-50&#8243; css=\u00bb.vc_custom_1631170333514{padding-top: 10% !important;padding-bottom: 10% !important;background-color: #000000 !important;}\u00bb][vc_column offset=\u00bbvc_col-lg-12 vc_col-md-12&#8243; css=\u00bb.vc_custom_1476030031960{padding-bottom: 10px !important;}\u00bb][\/vc_column][\/vc_row][vc_row content_placement=\u00bbmiddle\u00bb css=\u00bb.vc_custom_1580733807485{padding-top: 70px !important;padding-bottom: 20px !important;}\u00bb][vc_column][vc_empty_space][vc_column_text] Reproducimos \u00edntegramente las FAQ\u2019s que ha publicado la Agencia Espa\u00f1ola de Protecci\u00f3n de Datos relativa al tratamiento, por parte de las empresas, de datos de&hellip;","og_url":"https:\/\/lladogrup.com\/es\/landing\/coronavirus\/dudas-y-medidas-proteccion-datos-coronavirus\/","og_site_name":"Llad\u00f3 Grup","article_modified_time":"2021-09-09T06:58:12+00:00","og_image":[{"width":270,"height":290,"url":"https:\/\/lladogrup.com\/wp-content\/uploads\/2021\/09\/ProteccioDadesCOVID19-270x290esp.jpeg","type":"image\/jpeg"}],"twitter_card":"summary_large_image","twitter_misc":{"Tiempo de lectura":"6 minutos"},"schema":{"@context":"https:\/\/schema.org","@graph":[{"@type":"WebPage","@id":"https:\/\/lladogrup.com\/es\/landing\/coronavirus\/dudas-y-medidas-proteccion-datos-coronavirus\/","url":"https:\/\/lladogrup.com\/es\/landing\/coronavirus\/dudas-y-medidas-proteccion-datos-coronavirus\/","name":"Dudas y Medidas Protecci\u00f3n Datos Coronavirus - Llad\u00f3 Grup","isPartOf":{"@id":"https:\/\/lladogrup.com\/#website"},"primaryImageOfPage":{"@id":"https:\/\/lladogrup.com\/es\/landing\/coronavirus\/dudas-y-medidas-proteccion-datos-coronavirus\/#primaryimage"},"image":{"@id":"https:\/\/lladogrup.com\/es\/landing\/coronavirus\/dudas-y-medidas-proteccion-datos-coronavirus\/#primaryimage"},"thumbnailUrl":"https:\/\/lladogrup.com\/wp-content\/uploads\/2021\/09\/ProteccioDadesCOVID19-270x290esp.jpeg","datePublished":"2021-09-09T06:56:50+00:00","dateModified":"2021-09-09T06:58:12+00:00","breadcrumb":{"@id":"https:\/\/lladogrup.com\/es\/landing\/coronavirus\/dudas-y-medidas-proteccion-datos-coronavirus\/#breadcrumb"},"inLanguage":"es","potentialAction":[{"@type":"ReadAction","target":["https:\/\/lladogrup.com\/es\/landing\/coronavirus\/dudas-y-medidas-proteccion-datos-coronavirus\/"]}]},{"@type":"ImageObject","inLanguage":"es","@id":"https:\/\/lladogrup.com\/es\/landing\/coronavirus\/dudas-y-medidas-proteccion-datos-coronavirus\/#primaryimage","url":"https:\/\/lladogrup.com\/wp-content\/uploads\/2021\/09\/ProteccioDadesCOVID19-270x290esp.jpeg","contentUrl":"https:\/\/lladogrup.com\/wp-content\/uploads\/2021\/09\/ProteccioDadesCOVID19-270x290esp.jpeg","width":270,"height":290,"caption":"dudas proteccion datos"},{"@type":"BreadcrumbList","@id":"https:\/\/lladogrup.com\/es\/landing\/coronavirus\/dudas-y-medidas-proteccion-datos-coronavirus\/#breadcrumb","itemListElement":[{"@type":"ListItem","position":1,"name":"Portada","item":"https:\/\/lladogrup.com\/es\/"},{"@type":"ListItem","position":2,"name":"Landing","item":"https:\/\/lladogrup.com\/es\/landing\/"},{"@type":"ListItem","position":3,"name":"Coronavirus","item":"https:\/\/lladogrup.com\/es\/landing\/coronavirus\/"},{"@type":"ListItem","position":4,"name":"Dudas y Medidas Protecci\u00f3n Datos Coronavirus"}]},{"@type":"WebSite","@id":"https:\/\/lladogrup.com\/#website","url":"https:\/\/lladogrup.com\/","name":"Llad\u00f3 Grup","description":"Consultoria i gestoria","potentialAction":[{"@type":"SearchAction","target":{"@type":"EntryPoint","urlTemplate":"https:\/\/lladogrup.com\/?s={search_term_string}"},"query-input":{"@type":"PropertyValueSpecification","valueRequired":true,"valueName":"search_term_string"}}],"inLanguage":"es"}]}},"_links":{"self":[{"href":"https:\/\/lladogrup.com\/es\/wp-json\/wp\/v2\/pages\/59734","targetHints":{"allow":["GET"]}}],"collection":[{"href":"https:\/\/lladogrup.com\/es\/wp-json\/wp\/v2\/pages"}],"about":[{"href":"https:\/\/lladogrup.com\/es\/wp-json\/wp\/v2\/types\/page"}],"author":[{"embeddable":true,"href":"https:\/\/lladogrup.com\/es\/wp-json\/wp\/v2\/users\/1"}],"replies":[{"embeddable":true,"href":"https:\/\/lladogrup.com\/es\/wp-json\/wp\/v2\/comments?post=59734"}],"version-history":[{"count":4,"href":"https:\/\/lladogrup.com\/es\/wp-json\/wp\/v2\/pages\/59734\/revisions"}],"predecessor-version":[{"id":59747,"href":"https:\/\/lladogrup.com\/es\/wp-json\/wp\/v2\/pages\/59734\/revisions\/59747"}],"up":[{"embeddable":true,"href":"https:\/\/lladogrup.com\/es\/wp-json\/wp\/v2\/pages\/59500"}],"wp:featuredmedia":[{"embeddable":true,"href":"https:\/\/lladogrup.com\/es\/wp-json\/wp\/v2\/media\/59744"}],"wp:attachment":[{"href":"https:\/\/lladogrup.com\/es\/wp-json\/wp\/v2\/media?parent=59734"}],"curies":[{"name":"wp","href":"https:\/\/api.w.org\/{rel}","templated":true}]}}