{"id":59663,"date":"2021-09-09T06:12:06","date_gmt":"2021-09-09T06:12:06","guid":{"rendered":"https:\/\/pre.lladogrup.com\/?page_id=59663"},"modified":"2021-09-09T06:13:08","modified_gmt":"2021-09-09T06:13:08","slug":"dudas-y-medidas-contratos-coronavirus","status":"publish","type":"page","link":"https:\/\/lladogrup.com\/es\/landing\/coronavirus\/dudas-y-medidas-contratos-coronavirus\/","title":{"rendered":"Dudas y Medidas Contratos Coronavirus"},"content":{"rendered":"<div class=\"wpb-content-wrapper\"><p>[vc_row bg_type=\u00bbimage\u00bb parallax_style=\u00bbvcpb-default\u00bb bg_image_new=\u00bbid^59666|url^http:\/\/pre.lladogrup.com\/wp-content\/uploads\/2021\/09\/MesuresContractesCovid19-1140&#215;353-1.jpeg|caption^null|alt^contractes covid 19|title^MesuresContractesCovid19-1140&#215;353-1|description^null\u00bb bg_image_repeat=\u00bbno-repeat\u00bb bg_override=\u00bbex-full\u00bb enable_overlay=\u00bbenable_overlay_value\u00bb overlay_color=\u00bbrgba(0,0,0,0.5)\u00bb overlay_pattern=\u00bbtransperant\u00bb overlay_pattern_opacity=\u00bb25&#8243; type=\u00bbvc_default\u00bb margin_top=\u00bb-50&#8243; css=\u00bb.vc_custom_1631167965272{padding-top: 10% !important;padding-bottom: 10% !important;background-color: #000000 !important;}\u00bb][vc_column offset=\u00bbvc_col-lg-12 vc_col-md-12&#8243; css=\u00bb.vc_custom_1476030031960{padding-bottom: 10px !important;}\u00bb]<div id=\"ultimate-heading-528969d8ba0060c84\" class=\"uvc-heading ult-adjust-bottom-margin ultimate-heading-528969d8ba0060c84 uvc-4249 accent-title-color\" data-hspacer=\"no_spacer\"  data-halign=\"center\" style=\"text-align:center\"><div class=\"uvc-heading-spacer no_spacer\" style=\"top\"><\/div><div class=\"uvc-main-heading ult-responsive\"  data-ultimate-target='.uvc-heading.ultimate-heading-528969d8ba0060c84 h2'  data-responsive-json-new='{\"font-size\":\"desktop:34px;mobile_landscape:22px;mobile:22px;\",\"line-height\":\"desktop:46px;mobile_landscape:32px;mobile:32px;\"}' ><h2 style=\"font-family:&#039;Fira Sans&#039;;font-weight:normal;font-style:normal;color:#ffffff;\">Comunicado Llad\u00f3 Grup Consultor<\/h2><\/div><div class=\"uvc-sub-heading ult-responsive\"  data-ultimate-target='.uvc-heading.ultimate-heading-528969d8ba0060c84 .uvc-sub-heading '  data-responsive-json-new='{\"font-size\":\"desktop:58px;mobile_landscape:38px;mobile:30px;\",\"line-height\":\"desktop:68px;mobile_landscape:48px;mobile:40px;\"}'  style=\"font-family:&#039;Fira Sans Condensed&#039;;font-weight:700;color:#ffffff;margin-top:10px;margin-bottom:20px;\"><\/p>\n<p class=\"av-special-heading-tag \"><span style=\"color: #ffffff;\">Dudas y Medidas Contratos ante el COVID-19<\/span><\/p>\n<p><\/div><\/div>[\/vc_column][\/vc_row][vc_row content_placement=\u00bbmiddle\u00bb css=\u00bb.vc_custom_1580733807485{padding-top: 70px !important;padding-bottom: 20px !important;}\u00bb][vc_column]<div id=\"ultimate-heading-79269d8ba0060d68\" class=\"uvc-heading ult-adjust-bottom-margin ultimate-heading-79269d8ba0060d68 uvc-9581  uvc-heading-default-font-sizes\" data-hspacer=\"no_spacer\"  data-halign=\"center\" style=\"text-align:center\"><div class=\"uvc-heading-spacer no_spacer\" style=\"top\"><\/div><div class=\"uvc-main-heading ult-responsive\"  data-ultimate-target='.uvc-heading.ultimate-heading-79269d8ba0060d68 h3'  data-responsive-json-new='{\"font-size\":\"\",\"line-height\":\"\"}' ><h3 style=\"font-weight:bold;margin-bottom:15px;\">Dudas y Medidas Contratos ante el COVID-19<\/h3><\/div><\/div>[vc_empty_space][vc_column_text]<\/p>\n<div class=\"flex_column av_one_full flex_column_div av-zero-column-padding first avia-builder-el-4 el_after_av_one_full el_before_av_textblock column-top-margin\">\n<section class=\"av_textblock_section \">\n<div class=\"avia_textblock \">\n<h4>Y, \u00bfC\u00d3MO QUEDAN LOS CONTRATOS ARRENDAMIENTO POR EL EFECTO DEL COVID-19?<\/h4>\n<p>La\u00a0<strong>Ley de Arrendamientos Urbanos<\/strong>\u00a0no prev\u00e9 la\u00a0<strong>suspensi\u00f3n de los contratos por causas de fuerza mayor<\/strong>\u00a0de car\u00e1cter externo a la relaci\u00f3n privada entre las partes contratantes y menos en el caso de arrendamientos distintos de los de vivienda. Para \u00e9stos \u00faltimos si se prev\u00e9 causas de suspensi\u00f3n pero por motivos de habitabilidad y no por causas de orden p\u00fablico o sanidad.<\/p>\n<p>Especialmente llamativo es el supuesto del alquiler, ya que el Gobierno en el Real Decreto-Ley 8\/2020, de 17 de marzo s\u00f3lo ha tratado, como se ha dicho, lo relativo al pago de las cuotas de pr\u00e9stamo de\u00a0<strong>vivienda habitual para colectivos desfavorecidos<\/strong>.<\/p>\n<p>El art\u00edculo 1105 Civil regula la fuerza de mayor y establece \u201c<strong>Fuera de los casos expresamente mencionados en la ley, y de los en que as\u00ed lo declare la obligaci\u00f3n, nadie responder\u00e1 de aquellos sucesos que no hubieran podido preverse, o que, previstos, fueran inevitables<\/strong>\u201d.<\/p>\n<p>Desde que el Gobierno declar\u00f3 el Estado de Alarma en Espa\u00f1a, se plantean m\u00faltiples cuestiones acerca de la\u00a0<strong>posibilidad de suspender, revocar o adaptar todo tipo de contratos.<\/strong><\/p>\n<p>La cuesti\u00f3n aqu\u00ed gira en torno a la\u00a0<strong>alteraci\u00f3n sobrevenida de las circunstancias contractuales o la doctrina \u201c<em>rebus sic stantibus<\/em>\u201d<\/strong>. Esta cl\u00e1usula tiene por finalidad la modificaci\u00f3n del contrato encaminada a compensar el desequilibrio de las prestaciones causado por esa alteraci\u00f3n sobrevenida de tal envergadura que no sea posible de otra forma el equilibrio de las prestaciones entre las partes.<\/p>\n<p>Esto aplicado a un arrendamiento de un local de negocio destinado a un comercio que no puede abrir por a la<strong>\u00a0crisis del coronavirus<\/strong>, pero que tiene como obligaci\u00f3n frente al arrendado el pago de la renta convenida, nos hace plantearnos si es aplicable la cl\u00e1usula \u201c<em>rebus sic stantibus<\/em>\u201d para flexibilizar dicha obligaci\u00f3n de pago.<\/p>\n<p>En primer lugar, habr\u00e1 que analizar si el coronavirus es un incidente de tal envergadura que altera las bases del contrato de alquiler de tal manera que hace inalcanzable la finalidad econ\u00f3mica primordial de dicho contrato y que produce un desequilibrio importante entre las prestaciones fruto de una circunstancia que no es normal en esa relaci\u00f3n contractual.<\/p>\n<p>Es evidente que en la decisi\u00f3n de aplicar esta cl\u00e1usula para modificar el contrato ser\u00e1 muy importante examinar caso por caso y analizar:<\/p>\n<p>\u2022 La duraci\u00f3n de la prohibici\u00f3n de apertura<br \/>\n\u2022 Si la venta f\u00edsica le ha mermado en mayor medida sus ingresos o lo suple vendiendo on-line<br \/>\n\u2022 Las posibilidades de recuperar los ingresos el arrendatario despu\u00e9s del cierre<br \/>\n\u2022 Las circunstancias personales del arrendador, etc.<\/p>\n<p>Pero el problema de todo esto estriba en que la doctrina de la \u201c<em>rebus sic stantibus<\/em>\u201d no es de aplicaci\u00f3n unilateral y exige, en caso de disconformidad entre las pares, acudir a los Juzgados, ya que si el arrendatario unilateralmente decide no pagar la renta, el arrendador perfectamente le puede instar un desahucio por falta de pago.<\/p>\n<p>Nuestro consejo, salvo disposici\u00f3n legal que se apruebe al efecto es que, apelando al sentido com\u00fan, la sensibilidad, la buena fe y la conveniencia o no de mantener ese contrato, se pacte entre las partes unas condiciones que cubran la situaci\u00f3n extraordinaria que afecta al contrato. Y dejemos los Juzgados y Tribunales para aquellos casos en que no sea posible dicho pacto y donde evidentemente, la cl\u00e1usula \u201c<em>rebus sic stantibus<\/em>\u201d ser\u00e1 de nuevo apelada para que el juzgador la pondere en el caso concreto.<\/p>\n<p>Nuestro equipo de profesionales y toda la organizaci\u00f3n de\u00a0<a href=\"https:\/\/www.lladogrup.com\/es\" target=\"_blank\" rel=\"noopener noreferrer\">LLAD\u00d3 GRUP CONSULTOR<\/a>\u00a0estamos preparados para afrontar esta situaci\u00f3n excepcional y darle todo el asesoramiento y acompa\u00f1amiento que necesite en relaci\u00f3n a la situaci\u00f3n actual.<\/p>\n<p>Agradecemos como siempre la confianza depositada en nuestros equipos de profesionales.<\/p>\n<p>Recordarle que en nuestra web<a href=\"https:\/\/www.lladogrup.com\/\" target=\"_blank\" rel=\"noopener noreferrer\">\u00a0www.lladogrup.com<\/a>\u00a0iremos actualizando toda la informaci\u00f3n relevante sobre el COVID-19.<\/p>\n<\/div>\n<\/section>\n<\/div>\n<p>[\/vc_column_text][\/vc_column][\/vc_row][vc_row css=\u00bb.vc_custom_1631163062106{margin-bottom: 40px !important;}\u00bb][vc_column]<style type=\"text\/css\" data-type=\"the7_shortcodes-inline-css\">#default-btn-b3717ea54372f77128ad575fc958a171.ico-right-side > i {\n  margin-right: 0px;\n  margin-left: 8px;\n}\n#default-btn-b3717ea54372f77128ad575fc958a171 > i {\n  margin-right: 8px;\n}<\/style><div class=\"btn-align-center\"><a href=\"https:\/\/www.lladogrup.com\/es\/contacto\/\" class=\"default-btn-shortcode dt-btn dt-btn-l link-hover-off \" target=\"_blank\" id=\"default-btn-b3717ea54372f77128ad575fc958a171\" rel=\"noopener\"><span>\u00bfTienes cualquier duda? Contacta con nosotros<\/span><\/a><\/div>[\/vc_column][\/vc_row]<\/p>\n<\/div>","protected":false},"excerpt":{"rendered":"<p>[vc_row bg_type=\u00bbimage\u00bb parallax_style=\u00bbvcpb-default\u00bb bg_image_new=\u00bbid^59666|url^http:\/\/pre.lladogrup.com\/wp-content\/uploads\/2021\/09\/MesuresContractesCovid19-1140&#215;353-1.jpeg|caption^null|alt^contractes covid 19|title^MesuresContractesCovid19-1140&#215;353-1|description^null\u00bb bg_image_repeat=\u00bbno-repeat\u00bb bg_override=\u00bbex-full\u00bb enable_overlay=\u00bbenable_overlay_value\u00bb overlay_color=\u00bbrgba(0,0,0,0.5)\u00bb overlay_pattern=\u00bbtransperant\u00bb overlay_pattern_opacity=\u00bb25&#8243; type=\u00bbvc_default\u00bb margin_top=\u00bb-50&#8243; css=\u00bb.vc_custom_1631167965272{padding-top: 10% !important;padding-bottom: 10% !important;background-color: #000000 !important;}\u00bb][vc_column offset=\u00bbvc_col-lg-12 vc_col-md-12&#8243; css=\u00bb.vc_custom_1476030031960{padding-bottom: 10px !important;}\u00bb][\/vc_column][\/vc_row][vc_row content_placement=\u00bbmiddle\u00bb css=\u00bb.vc_custom_1580733807485{padding-top: 70px !important;padding-bottom: 20px !important;}\u00bb][vc_column][vc_empty_space][vc_column_text] Y, \u00bfC\u00d3MO QUEDAN LOS CONTRATOS ARRENDAMIENTO POR EL EFECTO DEL COVID-19? La\u00a0Ley de Arrendamientos Urbanos\u00a0no prev\u00e9 la\u00a0suspensi\u00f3n de los contratos por causas de&hellip;<\/p>\n","protected":false},"author":1,"featured_media":59670,"parent":59500,"menu_order":5,"comment_status":"closed","ping_status":"closed","template":"","meta":{"_joinchat":[],"footnotes":""},"class_list":["post-59663","page","type-page","status-publish","has-post-thumbnail","hentry","description-off"],"yoast_head":"<!-- This site is optimized with the Yoast SEO plugin v27.1.1 - https:\/\/yoast.com\/product\/yoast-seo-wordpress\/ -->\n<title>Dudas y Medidas Contratos Coronavirus - Llad\u00f3 Grup<\/title>\n<meta name=\"robots\" content=\"index, follow, max-snippet:-1, max-image-preview:large, max-video-preview:-1\" \/>\n<link rel=\"canonical\" href=\"https:\/\/lladogrup.com\/es\/landing\/coronavirus\/dudas-y-medidas-contratos-coronavirus\/\" \/>\n<meta property=\"og:locale\" content=\"es_ES\" \/>\n<meta property=\"og:type\" content=\"article\" \/>\n<meta property=\"og:title\" content=\"Dudas y Medidas Contratos Coronavirus - Llad\u00f3 Grup\" \/>\n<meta property=\"og:description\" content=\"[vc_row bg_type=\u00bbimage\u00bb parallax_style=\u00bbvcpb-default\u00bb bg_image_new=\u00bbid^59666|url^http:\/\/pre.lladogrup.com\/wp-content\/uploads\/2021\/09\/MesuresContractesCovid19-1140&#215;353-1.jpeg|caption^null|alt^contractes covid 19|title^MesuresContractesCovid19-1140&#215;353-1|description^null\u00bb bg_image_repeat=\u00bbno-repeat\u00bb bg_override=\u00bbex-full\u00bb enable_overlay=\u00bbenable_overlay_value\u00bb overlay_color=\u00bbrgba(0,0,0,0.5)\u00bb overlay_pattern=\u00bbtransperant\u00bb overlay_pattern_opacity=\u00bb25&#8243; type=\u00bbvc_default\u00bb margin_top=\u00bb-50&#8243; css=\u00bb.vc_custom_1631167965272{padding-top: 10% !important;padding-bottom: 10% !important;background-color: #000000 !important;}\u00bb][vc_column offset=\u00bbvc_col-lg-12 vc_col-md-12&#8243; css=\u00bb.vc_custom_1476030031960{padding-bottom: 10px !important;}\u00bb][\/vc_column][\/vc_row][vc_row content_placement=\u00bbmiddle\u00bb css=\u00bb.vc_custom_1580733807485{padding-top: 70px !important;padding-bottom: 20px !important;}\u00bb][vc_column][vc_empty_space][vc_column_text] Y, \u00bfC\u00d3MO QUEDAN LOS CONTRATOS ARRENDAMIENTO POR EL EFECTO DEL COVID-19? La\u00a0Ley de Arrendamientos Urbanos\u00a0no prev\u00e9 la\u00a0suspensi\u00f3n de los contratos por causas de&hellip;\" \/>\n<meta property=\"og:url\" content=\"https:\/\/lladogrup.com\/es\/landing\/coronavirus\/dudas-y-medidas-contratos-coronavirus\/\" \/>\n<meta property=\"og:site_name\" content=\"Llad\u00f3 Grup\" \/>\n<meta property=\"article:modified_time\" content=\"2021-09-09T06:13:08+00:00\" \/>\n<meta property=\"og:image\" content=\"https:\/\/lladogrup.com\/wp-content\/uploads\/2021\/09\/ContratosCOVID19-270x290esp.jpeg\" \/>\n\t<meta property=\"og:image:width\" content=\"270\" \/>\n\t<meta property=\"og:image:height\" content=\"290\" \/>\n\t<meta property=\"og:image:type\" content=\"image\/jpeg\" \/>\n<meta name=\"twitter:card\" content=\"summary_large_image\" \/>\n<meta name=\"twitter:label1\" content=\"Tiempo de lectura\" \/>\n\t<meta name=\"twitter:data1\" content=\"4 minutos\" \/>\n<script type=\"application\/ld+json\" class=\"yoast-schema-graph\">{\"@context\":\"https:\/\/schema.org\",\"@graph\":[{\"@type\":\"WebPage\",\"@id\":\"https:\/\/lladogrup.com\/es\/landing\/coronavirus\/dudas-y-medidas-contratos-coronavirus\/\",\"url\":\"https:\/\/lladogrup.com\/es\/landing\/coronavirus\/dudas-y-medidas-contratos-coronavirus\/\",\"name\":\"Dudas y Medidas Contratos Coronavirus - Llad\u00f3 Grup\",\"isPartOf\":{\"@id\":\"https:\/\/lladogrup.com\/#website\"},\"primaryImageOfPage\":{\"@id\":\"https:\/\/lladogrup.com\/es\/landing\/coronavirus\/dudas-y-medidas-contratos-coronavirus\/#primaryimage\"},\"image\":{\"@id\":\"https:\/\/lladogrup.com\/es\/landing\/coronavirus\/dudas-y-medidas-contratos-coronavirus\/#primaryimage\"},\"thumbnailUrl\":\"https:\/\/lladogrup.com\/wp-content\/uploads\/2021\/09\/ContratosCOVID19-270x290esp.jpeg\",\"datePublished\":\"2021-09-09T06:12:06+00:00\",\"dateModified\":\"2021-09-09T06:13:08+00:00\",\"breadcrumb\":{\"@id\":\"https:\/\/lladogrup.com\/es\/landing\/coronavirus\/dudas-y-medidas-contratos-coronavirus\/#breadcrumb\"},\"inLanguage\":\"es\",\"potentialAction\":[{\"@type\":\"ReadAction\",\"target\":[\"https:\/\/lladogrup.com\/es\/landing\/coronavirus\/dudas-y-medidas-contratos-coronavirus\/\"]}]},{\"@type\":\"ImageObject\",\"inLanguage\":\"es\",\"@id\":\"https:\/\/lladogrup.com\/es\/landing\/coronavirus\/dudas-y-medidas-contratos-coronavirus\/#primaryimage\",\"url\":\"https:\/\/lladogrup.com\/wp-content\/uploads\/2021\/09\/ContratosCOVID19-270x290esp.jpeg\",\"contentUrl\":\"https:\/\/lladogrup.com\/wp-content\/uploads\/2021\/09\/ContratosCOVID19-270x290esp.jpeg\",\"width\":270,\"height\":290,\"caption\":\"contratos covid 19\"},{\"@type\":\"BreadcrumbList\",\"@id\":\"https:\/\/lladogrup.com\/es\/landing\/coronavirus\/dudas-y-medidas-contratos-coronavirus\/#breadcrumb\",\"itemListElement\":[{\"@type\":\"ListItem\",\"position\":1,\"name\":\"Portada\",\"item\":\"https:\/\/lladogrup.com\/es\/\"},{\"@type\":\"ListItem\",\"position\":2,\"name\":\"Landing\",\"item\":\"https:\/\/lladogrup.com\/es\/landing\/\"},{\"@type\":\"ListItem\",\"position\":3,\"name\":\"Coronavirus\",\"item\":\"https:\/\/lladogrup.com\/es\/landing\/coronavirus\/\"},{\"@type\":\"ListItem\",\"position\":4,\"name\":\"Dudas y Medidas Contratos Coronavirus\"}]},{\"@type\":\"WebSite\",\"@id\":\"https:\/\/lladogrup.com\/#website\",\"url\":\"https:\/\/lladogrup.com\/\",\"name\":\"Llad\u00f3 Grup\",\"description\":\"Consultoria i gestoria\",\"potentialAction\":[{\"@type\":\"SearchAction\",\"target\":{\"@type\":\"EntryPoint\",\"urlTemplate\":\"https:\/\/lladogrup.com\/?s={search_term_string}\"},\"query-input\":{\"@type\":\"PropertyValueSpecification\",\"valueRequired\":true,\"valueName\":\"search_term_string\"}}],\"inLanguage\":\"es\"}]}<\/script>\n<!-- \/ Yoast SEO plugin. -->","yoast_head_json":{"title":"Dudas y Medidas Contratos Coronavirus - Llad\u00f3 Grup","robots":{"index":"index","follow":"follow","max-snippet":"max-snippet:-1","max-image-preview":"max-image-preview:large","max-video-preview":"max-video-preview:-1"},"canonical":"https:\/\/lladogrup.com\/es\/landing\/coronavirus\/dudas-y-medidas-contratos-coronavirus\/","og_locale":"es_ES","og_type":"article","og_title":"Dudas y Medidas Contratos Coronavirus - Llad\u00f3 Grup","og_description":"[vc_row bg_type=\u00bbimage\u00bb parallax_style=\u00bbvcpb-default\u00bb bg_image_new=\u00bbid^59666|url^http:\/\/pre.lladogrup.com\/wp-content\/uploads\/2021\/09\/MesuresContractesCovid19-1140&#215;353-1.jpeg|caption^null|alt^contractes covid 19|title^MesuresContractesCovid19-1140&#215;353-1|description^null\u00bb bg_image_repeat=\u00bbno-repeat\u00bb bg_override=\u00bbex-full\u00bb enable_overlay=\u00bbenable_overlay_value\u00bb overlay_color=\u00bbrgba(0,0,0,0.5)\u00bb overlay_pattern=\u00bbtransperant\u00bb overlay_pattern_opacity=\u00bb25&#8243; type=\u00bbvc_default\u00bb margin_top=\u00bb-50&#8243; css=\u00bb.vc_custom_1631167965272{padding-top: 10% !important;padding-bottom: 10% !important;background-color: #000000 !important;}\u00bb][vc_column offset=\u00bbvc_col-lg-12 vc_col-md-12&#8243; css=\u00bb.vc_custom_1476030031960{padding-bottom: 10px !important;}\u00bb][\/vc_column][\/vc_row][vc_row content_placement=\u00bbmiddle\u00bb css=\u00bb.vc_custom_1580733807485{padding-top: 70px !important;padding-bottom: 20px !important;}\u00bb][vc_column][vc_empty_space][vc_column_text] Y, \u00bfC\u00d3MO QUEDAN LOS CONTRATOS ARRENDAMIENTO POR EL EFECTO DEL COVID-19? La\u00a0Ley de Arrendamientos Urbanos\u00a0no prev\u00e9 la\u00a0suspensi\u00f3n de los contratos por causas de&hellip;","og_url":"https:\/\/lladogrup.com\/es\/landing\/coronavirus\/dudas-y-medidas-contratos-coronavirus\/","og_site_name":"Llad\u00f3 Grup","article_modified_time":"2021-09-09T06:13:08+00:00","og_image":[{"width":270,"height":290,"url":"https:\/\/lladogrup.com\/wp-content\/uploads\/2021\/09\/ContratosCOVID19-270x290esp.jpeg","type":"image\/jpeg"}],"twitter_card":"summary_large_image","twitter_misc":{"Tiempo de lectura":"4 minutos"},"schema":{"@context":"https:\/\/schema.org","@graph":[{"@type":"WebPage","@id":"https:\/\/lladogrup.com\/es\/landing\/coronavirus\/dudas-y-medidas-contratos-coronavirus\/","url":"https:\/\/lladogrup.com\/es\/landing\/coronavirus\/dudas-y-medidas-contratos-coronavirus\/","name":"Dudas y Medidas Contratos Coronavirus - Llad\u00f3 Grup","isPartOf":{"@id":"https:\/\/lladogrup.com\/#website"},"primaryImageOfPage":{"@id":"https:\/\/lladogrup.com\/es\/landing\/coronavirus\/dudas-y-medidas-contratos-coronavirus\/#primaryimage"},"image":{"@id":"https:\/\/lladogrup.com\/es\/landing\/coronavirus\/dudas-y-medidas-contratos-coronavirus\/#primaryimage"},"thumbnailUrl":"https:\/\/lladogrup.com\/wp-content\/uploads\/2021\/09\/ContratosCOVID19-270x290esp.jpeg","datePublished":"2021-09-09T06:12:06+00:00","dateModified":"2021-09-09T06:13:08+00:00","breadcrumb":{"@id":"https:\/\/lladogrup.com\/es\/landing\/coronavirus\/dudas-y-medidas-contratos-coronavirus\/#breadcrumb"},"inLanguage":"es","potentialAction":[{"@type":"ReadAction","target":["https:\/\/lladogrup.com\/es\/landing\/coronavirus\/dudas-y-medidas-contratos-coronavirus\/"]}]},{"@type":"ImageObject","inLanguage":"es","@id":"https:\/\/lladogrup.com\/es\/landing\/coronavirus\/dudas-y-medidas-contratos-coronavirus\/#primaryimage","url":"https:\/\/lladogrup.com\/wp-content\/uploads\/2021\/09\/ContratosCOVID19-270x290esp.jpeg","contentUrl":"https:\/\/lladogrup.com\/wp-content\/uploads\/2021\/09\/ContratosCOVID19-270x290esp.jpeg","width":270,"height":290,"caption":"contratos covid 19"},{"@type":"BreadcrumbList","@id":"https:\/\/lladogrup.com\/es\/landing\/coronavirus\/dudas-y-medidas-contratos-coronavirus\/#breadcrumb","itemListElement":[{"@type":"ListItem","position":1,"name":"Portada","item":"https:\/\/lladogrup.com\/es\/"},{"@type":"ListItem","position":2,"name":"Landing","item":"https:\/\/lladogrup.com\/es\/landing\/"},{"@type":"ListItem","position":3,"name":"Coronavirus","item":"https:\/\/lladogrup.com\/es\/landing\/coronavirus\/"},{"@type":"ListItem","position":4,"name":"Dudas y Medidas Contratos Coronavirus"}]},{"@type":"WebSite","@id":"https:\/\/lladogrup.com\/#website","url":"https:\/\/lladogrup.com\/","name":"Llad\u00f3 Grup","description":"Consultoria i gestoria","potentialAction":[{"@type":"SearchAction","target":{"@type":"EntryPoint","urlTemplate":"https:\/\/lladogrup.com\/?s={search_term_string}"},"query-input":{"@type":"PropertyValueSpecification","valueRequired":true,"valueName":"search_term_string"}}],"inLanguage":"es"}]}},"_links":{"self":[{"href":"https:\/\/lladogrup.com\/es\/wp-json\/wp\/v2\/pages\/59663","targetHints":{"allow":["GET"]}}],"collection":[{"href":"https:\/\/lladogrup.com\/es\/wp-json\/wp\/v2\/pages"}],"about":[{"href":"https:\/\/lladogrup.com\/es\/wp-json\/wp\/v2\/types\/page"}],"author":[{"embeddable":true,"href":"https:\/\/lladogrup.com\/es\/wp-json\/wp\/v2\/users\/1"}],"replies":[{"embeddable":true,"href":"https:\/\/lladogrup.com\/es\/wp-json\/wp\/v2\/comments?post=59663"}],"version-history":[{"count":3,"href":"https:\/\/lladogrup.com\/es\/wp-json\/wp\/v2\/pages\/59663\/revisions"}],"predecessor-version":[{"id":59673,"href":"https:\/\/lladogrup.com\/es\/wp-json\/wp\/v2\/pages\/59663\/revisions\/59673"}],"up":[{"embeddable":true,"href":"https:\/\/lladogrup.com\/es\/wp-json\/wp\/v2\/pages\/59500"}],"wp:featuredmedia":[{"embeddable":true,"href":"https:\/\/lladogrup.com\/es\/wp-json\/wp\/v2\/media\/59670"}],"wp:attachment":[{"href":"https:\/\/lladogrup.com\/es\/wp-json\/wp\/v2\/media?parent=59663"}],"curies":[{"name":"wp","href":"https:\/\/api.w.org\/{rel}","templated":true}]}}