{"id":59643,"date":"2021-09-09T05:04:21","date_gmt":"2021-09-09T05:04:21","guid":{"rendered":"https:\/\/pre.lladogrup.com\/?page_id=59643"},"modified":"2021-09-09T05:04:21","modified_gmt":"2021-09-09T05:04:21","slug":"dudas-y-medidas-autonomos-ante-el-coronavirus","status":"publish","type":"page","link":"https:\/\/lladogrup.com\/es\/landing\/coronavirus\/dudas-y-medidas-autonomos-ante-el-coronavirus\/","title":{"rendered":"Dudas y Medidas Aut\u00f3nomos ante el Coronavirus"},"content":{"rendered":"<div class=\"wpb-content-wrapper\"><p>[vc_row bg_type=\u00bbimage\u00bb parallax_style=\u00bbvcpb-default\u00bb bg_image_new=\u00bbid^59645|url^http:\/\/pre.lladogrup.com\/wp-content\/uploads\/2021\/09\/MesuresAutonomsCovid19-1140&#215;353-1.jpeg|caption^null|alt^null|title^MesuresAutonomsCovid19-1140&#215;353-1|description^null\u00bb bg_image_repeat=\u00bbno-repeat\u00bb bg_override=\u00bbex-full\u00bb enable_overlay=\u00bbenable_overlay_value\u00bb overlay_color=\u00bbrgba(0,0,0,0.5)\u00bb overlay_pattern=\u00bbtransperant\u00bb overlay_pattern_opacity=\u00bb25&#8243; type=\u00bbvc_default\u00bb margin_top=\u00bb-50&#8243; css=\u00bb.vc_custom_1631163455688{padding-top: 10% !important;padding-bottom: 10% !important;background-color: #000000 !important;}\u00bb][vc_column offset=\u00bbvc_col-lg-12 vc_col-md-12&#8243; css=\u00bb.vc_custom_1476030031960{padding-bottom: 10px !important;}\u00bb]<div id=\"ultimate-heading-485969e36ed0c1990\" class=\"uvc-heading ult-adjust-bottom-margin ultimate-heading-485969e36ed0c1990 uvc-737 accent-title-color\" data-hspacer=\"no_spacer\"  data-halign=\"center\" style=\"text-align:center\"><div class=\"uvc-heading-spacer no_spacer\" style=\"top\"><\/div><div class=\"uvc-main-heading ult-responsive\"  data-ultimate-target='.uvc-heading.ultimate-heading-485969e36ed0c1990 h2'  data-responsive-json-new='{\"font-size\":\"desktop:34px;mobile_landscape:22px;mobile:22px;\",\"line-height\":\"desktop:46px;mobile_landscape:32px;mobile:32px;\"}' ><h2 style=\"font-family:&#039;Fira Sans&#039;;font-weight:normal;font-style:normal;color:#ffffff;\">Comunicado Llad\u00f3 Grup Consultor<\/h2><\/div><div class=\"uvc-sub-heading ult-responsive\"  data-ultimate-target='.uvc-heading.ultimate-heading-485969e36ed0c1990 .uvc-sub-heading '  data-responsive-json-new='{\"font-size\":\"desktop:58px;mobile_landscape:38px;mobile:30px;\",\"line-height\":\"desktop:68px;mobile_landscape:48px;mobile:40px;\"}'  style=\"font-family:&#039;Fira Sans Condensed&#039;;font-weight:700;color:#ffffff;margin-top:10px;margin-bottom:20px;\"><\/p>\n<p class=\"av-special-heading-tag \"><span style=\"color: #ffffff;\">Dudas y medidas aut\u00f3nomos ante el coronavirus<\/span><\/p>\n<p><\/div><\/div>[\/vc_column][\/vc_row][vc_row content_placement=\u00bbmiddle\u00bb css=\u00bb.vc_custom_1580733807485{padding-top: 70px !important;padding-bottom: 20px !important;}\u00bb][vc_column]<div id=\"ultimate-heading-627769e36ed0c1a5a\" class=\"uvc-heading ult-adjust-bottom-margin ultimate-heading-627769e36ed0c1a5a uvc-5345  uvc-heading-default-font-sizes\" data-hspacer=\"no_spacer\"  data-halign=\"center\" style=\"text-align:center\"><div class=\"uvc-heading-spacer no_spacer\" style=\"top\"><\/div><div class=\"uvc-main-heading ult-responsive\"  data-ultimate-target='.uvc-heading.ultimate-heading-627769e36ed0c1a5a h3'  data-responsive-json-new='{\"font-size\":\"\",\"line-height\":\"\"}' ><h3 style=\"font-weight:bold;margin-bottom:15px;\">Dudas y Medidas Aut\u00f3nomos ante el COVID-19<\/h3><\/div><\/div>[vc_empty_space][vc_column_text]<\/p>\n<div class=\"flex_column av_one_full flex_column_div av-zero-column-padding first avia-builder-el-4 el_after_av_one_full el_before_av_textblock column-top-margin\">\n<section class=\"av_textblock_section \">\n<div class=\"avia_textblock \">\n<div class=\"traductor-textarea form-group\">\n<div class=\"textarea-desti col-xs-12 col-sm-6\">\n<div class=\"form-control second-textarea\">\n<p><strong>El Gobierno ha aprobado una nueva prestaci\u00f3n extraordinaria para trabajadores y trabajadoras por cuenta propia con el objetivo de paliar los efectos negativos sobre sus negocios de la pandemia de el COVID-19 en<\/strong>\u00a0\u00a0<strong><a href=\"https:\/\/www.mutuauniversal.net\/es\/servicios\/gestion-de-la-prevencion\/riesgos-biologicos\/coronavirus-2019\/Real-Decreto-ley-8-2020\/\" target=\"_blank\" rel=\"noopener noreferrer\">Real Decreto-ley 8\/2020<\/a>,<\/strong><\/p>\n<div class=\"traductor-textarea form-group\">\n<div class=\"textarea-desti col-xs-12 col-sm-6\">\n<div class=\"form-control second-textarea\"><strong>del 17 de marzo, de medidas urgentes extraordinarias para hacer frente al impacto econ\u00f3mico y social del COVID-19.<\/strong><\/div>\n<\/div>\n<\/div>\n<div class=\"traductor-checkbox form-group\">\n<div class=\"row\"><\/div>\n<\/div>\n<\/div>\n<\/div>\n<\/div>\n<h4>\u00bfQui\u00e9n puede solicitarlo?<\/h4>\n<p>Cualquier trabajador por cuenta propia inscrita en el r\u00e9gimen correspondiente que se vea afectado por el cierre de negocios a causa de la declaraci\u00f3n del estado de alarma o la facturaci\u00f3n de la cual este mes caiga un 75% respecto a la media mensual del semestre anterior.<\/p>\n<ul>\n<li>\u00bfAut\u00f3nomos societarios? SI, y en iguales condiciones que un aut\u00f3nomo con actividad de persona f\u00edsica.<\/li>\n<li>\u00bfAut\u00f3nomo colaborador (c\u00f3nyuge, hijos, etc.) ? Si, y en iguales condiciones que un aut\u00f3nomo con actividad de persona f\u00edsica.<\/li>\n<li>Administrador de empresa.<\/li>\n<li>Socio de cooperativas.<\/li>\n<li>Socios comunitarios de corderos.<\/li>\n<\/ul>\n<h4>\u00bfHay alg\u00fan periodo m\u00ednimo de cotizaci\u00f3n para solicitarla?<\/h4>\n<p>No, para solicitar esta prestaci\u00f3n, no es necesario cumplir el periodo m\u00ednimo de cotizaci\u00f3n exigido para otras prestaciones, solo es necesario estar de alta en alguno de los reg\u00edmenes y encontrarse al corriente de pago de las cotizaciones sociales.<\/p>\n<h4><\/h4>\n<h4>\u00bfSe puede acceder incluso teniendo alguna deuda con la Seguridad Social?<\/h4>\n<p>S\u00ed, la Seguridad Social permitir\u00e1 a quienes no est\u00e9n en el d\u00eda con los pagos en la fecha de la suspensi\u00f3n de la actividad o de la reducci\u00f3n de la facturaci\u00f3n, que ingresen las cuotas debidas en un plazo de 30 d\u00edas. Una vez producido el pago, se podr\u00e1 acceder a esta prestaci\u00f3n.<\/p>\n<h4>\u00bfTambi\u00e9n pueden pedirlo los aut\u00f3nomos que tienen trabajadores a su cargo?<\/h4>\n<p>S\u00ed, los aut\u00f3nomos que tengan trabajadores a cargo suyo y hayan tenido que cerrar por la declaraci\u00f3n del estado de alarma o hayan visto caer su facturaci\u00f3n un 75% pueden presentar un ERTE para sus trabajadores y solicitar esta prestaci\u00f3n extraordinaria.<\/p>\n<h4>\u00bfEsta prestaci\u00f3n supone que quien no ingrese no paga cotizaciones?<\/h4>\n<p>Esta prestaci\u00f3n va m\u00e1s all\u00e1. La prestaci\u00f3n consiste en el hecho que qui\u00e9n cause derecho al ella no solo la cobrar\u00e1, sino que adem\u00e1s no pagar\u00e1 las cotizaciones y se le tendr\u00e1 por cotizado.<\/p>\n<h4>Si cesan la actividad, \u00bftienen que renunciar a las bonificaciones de las cuales disfruten, condicionadas al mantenimiento de la actividad, como la tarifa plana?<\/h4>\n<p>No, en este sentido, el decreto indica que el tiempo que se perciba esta prestaci\u00f3n extraordinaria computar\u00e1 como efectivamente cotizado, por lo cual podr\u00e1n solicitarla los aut\u00f3nomos que est\u00e9n recibiendo estas ayudas y no perder\u00e1n las bonificaciones condicionadas al mantenimiento de la actividad.<\/p>\n<h4>\u00bfQu\u00e9 ocurre con los aut\u00f3nomos que est\u00e1n obligados a continuar prestando servicio, como los taxistas?<\/h4>\n<p>Podr\u00e1n acogerse, en su caso, a la prestaci\u00f3n si acreditan la ca\u00edda en la facturaci\u00f3n de al menos un 75%. Si acreditan la reducci\u00f3n de sus ingresos en el 75% previsto, no habr\u00eda ning\u00fan problema a compatibilizar la prestaci\u00f3n y la actividad.<\/p>\n<h4><\/h4>\n<h4>\u00bfSe tiene que tramitar las bajas a hacienda y seguridad social ?<\/h4>\n<p>No es necesario gestionar las bajas.<\/p>\n<h4><\/h4>\n<h4>\u00bfQu\u00e9 pasa si se tiene una tarifa plana (bonificaci\u00f3n cuota aut\u00f3nomos), te puede llegar a perder\u00e9 si se solicita la prestaci\u00f3n?<\/h4>\n<p>No se pierde la bonificaci\u00f3n, el tiempo que dure la prestaci\u00f3n se considerar\u00e1 como efectivamente cotizado.<\/p>\n<h4>\u00bfC\u00f3mo se reconocer\u00e1 la p\u00e9rdida de facturaci\u00f3n de un aut\u00f3nomo?<\/h4>\n<p>En el supuesto de que su actividad est\u00e9 directamente suspendida en virtud del que prev\u00e9 el Real Decreto 463\/2020, de 14 de marzo, mediante la aportaci\u00f3n del Modelo Alta fiscal (Mod. 036-037) acreditativo de la actividad desarrollada. En el supuesto de que su actividad no se vea directamente suspendida en virtud del que prev\u00e9 el Real Decreto 463\/2020, de 14 de marzo , tienen que acreditar la reducci\u00f3n de su facturaci\u00f3n en, al menos, un 75 por ciento, en relaci\u00f3n con la efectuada en el semestre anterior, se tienen que aportar los documentos contables y de registro necesarios que acrediten la facturaci\u00f3n emitida.<\/p>\n<p><strong>\u00a0<\/strong><\/p>\n<p>Nuestro equipo de profesionales y toda la organizaci\u00f3n de<strong><a href=\"https:\/\/www.lladogrup.com\/es\" target=\"_blank\" rel=\"noopener noreferrer\" data-cke-saved-href=\"https:\/\/www.lladogrup.com\">\u00a0LLAD\u00d3 GRUP CONSULTOR<\/a><\/strong>\u00a0estamos preparados para afrontar esta situaci\u00f3n excepcional y darle todo el asesoramiento y acompa\u00f1amiento que necesite en relaci\u00f3n a la situaci\u00f3n actual.<br \/>\nRecordarle que en nuestra web\u00a0<a href=\"https:\/\/www.lladogrup.com\/\" target=\"_blank\" rel=\"noopener noreferrer\" data-cke-saved-href=\"https:\/\/www.lladogrup.com\">www.lladogrup.com<\/a>\u00a0iremos actualizando toda la informaci\u00f3n relevante sobre el COVID-19.<\/p>\n<p>Atentamente los saluda,<\/p>\n<p><strong>Equipo de Direcci\u00f3n LLAD\u00d3 GRUP CONSULTOR<\/strong><\/p>\n<p><strong>934 646 210<\/strong><\/p>\n<p><a href=\"mailto:consultor@lladogrup.com\" target=\"_blank\" rel=\"noopener noreferrer\">consultor@lladogrup.com<\/a><\/p>\n<\/div>\n<\/section>\n<\/div>\n<p>[\/vc_column_text][\/vc_column][\/vc_row][vc_row css=\u00bb.vc_custom_1631163062106{margin-bottom: 40px !important;}\u00bb][vc_column]<style type=\"text\/css\" data-type=\"the7_shortcodes-inline-css\">#default-btn-b3717ea54372f77128ad575fc958a171.ico-right-side > i {\n  margin-right: 0px;\n  margin-left: 8px;\n}\n#default-btn-b3717ea54372f77128ad575fc958a171 > i {\n  margin-right: 8px;\n}<\/style><div class=\"btn-align-center\"><a href=\"https:\/\/www.lladogrup.com\/es\/contacto\/\" class=\"default-btn-shortcode dt-btn dt-btn-l link-hover-off \" target=\"_blank\" id=\"default-btn-b3717ea54372f77128ad575fc958a171\" rel=\"noopener\"><span>\u00bfTienes alguna duda? Contacta con nosotros<\/span><\/a><\/div>[\/vc_column][\/vc_row]<\/p>\n<\/div>","protected":false},"excerpt":{"rendered":"<p>[vc_row bg_type=\u00bbimage\u00bb parallax_style=\u00bbvcpb-default\u00bb bg_image_new=\u00bbid^59645|url^http:\/\/pre.lladogrup.com\/wp-content\/uploads\/2021\/09\/MesuresAutonomsCovid19-1140&#215;353-1.jpeg|caption^null|alt^null|title^MesuresAutonomsCovid19-1140&#215;353-1|description^null\u00bb bg_image_repeat=\u00bbno-repeat\u00bb bg_override=\u00bbex-full\u00bb enable_overlay=\u00bbenable_overlay_value\u00bb overlay_color=\u00bbrgba(0,0,0,0.5)\u00bb overlay_pattern=\u00bbtransperant\u00bb overlay_pattern_opacity=\u00bb25&#8243; type=\u00bbvc_default\u00bb margin_top=\u00bb-50&#8243; css=\u00bb.vc_custom_1631163455688{padding-top: 10% !important;padding-bottom: 10% !important;background-color: #000000 !important;}\u00bb][vc_column offset=\u00bbvc_col-lg-12 vc_col-md-12&#8243; css=\u00bb.vc_custom_1476030031960{padding-bottom: 10px !important;}\u00bb][\/vc_column][\/vc_row][vc_row content_placement=\u00bbmiddle\u00bb css=\u00bb.vc_custom_1580733807485{padding-top: 70px !important;padding-bottom: 20px !important;}\u00bb][vc_column][vc_empty_space][vc_column_text] El Gobierno ha aprobado una nueva prestaci\u00f3n extraordinaria para trabajadores y trabajadoras por cuenta propia con el objetivo de paliar los efectos negativos sobre sus&hellip;<\/p>\n","protected":false},"author":1,"featured_media":59648,"parent":59500,"menu_order":4,"comment_status":"closed","ping_status":"closed","template":"","meta":{"_joinchat":[],"footnotes":""},"class_list":["post-59643","page","type-page","status-publish","has-post-thumbnail","hentry","description-off"],"yoast_head":"<!-- This site is optimized with the Yoast SEO plugin v27.3 - https:\/\/yoast.com\/product\/yoast-seo-wordpress\/ -->\n<title>Dudas y Medidas Aut\u00f3nomos ante el Coronavirus - Llad\u00f3 Grup<\/title>\n<meta name=\"robots\" content=\"index, follow, max-snippet:-1, max-image-preview:large, max-video-preview:-1\" \/>\n<link rel=\"canonical\" href=\"https:\/\/lladogrup.com\/es\/landing\/coronavirus\/dudas-y-medidas-autonomos-ante-el-coronavirus\/\" \/>\n<meta property=\"og:locale\" content=\"es_ES\" \/>\n<meta property=\"og:type\" content=\"article\" \/>\n<meta property=\"og:title\" content=\"Dudas y Medidas Aut\u00f3nomos ante el Coronavirus - Llad\u00f3 Grup\" \/>\n<meta property=\"og:description\" content=\"[vc_row bg_type=\u00bbimage\u00bb parallax_style=\u00bbvcpb-default\u00bb bg_image_new=\u00bbid^59645|url^http:\/\/pre.lladogrup.com\/wp-content\/uploads\/2021\/09\/MesuresAutonomsCovid19-1140&#215;353-1.jpeg|caption^null|alt^null|title^MesuresAutonomsCovid19-1140&#215;353-1|description^null\u00bb bg_image_repeat=\u00bbno-repeat\u00bb bg_override=\u00bbex-full\u00bb enable_overlay=\u00bbenable_overlay_value\u00bb overlay_color=\u00bbrgba(0,0,0,0.5)\u00bb overlay_pattern=\u00bbtransperant\u00bb overlay_pattern_opacity=\u00bb25&#8243; type=\u00bbvc_default\u00bb margin_top=\u00bb-50&#8243; css=\u00bb.vc_custom_1631163455688{padding-top: 10% !important;padding-bottom: 10% !important;background-color: #000000 !important;}\u00bb][vc_column offset=\u00bbvc_col-lg-12 vc_col-md-12&#8243; css=\u00bb.vc_custom_1476030031960{padding-bottom: 10px !important;}\u00bb][\/vc_column][\/vc_row][vc_row content_placement=\u00bbmiddle\u00bb css=\u00bb.vc_custom_1580733807485{padding-top: 70px !important;padding-bottom: 20px !important;}\u00bb][vc_column][vc_empty_space][vc_column_text] El Gobierno ha aprobado una nueva prestaci\u00f3n extraordinaria para trabajadores y trabajadoras por cuenta propia con el objetivo de paliar los efectos negativos sobre sus&hellip;\" \/>\n<meta property=\"og:url\" content=\"https:\/\/lladogrup.com\/es\/landing\/coronavirus\/dudas-y-medidas-autonomos-ante-el-coronavirus\/\" \/>\n<meta property=\"og:site_name\" content=\"Llad\u00f3 Grup\" \/>\n<meta property=\"og:image\" content=\"https:\/\/lladogrup.com\/wp-content\/uploads\/2021\/09\/Auto\u0300nomsCOVID19-270x290cat.jpeg\" \/>\n\t<meta property=\"og:image:width\" content=\"270\" \/>\n\t<meta property=\"og:image:height\" content=\"290\" \/>\n\t<meta property=\"og:image:type\" content=\"image\/jpeg\" \/>\n<meta name=\"twitter:card\" content=\"summary_large_image\" \/>\n<meta name=\"twitter:label1\" content=\"Tiempo de lectura\" \/>\n\t<meta name=\"twitter:data1\" content=\"4 minutos\" \/>\n<script type=\"application\/ld+json\" class=\"yoast-schema-graph\">{\"@context\":\"https:\\\/\\\/schema.org\",\"@graph\":[{\"@type\":\"WebPage\",\"@id\":\"https:\\\/\\\/lladogrup.com\\\/es\\\/landing\\\/coronavirus\\\/dudas-y-medidas-autonomos-ante-el-coronavirus\\\/\",\"url\":\"https:\\\/\\\/lladogrup.com\\\/es\\\/landing\\\/coronavirus\\\/dudas-y-medidas-autonomos-ante-el-coronavirus\\\/\",\"name\":\"Dudas y Medidas Aut\u00f3nomos ante el Coronavirus - Llad\u00f3 Grup\",\"isPartOf\":{\"@id\":\"https:\\\/\\\/lladogrup.com\\\/#website\"},\"primaryImageOfPage\":{\"@id\":\"https:\\\/\\\/lladogrup.com\\\/es\\\/landing\\\/coronavirus\\\/dudas-y-medidas-autonomos-ante-el-coronavirus\\\/#primaryimage\"},\"image\":{\"@id\":\"https:\\\/\\\/lladogrup.com\\\/es\\\/landing\\\/coronavirus\\\/dudas-y-medidas-autonomos-ante-el-coronavirus\\\/#primaryimage\"},\"thumbnailUrl\":\"https:\\\/\\\/lladogrup.com\\\/wp-content\\\/uploads\\\/2021\\\/09\\\/Auto\u0300nomsCOVID19-270x290cat.jpeg\",\"datePublished\":\"2021-09-09T05:04:21+00:00\",\"breadcrumb\":{\"@id\":\"https:\\\/\\\/lladogrup.com\\\/es\\\/landing\\\/coronavirus\\\/dudas-y-medidas-autonomos-ante-el-coronavirus\\\/#breadcrumb\"},\"inLanguage\":\"es\",\"potentialAction\":[{\"@type\":\"ReadAction\",\"target\":[\"https:\\\/\\\/lladogrup.com\\\/es\\\/landing\\\/coronavirus\\\/dudas-y-medidas-autonomos-ante-el-coronavirus\\\/\"]}]},{\"@type\":\"ImageObject\",\"inLanguage\":\"es\",\"@id\":\"https:\\\/\\\/lladogrup.com\\\/es\\\/landing\\\/coronavirus\\\/dudas-y-medidas-autonomos-ante-el-coronavirus\\\/#primaryimage\",\"url\":\"https:\\\/\\\/lladogrup.com\\\/wp-content\\\/uploads\\\/2021\\\/09\\\/Auto\u0300nomsCOVID19-270x290cat.jpeg\",\"contentUrl\":\"https:\\\/\\\/lladogrup.com\\\/wp-content\\\/uploads\\\/2021\\\/09\\\/Auto\u0300nomsCOVID19-270x290cat.jpeg\",\"width\":270,\"height\":290,\"caption\":\"autonoms covid 19\"},{\"@type\":\"BreadcrumbList\",\"@id\":\"https:\\\/\\\/lladogrup.com\\\/es\\\/landing\\\/coronavirus\\\/dudas-y-medidas-autonomos-ante-el-coronavirus\\\/#breadcrumb\",\"itemListElement\":[{\"@type\":\"ListItem\",\"position\":1,\"name\":\"Portada\",\"item\":\"https:\\\/\\\/lladogrup.com\\\/es\\\/\"},{\"@type\":\"ListItem\",\"position\":2,\"name\":\"Landing\",\"item\":\"https:\\\/\\\/lladogrup.com\\\/es\\\/landing\\\/\"},{\"@type\":\"ListItem\",\"position\":3,\"name\":\"Coronavirus\",\"item\":\"https:\\\/\\\/lladogrup.com\\\/es\\\/landing\\\/coronavirus\\\/\"},{\"@type\":\"ListItem\",\"position\":4,\"name\":\"Dudas y Medidas Aut\u00f3nomos ante el Coronavirus\"}]},{\"@type\":\"WebSite\",\"@id\":\"https:\\\/\\\/lladogrup.com\\\/#website\",\"url\":\"https:\\\/\\\/lladogrup.com\\\/\",\"name\":\"Llad\u00f3 Grup\",\"description\":\"Consultoria i gestoria\",\"potentialAction\":[{\"@type\":\"SearchAction\",\"target\":{\"@type\":\"EntryPoint\",\"urlTemplate\":\"https:\\\/\\\/lladogrup.com\\\/?s={search_term_string}\"},\"query-input\":{\"@type\":\"PropertyValueSpecification\",\"valueRequired\":true,\"valueName\":\"search_term_string\"}}],\"inLanguage\":\"es\"}]}<\/script>\n<!-- \/ Yoast SEO plugin. -->","yoast_head_json":{"title":"Dudas y Medidas Aut\u00f3nomos ante el Coronavirus - Llad\u00f3 Grup","robots":{"index":"index","follow":"follow","max-snippet":"max-snippet:-1","max-image-preview":"max-image-preview:large","max-video-preview":"max-video-preview:-1"},"canonical":"https:\/\/lladogrup.com\/es\/landing\/coronavirus\/dudas-y-medidas-autonomos-ante-el-coronavirus\/","og_locale":"es_ES","og_type":"article","og_title":"Dudas y Medidas Aut\u00f3nomos ante el Coronavirus - Llad\u00f3 Grup","og_description":"[vc_row bg_type=\u00bbimage\u00bb parallax_style=\u00bbvcpb-default\u00bb bg_image_new=\u00bbid^59645|url^http:\/\/pre.lladogrup.com\/wp-content\/uploads\/2021\/09\/MesuresAutonomsCovid19-1140&#215;353-1.jpeg|caption^null|alt^null|title^MesuresAutonomsCovid19-1140&#215;353-1|description^null\u00bb bg_image_repeat=\u00bbno-repeat\u00bb bg_override=\u00bbex-full\u00bb enable_overlay=\u00bbenable_overlay_value\u00bb overlay_color=\u00bbrgba(0,0,0,0.5)\u00bb overlay_pattern=\u00bbtransperant\u00bb overlay_pattern_opacity=\u00bb25&#8243; type=\u00bbvc_default\u00bb margin_top=\u00bb-50&#8243; css=\u00bb.vc_custom_1631163455688{padding-top: 10% !important;padding-bottom: 10% !important;background-color: #000000 !important;}\u00bb][vc_column offset=\u00bbvc_col-lg-12 vc_col-md-12&#8243; css=\u00bb.vc_custom_1476030031960{padding-bottom: 10px !important;}\u00bb][\/vc_column][\/vc_row][vc_row content_placement=\u00bbmiddle\u00bb css=\u00bb.vc_custom_1580733807485{padding-top: 70px !important;padding-bottom: 20px !important;}\u00bb][vc_column][vc_empty_space][vc_column_text] El Gobierno ha aprobado una nueva prestaci\u00f3n extraordinaria para trabajadores y trabajadoras por cuenta propia con el objetivo de paliar los efectos negativos sobre sus&hellip;","og_url":"https:\/\/lladogrup.com\/es\/landing\/coronavirus\/dudas-y-medidas-autonomos-ante-el-coronavirus\/","og_site_name":"Llad\u00f3 Grup","og_image":[{"width":270,"height":290,"url":"https:\/\/lladogrup.com\/wp-content\/uploads\/2021\/09\/Auto\u0300nomsCOVID19-270x290cat.jpeg","type":"image\/jpeg"}],"twitter_card":"summary_large_image","twitter_misc":{"Tiempo de lectura":"4 minutos"},"schema":{"@context":"https:\/\/schema.org","@graph":[{"@type":"WebPage","@id":"https:\/\/lladogrup.com\/es\/landing\/coronavirus\/dudas-y-medidas-autonomos-ante-el-coronavirus\/","url":"https:\/\/lladogrup.com\/es\/landing\/coronavirus\/dudas-y-medidas-autonomos-ante-el-coronavirus\/","name":"Dudas y Medidas Aut\u00f3nomos ante el Coronavirus - Llad\u00f3 Grup","isPartOf":{"@id":"https:\/\/lladogrup.com\/#website"},"primaryImageOfPage":{"@id":"https:\/\/lladogrup.com\/es\/landing\/coronavirus\/dudas-y-medidas-autonomos-ante-el-coronavirus\/#primaryimage"},"image":{"@id":"https:\/\/lladogrup.com\/es\/landing\/coronavirus\/dudas-y-medidas-autonomos-ante-el-coronavirus\/#primaryimage"},"thumbnailUrl":"https:\/\/lladogrup.com\/wp-content\/uploads\/2021\/09\/Auto\u0300nomsCOVID19-270x290cat.jpeg","datePublished":"2021-09-09T05:04:21+00:00","breadcrumb":{"@id":"https:\/\/lladogrup.com\/es\/landing\/coronavirus\/dudas-y-medidas-autonomos-ante-el-coronavirus\/#breadcrumb"},"inLanguage":"es","potentialAction":[{"@type":"ReadAction","target":["https:\/\/lladogrup.com\/es\/landing\/coronavirus\/dudas-y-medidas-autonomos-ante-el-coronavirus\/"]}]},{"@type":"ImageObject","inLanguage":"es","@id":"https:\/\/lladogrup.com\/es\/landing\/coronavirus\/dudas-y-medidas-autonomos-ante-el-coronavirus\/#primaryimage","url":"https:\/\/lladogrup.com\/wp-content\/uploads\/2021\/09\/Auto\u0300nomsCOVID19-270x290cat.jpeg","contentUrl":"https:\/\/lladogrup.com\/wp-content\/uploads\/2021\/09\/Auto\u0300nomsCOVID19-270x290cat.jpeg","width":270,"height":290,"caption":"autonoms covid 19"},{"@type":"BreadcrumbList","@id":"https:\/\/lladogrup.com\/es\/landing\/coronavirus\/dudas-y-medidas-autonomos-ante-el-coronavirus\/#breadcrumb","itemListElement":[{"@type":"ListItem","position":1,"name":"Portada","item":"https:\/\/lladogrup.com\/es\/"},{"@type":"ListItem","position":2,"name":"Landing","item":"https:\/\/lladogrup.com\/es\/landing\/"},{"@type":"ListItem","position":3,"name":"Coronavirus","item":"https:\/\/lladogrup.com\/es\/landing\/coronavirus\/"},{"@type":"ListItem","position":4,"name":"Dudas y Medidas Aut\u00f3nomos ante el Coronavirus"}]},{"@type":"WebSite","@id":"https:\/\/lladogrup.com\/#website","url":"https:\/\/lladogrup.com\/","name":"Llad\u00f3 Grup","description":"Consultoria i gestoria","potentialAction":[{"@type":"SearchAction","target":{"@type":"EntryPoint","urlTemplate":"https:\/\/lladogrup.com\/?s={search_term_string}"},"query-input":{"@type":"PropertyValueSpecification","valueRequired":true,"valueName":"search_term_string"}}],"inLanguage":"es"}]}},"_links":{"self":[{"href":"https:\/\/lladogrup.com\/es\/wp-json\/wp\/v2\/pages\/59643","targetHints":{"allow":["GET"]}}],"collection":[{"href":"https:\/\/lladogrup.com\/es\/wp-json\/wp\/v2\/pages"}],"about":[{"href":"https:\/\/lladogrup.com\/es\/wp-json\/wp\/v2\/types\/page"}],"author":[{"embeddable":true,"href":"https:\/\/lladogrup.com\/es\/wp-json\/wp\/v2\/users\/1"}],"replies":[{"embeddable":true,"href":"https:\/\/lladogrup.com\/es\/wp-json\/wp\/v2\/comments?post=59643"}],"version-history":[{"count":3,"href":"https:\/\/lladogrup.com\/es\/wp-json\/wp\/v2\/pages\/59643\/revisions"}],"predecessor-version":[{"id":59653,"href":"https:\/\/lladogrup.com\/es\/wp-json\/wp\/v2\/pages\/59643\/revisions\/59653"}],"up":[{"embeddable":true,"href":"https:\/\/lladogrup.com\/es\/wp-json\/wp\/v2\/pages\/59500"}],"wp:featuredmedia":[{"embeddable":true,"href":"https:\/\/lladogrup.com\/es\/wp-json\/wp\/v2\/media\/59648"}],"wp:attachment":[{"href":"https:\/\/lladogrup.com\/es\/wp-json\/wp\/v2\/media?parent=59643"}],"curies":[{"name":"wp","href":"https:\/\/api.w.org\/{rel}","templated":true}]}}