{"id":59626,"date":"2021-09-09T04:53:49","date_gmt":"2021-09-09T04:53:49","guid":{"rendered":"https:\/\/pre.lladogrup.com\/?page_id=59626"},"modified":"2021-09-09T04:53:50","modified_gmt":"2021-09-09T04:53:50","slug":"certificados-de-desplazamientos-coronavirus","status":"publish","type":"page","link":"https:\/\/lladogrup.com\/es\/landing\/coronavirus\/certificados-de-desplazamientos-coronavirus\/","title":{"rendered":"Certificados de desplazamientos Coronavirus"},"content":{"rendered":"<div class=\"wpb-content-wrapper\"><p>[vc_row bg_type=\u00bbimage\u00bb parallax_style=\u00bbvcpb-default\u00bb bg_image_new=\u00bbid^59628|url^http:\/\/pre.lladogrup.com\/wp-content\/uploads\/2021\/09\/CertificatsDesplac\u0327aments-1140&#215;353-1.jpeg|caption^null|alt^null|title^CertificatsDesplac\u0327aments-1140&#215;353-1|description^null\u00bb bg_image_repeat=\u00bbno-repeat\u00bb bg_override=\u00bbex-full\u00bb enable_overlay=\u00bbenable_overlay_value\u00bb overlay_color=\u00bbrgba(0,0,0,0.5)\u00bb overlay_pattern=\u00bbtransperant\u00bb overlay_pattern_opacity=\u00bb25&#8243; type=\u00bbvc_default\u00bb margin_top=\u00bb-50&#8243; css=\u00bb.vc_custom_1631162747808{padding-top: 10% !important;padding-bottom: 10% !important;background-color: #000000 !important;}\u00bb][vc_column offset=\u00bbvc_col-lg-12 vc_col-md-12&#8243; css=\u00bb.vc_custom_1476030031960{padding-bottom: 10px !important;}\u00bb]<div id=\"ultimate-heading-578469e11be2c37ac\" class=\"uvc-heading ult-adjust-bottom-margin ultimate-heading-578469e11be2c37ac uvc-9851 accent-title-color\" data-hspacer=\"no_spacer\"  data-halign=\"center\" style=\"text-align:center\"><div class=\"uvc-heading-spacer no_spacer\" style=\"top\"><\/div><div class=\"uvc-main-heading ult-responsive\"  data-ultimate-target='.uvc-heading.ultimate-heading-578469e11be2c37ac h2'  data-responsive-json-new='{\"font-size\":\"desktop:34px;mobile_landscape:22px;mobile:22px;\",\"line-height\":\"desktop:46px;mobile_landscape:32px;mobile:32px;\"}' ><h2 style=\"font-family:&#039;Fira Sans&#039;;font-weight:normal;font-style:normal;color:#ffffff;\">Comunicado Llad\u00f3 Grup Consultor<\/h2><\/div><div class=\"uvc-sub-heading ult-responsive\"  data-ultimate-target='.uvc-heading.ultimate-heading-578469e11be2c37ac .uvc-sub-heading '  data-responsive-json-new='{\"font-size\":\"desktop:58px;mobile_landscape:38px;mobile:30px;\",\"line-height\":\"desktop:68px;mobile_landscape:48px;mobile:40px;\"}'  style=\"font-family:&#039;Fira Sans Condensed&#039;;font-weight:700;color:#ffffff;margin-top:10px;margin-bottom:20px;\"><span style=\"color: #ffffff;\">Certificados de Desplazamientos por Coronavirus<\/span><\/div><\/div>[\/vc_column][\/vc_row][vc_row content_placement=\u00bbmiddle\u00bb css=\u00bb.vc_custom_1580733807485{padding-top: 70px !important;padding-bottom: 20px !important;}\u00bb][vc_column]<div id=\"ultimate-heading-188169e11be2c3881\" class=\"uvc-heading ult-adjust-bottom-margin ultimate-heading-188169e11be2c3881 uvc-5907  uvc-heading-default-font-sizes\" data-hspacer=\"no_spacer\"  data-halign=\"center\" style=\"text-align:center\"><div class=\"uvc-heading-spacer no_spacer\" style=\"top\"><\/div><div class=\"uvc-main-heading ult-responsive\"  data-ultimate-target='.uvc-heading.ultimate-heading-188169e11be2c3881 h3'  data-responsive-json-new='{\"font-size\":\"\",\"line-height\":\"\"}' ><h3 style=\"font-weight:bold;margin-bottom:15px;\">Certificados de desplazamientos ante el Coronavirus<\/h3><\/div><\/div>[vc_empty_space][vc_column_text]<\/p>\n<div class=\"flex_column av_one_full flex_column_div av-zero-column-padding first avia-builder-el-4 el_after_av_one_full el_before_av_textblock column-top-margin\">\n<section class=\"av_textblock_section \">\n<div class=\"avia_textblock \">\n<div class=\"flex_column av_one_full flex_column_div av-zero-column-padding first avia-builder-el-4 el_after_av_one_full el_before_av_textblock column-top-margin\">\n<section class=\"av_textblock_section \">\n<div class=\"avia_textblock \">\n<h3>FAQs \u2013 Certificado de autorresponsabilidad en cumplimiento del estado de alarma COVID-19<\/h3>\n<\/div>\n<\/section>\n<\/div>\n<section class=\"av_textblock_section \">\n<div class=\"avia_textblock \">\n<h4>\u00bfPara que sirve?<\/h4>\n<p>Para disponer de un modelo de certificado donde se declare de forma responsable que la actividad que se est\u00e1 haciendo en el espacio p\u00fablico es una de las autorizadas por el estado de alarma. Su uso facilita a las polic\u00edas locales y a los Mossos d\u2019Esquadra la comprobaci\u00f3n dado que es un formato est\u00e1ndar.<\/p>\n<h4>\u00bfEs solo para desplazamientos con veh\u00edculo o tambi\u00e9n a pie?<\/h4>\n<p>Por ambos casos, especialmente si el desplazamiento es lejos del domicilio.<\/p>\n<h4>\u00bfEs obligatorio llevarlo?<\/h4>\n<p>No. Es un documento que facilita la declaraci\u00f3n pero no es obligatorio. S\u00ed que es recomendable.<\/p>\n<h4>\u00bfQui\u00e9n me lo puede requerir?<\/h4>\n<p>Solo los agentes de la polic\u00eda.<\/p>\n<h4>\u00bfQu\u00e9 pasa si no el oporto y me para la polic\u00eda? Me pueden multar por no llevarlo?<\/h4>\n<p>No os multar\u00e1n por no llevarlo. Si no lo llev\u00e1is y os para la polic\u00eda tendr\u00e9is que certificar en aquel momento que vuestra actividad se ajusta a las autorizadas por el estado de alarma.<\/p>\n<h4>\u00bfSustituye el certificado de trabajo que la empresa me ha facilitado?<\/h4>\n<p>No. El certificado de autorresponsabilidad es complementario al certificado de trabajo que la empresa os haya facilitado para el desplazamiento en el centro de trabajo. Llevadlos los dos.<\/p>\n<h4>\u00bfD\u00f3nde lo puedo conseguir?<\/h4>\n<p>Se puede descargar en la web de la Generalitat de Catalu\u00f1a y del Departamento de Interior. Las patrullas de los Mossos d\u2019Esquadra y las polic\u00edas locales tendr\u00e1n copias impresas por si necesit\u00e1is en un control. No vay\u00e1is a buscar a las comisar\u00edas. Los centros de trabajo y establecimientos de apertura autorizada pueden disponer de copias impresas, si bien no est\u00e1n obligados a tener. No vais expresamente a buscar.<\/p>\n<h4>\u00bfLo puedo imprimir y llenar a mano?<\/h4>\n<p>S\u00ed.<\/p>\n<h4>\u00bfHay que llevarlo en papel o en digital?<\/h4>\n<p>Lo pod\u00e9is llevar impreso o en formato digital al m\u00f3vil o dispositivo electr\u00f3nico tipo tableta.<\/p>\n<h4>\u00bfNecesito una firma digital?<\/h4>\n<p>No hace falta. Se puede usar, pero no es necesaria.<\/p>\n<h4>\u00bfLa polic\u00eda se quedar\u00e1 el documento original impreso?<\/h4>\n<p>No.<\/p>\n<h4>\u00bfPor qu\u00e9 aparecen solo estas opciones de actividad?<\/h4>\n<p>Porque son las que recoge el Real Decreto que establece el estado de alarma por COVID19.<\/p>\n<h4>\u00bfSi una actividad no est\u00e1 especificada, puedo indicarla?<\/h4>\n<p>S\u00ed. Al ep\u00edgrafe \u201ccausa de fuerza mayor o situaci\u00f3n de necesidad\u201d pod\u00e9is especificar otras actividades, siempre que respondan a las circunstancias de excepcionalidad justificada.<\/p>\n<h4>\u00bfLo necesito para salir brevemente a la calle como por ejemplo a tirar la basura, pasear mi mascota o hacer una compra breve junto a casa?<\/h4>\n<div class=\"traductor-textarea form-group\">\n<div class=\"textarea-desti col-xs-12 col-sm-6\">\n<div><\/div>\n<div class=\"form-control second-textarea\">No, considerando que es por un tiempo muy breve y junto al domicilio.<\/div>\n<\/div>\n<\/div>\n<div class=\"traductor-checkbox form-group\">\n<div><\/div>\n<h4 class=\"row\">\u00bfHay que hacer un certificado por cada desplazamiento?<\/h4>\n<\/div>\n<p>S\u00ed, uno por cada desplazamiento. Si en un mismo desplazamiento se hacen varias actividades hay que indicarlas especificando el destino m\u00e1s alejado (por ejemplo, ir al centro de trabajo e ir a comprar alimentos, marc\u00e1is las dos actividades e indic\u00e1is la direcci\u00f3n m\u00e1s alejada del lugar de origen).<\/p>\n<h4>\u00bfPuedo manipularlo o modificar el texto?<\/h4>\n<p>No.<\/p>\n<h4>\u00bfQu\u00e9 pasa si el que declaro no es cierto?<\/h4>\n<p>Es un hecho que se puede sancionar, como tambi\u00e9n lo es si verbalmente se declara un desplazamiento que no es cierto<\/p>\n<\/div>\n<\/section>\n<\/div>\n<\/section>\n<\/div>\n<p>[\/vc_column_text][\/vc_column][\/vc_row][vc_row css=\u00bb.vc_custom_1631163062106{margin-bottom: 40px !important;}\u00bb][vc_column width=\u00bb1\/2&#8243;]<style type=\"text\/css\" data-type=\"the7_shortcodes-inline-css\">#default-btn-5c70b529ac814ef22c7e64c502a18efb.ico-right-side > i {\n  margin-right: 0px;\n  margin-left: 8px;\n}\n#default-btn-5c70b529ac814ef22c7e64c502a18efb > i {\n  margin-right: 8px;\n}<\/style><div class=\"btn-align-center\"><a href=\"http:\/\/pre.lladogrup.com\/wp-content\/uploads\/2021\/09\/Certificat_autoresponsable_desplacament.docx\" class=\"default-btn-shortcode dt-btn dt-btn-l link-hover-off \" target=\"_blank\" id=\"default-btn-5c70b529ac814ef22c7e64c502a18efb\" rel=\"noopener\"><span>Descarrega el certificat autoresponsable de despla\u00e7ament<\/span><\/a><\/div>[\/vc_column][vc_column width=\u00bb1\/2&#8243;]<style type=\"text\/css\" data-type=\"the7_shortcodes-inline-css\">#default-btn-cf648af230772a2741782011fee6a74c.ico-right-side > i {\n  margin-right: 0px;\n  margin-left: 8px;\n}\n#default-btn-cf648af230772a2741782011fee6a74c > i {\n  margin-right: 8px;\n}<\/style><div class=\"btn-align-center\"><a href=\"http:\/\/pre.lladogrup.com\/wp-content\/uploads\/2021\/09\/Certificat-mobilitat-treballadors.docx\" class=\"default-btn-shortcode dt-btn dt-btn-l link-hover-off \" target=\"_blank\" id=\"default-btn-cf648af230772a2741782011fee6a74c\" rel=\"noopener\"><span>Descarrega el certificat de mobilitat per treballadors<\/span><\/a><\/div>[\/vc_column][\/vc_row]<\/p>\n<\/div>","protected":false},"excerpt":{"rendered":"<p>[vc_row bg_type=\u00bbimage\u00bb parallax_style=\u00bbvcpb-default\u00bb bg_image_new=\u00bbid^59628|url^http:\/\/pre.lladogrup.com\/wp-content\/uploads\/2021\/09\/CertificatsDesplac\u0327aments-1140&#215;353-1.jpeg|caption^null|alt^null|title^CertificatsDesplac\u0327aments-1140&#215;353-1|description^null\u00bb bg_image_repeat=\u00bbno-repeat\u00bb bg_override=\u00bbex-full\u00bb enable_overlay=\u00bbenable_overlay_value\u00bb overlay_color=\u00bbrgba(0,0,0,0.5)\u00bb overlay_pattern=\u00bbtransperant\u00bb overlay_pattern_opacity=\u00bb25&#8243; type=\u00bbvc_default\u00bb margin_top=\u00bb-50&#8243; css=\u00bb.vc_custom_1631162747808{padding-top: 10% !important;padding-bottom: 10% !important;background-color: #000000 !important;}\u00bb][vc_column offset=\u00bbvc_col-lg-12 vc_col-md-12&#8243; css=\u00bb.vc_custom_1476030031960{padding-bottom: 10px !important;}\u00bb][\/vc_column][\/vc_row][vc_row content_placement=\u00bbmiddle\u00bb css=\u00bb.vc_custom_1580733807485{padding-top: 70px !important;padding-bottom: 20px !important;}\u00bb][vc_column][vc_empty_space][vc_column_text] FAQs \u2013 Certificado de autorresponsabilidad en cumplimiento del estado de alarma COVID-19 \u00bfPara que sirve? Para disponer de un modelo de certificado donde se declare&hellip;<\/p>\n","protected":false},"author":1,"featured_media":59631,"parent":59500,"menu_order":3,"comment_status":"closed","ping_status":"closed","template":"","meta":{"_joinchat":[],"footnotes":""},"class_list":["post-59626","page","type-page","status-publish","has-post-thumbnail","hentry","description-off"],"yoast_head":"<!-- This site is optimized with the Yoast SEO plugin v27.3 - https:\/\/yoast.com\/product\/yoast-seo-wordpress\/ -->\n<title>Certificados de desplazamientos Coronavirus - Llad\u00f3 Grup<\/title>\n<meta name=\"robots\" content=\"index, follow, max-snippet:-1, max-image-preview:large, max-video-preview:-1\" \/>\n<link rel=\"canonical\" href=\"https:\/\/lladogrup.com\/es\/landing\/coronavirus\/certificados-de-desplazamientos-coronavirus\/\" \/>\n<meta property=\"og:locale\" content=\"es_ES\" \/>\n<meta property=\"og:type\" content=\"article\" \/>\n<meta property=\"og:title\" content=\"Certificados de desplazamientos Coronavirus - Llad\u00f3 Grup\" \/>\n<meta property=\"og:description\" content=\"[vc_row bg_type=\u00bbimage\u00bb parallax_style=\u00bbvcpb-default\u00bb bg_image_new=\u00bbid^59628|url^http:\/\/pre.lladogrup.com\/wp-content\/uploads\/2021\/09\/CertificatsDesplac\u0327aments-1140&#215;353-1.jpeg|caption^null|alt^null|title^CertificatsDesplac\u0327aments-1140&#215;353-1|description^null\u00bb bg_image_repeat=\u00bbno-repeat\u00bb bg_override=\u00bbex-full\u00bb enable_overlay=\u00bbenable_overlay_value\u00bb overlay_color=\u00bbrgba(0,0,0,0.5)\u00bb overlay_pattern=\u00bbtransperant\u00bb overlay_pattern_opacity=\u00bb25&#8243; type=\u00bbvc_default\u00bb margin_top=\u00bb-50&#8243; css=\u00bb.vc_custom_1631162747808{padding-top: 10% !important;padding-bottom: 10% !important;background-color: #000000 !important;}\u00bb][vc_column offset=\u00bbvc_col-lg-12 vc_col-md-12&#8243; css=\u00bb.vc_custom_1476030031960{padding-bottom: 10px !important;}\u00bb][\/vc_column][\/vc_row][vc_row content_placement=\u00bbmiddle\u00bb css=\u00bb.vc_custom_1580733807485{padding-top: 70px !important;padding-bottom: 20px !important;}\u00bb][vc_column][vc_empty_space][vc_column_text] FAQs \u2013 Certificado de autorresponsabilidad en cumplimiento del estado de alarma COVID-19 \u00bfPara que sirve? Para disponer de un modelo de certificado donde se declare&hellip;\" \/>\n<meta property=\"og:url\" content=\"https:\/\/lladogrup.com\/es\/landing\/coronavirus\/certificados-de-desplazamientos-coronavirus\/\" \/>\n<meta property=\"og:site_name\" content=\"Llad\u00f3 Grup\" \/>\n<meta property=\"article:modified_time\" content=\"2021-09-09T04:53:50+00:00\" \/>\n<meta property=\"og:image\" content=\"https:\/\/lladogrup.com\/wp-content\/uploads\/2021\/09\/CertificatsDesplac\u0327amentsCOVID19-270x290cat.jpeg\" \/>\n\t<meta property=\"og:image:width\" content=\"270\" \/>\n\t<meta property=\"og:image:height\" content=\"290\" \/>\n\t<meta property=\"og:image:type\" content=\"image\/jpeg\" \/>\n<meta name=\"twitter:card\" content=\"summary_large_image\" \/>\n<meta name=\"twitter:label1\" content=\"Tiempo de lectura\" \/>\n\t<meta name=\"twitter:data1\" content=\"3 minutos\" \/>\n<script type=\"application\/ld+json\" class=\"yoast-schema-graph\">{\"@context\":\"https:\\\/\\\/schema.org\",\"@graph\":[{\"@type\":\"WebPage\",\"@id\":\"https:\\\/\\\/lladogrup.com\\\/es\\\/landing\\\/coronavirus\\\/certificados-de-desplazamientos-coronavirus\\\/\",\"url\":\"https:\\\/\\\/lladogrup.com\\\/es\\\/landing\\\/coronavirus\\\/certificados-de-desplazamientos-coronavirus\\\/\",\"name\":\"Certificados de desplazamientos Coronavirus - Llad\u00f3 Grup\",\"isPartOf\":{\"@id\":\"https:\\\/\\\/lladogrup.com\\\/#website\"},\"primaryImageOfPage\":{\"@id\":\"https:\\\/\\\/lladogrup.com\\\/es\\\/landing\\\/coronavirus\\\/certificados-de-desplazamientos-coronavirus\\\/#primaryimage\"},\"image\":{\"@id\":\"https:\\\/\\\/lladogrup.com\\\/es\\\/landing\\\/coronavirus\\\/certificados-de-desplazamientos-coronavirus\\\/#primaryimage\"},\"thumbnailUrl\":\"https:\\\/\\\/lladogrup.com\\\/wp-content\\\/uploads\\\/2021\\\/09\\\/CertificatsDesplac\u0327amentsCOVID19-270x290cat.jpeg\",\"datePublished\":\"2021-09-09T04:53:49+00:00\",\"dateModified\":\"2021-09-09T04:53:50+00:00\",\"breadcrumb\":{\"@id\":\"https:\\\/\\\/lladogrup.com\\\/es\\\/landing\\\/coronavirus\\\/certificados-de-desplazamientos-coronavirus\\\/#breadcrumb\"},\"inLanguage\":\"es\",\"potentialAction\":[{\"@type\":\"ReadAction\",\"target\":[\"https:\\\/\\\/lladogrup.com\\\/es\\\/landing\\\/coronavirus\\\/certificados-de-desplazamientos-coronavirus\\\/\"]}]},{\"@type\":\"ImageObject\",\"inLanguage\":\"es\",\"@id\":\"https:\\\/\\\/lladogrup.com\\\/es\\\/landing\\\/coronavirus\\\/certificados-de-desplazamientos-coronavirus\\\/#primaryimage\",\"url\":\"https:\\\/\\\/lladogrup.com\\\/wp-content\\\/uploads\\\/2021\\\/09\\\/CertificatsDesplac\u0327amentsCOVID19-270x290cat.jpeg\",\"contentUrl\":\"https:\\\/\\\/lladogrup.com\\\/wp-content\\\/uploads\\\/2021\\\/09\\\/CertificatsDesplac\u0327amentsCOVID19-270x290cat.jpeg\",\"width\":270,\"height\":290,\"caption\":\"certificats despla\u00e7ament coronavirus grup llado\"},{\"@type\":\"BreadcrumbList\",\"@id\":\"https:\\\/\\\/lladogrup.com\\\/es\\\/landing\\\/coronavirus\\\/certificados-de-desplazamientos-coronavirus\\\/#breadcrumb\",\"itemListElement\":[{\"@type\":\"ListItem\",\"position\":1,\"name\":\"Portada\",\"item\":\"https:\\\/\\\/lladogrup.com\\\/es\\\/\"},{\"@type\":\"ListItem\",\"position\":2,\"name\":\"Landing\",\"item\":\"https:\\\/\\\/lladogrup.com\\\/es\\\/landing\\\/\"},{\"@type\":\"ListItem\",\"position\":3,\"name\":\"Coronavirus\",\"item\":\"https:\\\/\\\/lladogrup.com\\\/es\\\/landing\\\/coronavirus\\\/\"},{\"@type\":\"ListItem\",\"position\":4,\"name\":\"Certificados de desplazamientos Coronavirus\"}]},{\"@type\":\"WebSite\",\"@id\":\"https:\\\/\\\/lladogrup.com\\\/#website\",\"url\":\"https:\\\/\\\/lladogrup.com\\\/\",\"name\":\"Llad\u00f3 Grup\",\"description\":\"Consultoria i gestoria\",\"potentialAction\":[{\"@type\":\"SearchAction\",\"target\":{\"@type\":\"EntryPoint\",\"urlTemplate\":\"https:\\\/\\\/lladogrup.com\\\/?s={search_term_string}\"},\"query-input\":{\"@type\":\"PropertyValueSpecification\",\"valueRequired\":true,\"valueName\":\"search_term_string\"}}],\"inLanguage\":\"es\"}]}<\/script>\n<!-- \/ Yoast SEO plugin. -->","yoast_head_json":{"title":"Certificados de desplazamientos Coronavirus - Llad\u00f3 Grup","robots":{"index":"index","follow":"follow","max-snippet":"max-snippet:-1","max-image-preview":"max-image-preview:large","max-video-preview":"max-video-preview:-1"},"canonical":"https:\/\/lladogrup.com\/es\/landing\/coronavirus\/certificados-de-desplazamientos-coronavirus\/","og_locale":"es_ES","og_type":"article","og_title":"Certificados de desplazamientos Coronavirus - Llad\u00f3 Grup","og_description":"[vc_row bg_type=\u00bbimage\u00bb parallax_style=\u00bbvcpb-default\u00bb bg_image_new=\u00bbid^59628|url^http:\/\/pre.lladogrup.com\/wp-content\/uploads\/2021\/09\/CertificatsDesplac\u0327aments-1140&#215;353-1.jpeg|caption^null|alt^null|title^CertificatsDesplac\u0327aments-1140&#215;353-1|description^null\u00bb bg_image_repeat=\u00bbno-repeat\u00bb bg_override=\u00bbex-full\u00bb enable_overlay=\u00bbenable_overlay_value\u00bb overlay_color=\u00bbrgba(0,0,0,0.5)\u00bb overlay_pattern=\u00bbtransperant\u00bb overlay_pattern_opacity=\u00bb25&#8243; type=\u00bbvc_default\u00bb margin_top=\u00bb-50&#8243; css=\u00bb.vc_custom_1631162747808{padding-top: 10% !important;padding-bottom: 10% !important;background-color: #000000 !important;}\u00bb][vc_column offset=\u00bbvc_col-lg-12 vc_col-md-12&#8243; css=\u00bb.vc_custom_1476030031960{padding-bottom: 10px !important;}\u00bb][\/vc_column][\/vc_row][vc_row content_placement=\u00bbmiddle\u00bb css=\u00bb.vc_custom_1580733807485{padding-top: 70px !important;padding-bottom: 20px !important;}\u00bb][vc_column][vc_empty_space][vc_column_text] FAQs \u2013 Certificado de autorresponsabilidad en cumplimiento del estado de alarma COVID-19 \u00bfPara que sirve? Para disponer de un modelo de certificado donde se declare&hellip;","og_url":"https:\/\/lladogrup.com\/es\/landing\/coronavirus\/certificados-de-desplazamientos-coronavirus\/","og_site_name":"Llad\u00f3 Grup","article_modified_time":"2021-09-09T04:53:50+00:00","og_image":[{"width":270,"height":290,"url":"https:\/\/lladogrup.com\/wp-content\/uploads\/2021\/09\/CertificatsDesplac\u0327amentsCOVID19-270x290cat.jpeg","type":"image\/jpeg"}],"twitter_card":"summary_large_image","twitter_misc":{"Tiempo de lectura":"3 minutos"},"schema":{"@context":"https:\/\/schema.org","@graph":[{"@type":"WebPage","@id":"https:\/\/lladogrup.com\/es\/landing\/coronavirus\/certificados-de-desplazamientos-coronavirus\/","url":"https:\/\/lladogrup.com\/es\/landing\/coronavirus\/certificados-de-desplazamientos-coronavirus\/","name":"Certificados de desplazamientos Coronavirus - Llad\u00f3 Grup","isPartOf":{"@id":"https:\/\/lladogrup.com\/#website"},"primaryImageOfPage":{"@id":"https:\/\/lladogrup.com\/es\/landing\/coronavirus\/certificados-de-desplazamientos-coronavirus\/#primaryimage"},"image":{"@id":"https:\/\/lladogrup.com\/es\/landing\/coronavirus\/certificados-de-desplazamientos-coronavirus\/#primaryimage"},"thumbnailUrl":"https:\/\/lladogrup.com\/wp-content\/uploads\/2021\/09\/CertificatsDesplac\u0327amentsCOVID19-270x290cat.jpeg","datePublished":"2021-09-09T04:53:49+00:00","dateModified":"2021-09-09T04:53:50+00:00","breadcrumb":{"@id":"https:\/\/lladogrup.com\/es\/landing\/coronavirus\/certificados-de-desplazamientos-coronavirus\/#breadcrumb"},"inLanguage":"es","potentialAction":[{"@type":"ReadAction","target":["https:\/\/lladogrup.com\/es\/landing\/coronavirus\/certificados-de-desplazamientos-coronavirus\/"]}]},{"@type":"ImageObject","inLanguage":"es","@id":"https:\/\/lladogrup.com\/es\/landing\/coronavirus\/certificados-de-desplazamientos-coronavirus\/#primaryimage","url":"https:\/\/lladogrup.com\/wp-content\/uploads\/2021\/09\/CertificatsDesplac\u0327amentsCOVID19-270x290cat.jpeg","contentUrl":"https:\/\/lladogrup.com\/wp-content\/uploads\/2021\/09\/CertificatsDesplac\u0327amentsCOVID19-270x290cat.jpeg","width":270,"height":290,"caption":"certificats despla\u00e7ament coronavirus grup llado"},{"@type":"BreadcrumbList","@id":"https:\/\/lladogrup.com\/es\/landing\/coronavirus\/certificados-de-desplazamientos-coronavirus\/#breadcrumb","itemListElement":[{"@type":"ListItem","position":1,"name":"Portada","item":"https:\/\/lladogrup.com\/es\/"},{"@type":"ListItem","position":2,"name":"Landing","item":"https:\/\/lladogrup.com\/es\/landing\/"},{"@type":"ListItem","position":3,"name":"Coronavirus","item":"https:\/\/lladogrup.com\/es\/landing\/coronavirus\/"},{"@type":"ListItem","position":4,"name":"Certificados de desplazamientos Coronavirus"}]},{"@type":"WebSite","@id":"https:\/\/lladogrup.com\/#website","url":"https:\/\/lladogrup.com\/","name":"Llad\u00f3 Grup","description":"Consultoria i gestoria","potentialAction":[{"@type":"SearchAction","target":{"@type":"EntryPoint","urlTemplate":"https:\/\/lladogrup.com\/?s={search_term_string}"},"query-input":{"@type":"PropertyValueSpecification","valueRequired":true,"valueName":"search_term_string"}}],"inLanguage":"es"}]}},"_links":{"self":[{"href":"https:\/\/lladogrup.com\/es\/wp-json\/wp\/v2\/pages\/59626","targetHints":{"allow":["GET"]}}],"collection":[{"href":"https:\/\/lladogrup.com\/es\/wp-json\/wp\/v2\/pages"}],"about":[{"href":"https:\/\/lladogrup.com\/es\/wp-json\/wp\/v2\/types\/page"}],"author":[{"embeddable":true,"href":"https:\/\/lladogrup.com\/es\/wp-json\/wp\/v2\/users\/1"}],"replies":[{"embeddable":true,"href":"https:\/\/lladogrup.com\/es\/wp-json\/wp\/v2\/comments?post=59626"}],"version-history":[{"count":3,"href":"https:\/\/lladogrup.com\/es\/wp-json\/wp\/v2\/pages\/59626\/revisions"}],"predecessor-version":[{"id":59641,"href":"https:\/\/lladogrup.com\/es\/wp-json\/wp\/v2\/pages\/59626\/revisions\/59641"}],"up":[{"embeddable":true,"href":"https:\/\/lladogrup.com\/es\/wp-json\/wp\/v2\/pages\/59500"}],"wp:featuredmedia":[{"embeddable":true,"href":"https:\/\/lladogrup.com\/es\/wp-json\/wp\/v2\/media\/59631"}],"wp:attachment":[{"href":"https:\/\/lladogrup.com\/es\/wp-json\/wp\/v2\/media?parent=59626"}],"curies":[{"name":"wp","href":"https:\/\/api.w.org\/{rel}","templated":true}]}}