{"id":59618,"date":"2021-09-09T04:42:05","date_gmt":"2021-09-09T04:42:05","guid":{"rendered":"https:\/\/pre.lladogrup.com\/?page_id=59618"},"modified":"2021-09-09T04:42:43","modified_gmt":"2021-09-09T04:42:43","slug":"en-llado-grup-seguimos-prestando-servicios-en-remoto","status":"publish","type":"page","link":"https:\/\/lladogrup.com\/es\/landing\/coronavirus\/en-llado-grup-seguimos-prestando-servicios-en-remoto\/","title":{"rendered":"En Llad\u00f3 Grup seguimos prestando servicios en remoto"},"content":{"rendered":"<div class=\"wpb-content-wrapper\"><p>[vc_row bg_type=\u00bbimage\u00bb parallax_style=\u00bbvcpb-vz-jquery\u00bb bg_image_new=\u00bbid^14986|url^https:\/\/the7.io\/business\/wp-content\/uploads\/sites\/2\/2014\/03\/bg-row-19.jpg|caption^null|alt^null|title^bg-row-19|description^null\u00bb bg_image_repeat=\u00bbno-repeat\u00bb bg_override=\u00bbex-full\u00bb enable_overlay=\u00bbenable_overlay_value\u00bb overlay_color=\u00bbrgba(0,0,0,0.5)\u00bb overlay_pattern=\u00bbtransperant\u00bb overlay_pattern_opacity=\u00bb25&#8243; type=\u00bbvc_default\u00bb margin_top=\u00bb-50&#8243; css=\u00bb.vc_custom_1490186355982{padding-top: 10% !important;padding-bottom: 10% !important;background-color: #000000 !important;}\u00bb][vc_column offset=\u00bbvc_col-lg-12 vc_col-md-12&#8243; css=\u00bb.vc_custom_1476030031960{padding-bottom: 10px !important;}\u00bb]<div id=\"ultimate-heading-907269e1f4911714a\" class=\"uvc-heading ult-adjust-bottom-margin ultimate-heading-907269e1f4911714a uvc-9840 accent-title-color\" data-hspacer=\"no_spacer\"  data-halign=\"center\" style=\"text-align:center\"><div class=\"uvc-heading-spacer no_spacer\" style=\"top\"><\/div><div class=\"uvc-main-heading ult-responsive\"  data-ultimate-target='.uvc-heading.ultimate-heading-907269e1f4911714a h2'  data-responsive-json-new='{\"font-size\":\"desktop:34px;mobile_landscape:22px;mobile:22px;\",\"line-height\":\"desktop:46px;mobile_landscape:32px;mobile:32px;\"}' ><h2 style=\"font-family:&#039;Fira Sans&#039;;font-weight:normal;font-style:normal;color:#ffffff;\">Comunicado Llad\u00f3 Grup Consultor<\/h2><\/div><div class=\"uvc-sub-heading ult-responsive\"  data-ultimate-target='.uvc-heading.ultimate-heading-907269e1f4911714a .uvc-sub-heading '  data-responsive-json-new='{\"font-size\":\"desktop:58px;mobile_landscape:38px;mobile:30px;\",\"line-height\":\"desktop:68px;mobile_landscape:48px;mobile:40px;\"}'  style=\"font-family:&#039;Fira Sans Condensed&#039;;font-weight:700;color:#ffffff;margin-top:10px;margin-bottom:20px;\"><span style=\"color: #ffffff;\">Llad\u00f3 Grup sigue prestando sus servicios en remoto<\/span><\/div><\/div>[\/vc_column][\/vc_row][vc_row content_placement=\u00bbmiddle\u00bb css=\u00bb.vc_custom_1580733807485{padding-top: 70px !important;padding-bottom: 20px !important;}\u00bb][vc_column]<div id=\"ultimate-heading-524969e1f49117217\" class=\"uvc-heading ult-adjust-bottom-margin ultimate-heading-524969e1f49117217 uvc-7728  uvc-heading-default-font-sizes\" data-hspacer=\"no_spacer\"  data-halign=\"center\" style=\"text-align:center\"><div class=\"uvc-heading-spacer no_spacer\" style=\"top\"><\/div><div class=\"uvc-main-heading ult-responsive\"  data-ultimate-target='.uvc-heading.ultimate-heading-524969e1f49117217 h3'  data-responsive-json-new='{\"font-size\":\"\",\"line-height\":\"\"}' ><h3 style=\"font-weight:bold;margin-bottom:15px;\">Reinicio de la actividad. Llad\u00f3 Grup sigue prestando sus servicios preferentment en remot<\/h3><\/div><\/div>[vc_empty_space][vc_column_text]En aquest nou escenari de reinici d\u2019activitat segons les diferents fases de desconfinament programades pel Govern espanyol, \u00a0Llad\u00f3 Grup Consultor es mantindr\u00e0 a efectes de preservar la salut de tot el nostre equip i aix\u00ed mateix dels nostres clients, en plena activitat com hem fet des de la declaraci\u00f3 de l\u2019estat d\u2019alarma, preferentment,\u00a0 en teletreball.<\/p>\n<p>Llad\u00f3 Grup Consultor pot desenvolupar la seva tasca via teletreball i, per tant, en sistema remot at\u00e8s la import\u00e0ncia que sempre hem donat a la tecnologia i a les inversions fetes en aquest sentit. Aix\u00ed el fet de tenir totes les nostres aplicacions en \u201ccloud\u201d ens permet treballar des de qualsevol lloc del m\u00f3n amb connexi\u00f3 a internet i, per tant, els nostres clients estaran sempre atesos.<\/p>\n<p>A nivell de comunicaci\u00f3 amb clients, empreses, prove\u00efdors, col\u00b7laboradors, companys de l\u2019equip, etc. , Llad\u00f3 Grup Consultor disposa dels mitjans habituals com s\u00f3n el correu electr\u00f2nic en les adreces habituals de cada membre de l\u2019equip, aix\u00ed com els tel\u00e8fons de contacte habituals del despatx, tant les l\u00ednies directes com les extensions. La nostre centraleta es troba operativa, tamb\u00e9, en remot des de la declaraci\u00f3 de l\u2019estat d\u2019alarma.<\/p>\n<p>Com que l\u2019activitat del nostre despatx no para at\u00e8s les circumst\u00e0ncies actuals i es fan necess\u00e0ries les reunions amb clients, aquestes les estem mantenint via videotrucades mitjan\u00e7ant diferents sistemes a l\u2019abast. En aquest sentit estem treballant amb Teams, Zoom, FaceTime (si les dues parts tenen el sistema Apple), Whatsapp i Skype. Per tant, si es vol mantenir una reuni\u00f3 amb algun dels professionals del despatx nom\u00e9s cal concertar una entrevista i concretar per quin dels sistemes es realitza. Segons evolucionin les circumst\u00e0ncies comunicarem, oportunament, quan i de quina manera es podran fer reunions presencials a les nostres instal\u00b7lacions.<\/p>\n<p>Sabem de les dificultats que estan passant les empreses i els aut\u00f2noms amb la crisi sanit\u00e0ria del Covid-19 i, des del primer moment, hem bolcat i refor\u00e7at tots els equips per poder donar resposta al client en diverses q\u00fcestions (ERTOS, prestaci\u00f3 dels aut\u00f2noms, ajornaments de les liquidacions tribut\u00e0ries i de seguretat social, consultes jur\u00eddiques de contractes d\u2019arrendament i d\u2019altres), aix\u00ed com sabem de l\u2019esfor\u00e7 un cop totes les activitats retornin a certa normalitat. En aquest sentit hem creat equips de treball \u00a0per ajudar a l\u2019empresari a unes bones pr\u00e0ctiques empresarials (realitzar estudis de viabilitat, nous pressupostos, prendre mesures laborals, mesures econ\u00f2mica-financeres, tribut\u00e0ries i mercantils). En aquest sentit Llad\u00f3 Grup Consultor es converteix, en moments com aquest sobretot, en un \u201c<em>partner<\/em>\u201d estrat\u00e8gic de les empreses, aut\u00f2noms i de les persones f\u00edsiques que d\u2019elles se\u2019n deriven, sent la nostra activitat essencial per la consultoria necess\u00e0ria en moments com els actuals i que, com venint fent des de 1955, estem al teu costat per fer el cam\u00ed junts.<\/p>\n<p>Agraint la confian\u00e7a dels nostres clients,<\/p>\n<p>Atentament,<\/p>\n<p><strong>Joan Llad\u00f3 Gr\u00edfol<\/strong><\/p>\n<p><strong>President de Llad\u00f3 Grup Consultor<\/strong>[\/vc_column_text][\/vc_column][\/vc_row]<\/p>\n<\/div>","protected":false},"excerpt":{"rendered":"<p>[vc_row bg_type=\u00bbimage\u00bb parallax_style=\u00bbvcpb-vz-jquery\u00bb bg_image_new=\u00bbid^14986|url^https:\/\/the7.io\/business\/wp-content\/uploads\/sites\/2\/2014\/03\/bg-row-19.jpg|caption^null|alt^null|title^bg-row-19|description^null\u00bb bg_image_repeat=\u00bbno-repeat\u00bb bg_override=\u00bbex-full\u00bb enable_overlay=\u00bbenable_overlay_value\u00bb overlay_color=\u00bbrgba(0,0,0,0.5)\u00bb overlay_pattern=\u00bbtransperant\u00bb overlay_pattern_opacity=\u00bb25&#8243; type=\u00bbvc_default\u00bb margin_top=\u00bb-50&#8243; css=\u00bb.vc_custom_1490186355982{padding-top: 10% !important;padding-bottom: 10% !important;background-color: #000000 !important;}\u00bb][vc_column offset=\u00bbvc_col-lg-12 vc_col-md-12&#8243; css=\u00bb.vc_custom_1476030031960{padding-bottom: 10px !important;}\u00bb][\/vc_column][\/vc_row][vc_row content_placement=\u00bbmiddle\u00bb css=\u00bb.vc_custom_1580733807485{padding-top: 70px !important;padding-bottom: 20px !important;}\u00bb][vc_column][vc_empty_space][vc_column_text]En aquest nou escenari de reinici d\u2019activitat segons les diferents fases de desconfinament programades pel Govern espanyol, \u00a0Llad\u00f3 Grup Consultor es mantindr\u00e0 a efectes de preservar&hellip;<\/p>\n","protected":false},"author":1,"featured_media":59621,"parent":59500,"menu_order":1,"comment_status":"closed","ping_status":"closed","template":"","meta":{"_joinchat":[],"footnotes":""},"class_list":["post-59618","page","type-page","status-publish","has-post-thumbnail","hentry","description-off"],"yoast_head":"<!-- This site is optimized with the Yoast SEO plugin v27.3 - https:\/\/yoast.com\/product\/yoast-seo-wordpress\/ -->\n<title>En Llad\u00f3 Grup seguimos prestando servicios en remoto - Llad\u00f3 Grup<\/title>\n<meta name=\"robots\" content=\"index, follow, max-snippet:-1, max-image-preview:large, max-video-preview:-1\" \/>\n<link rel=\"canonical\" href=\"https:\/\/lladogrup.com\/es\/landing\/coronavirus\/en-llado-grup-seguimos-prestando-servicios-en-remoto\/\" \/>\n<meta property=\"og:locale\" content=\"es_ES\" \/>\n<meta property=\"og:type\" content=\"article\" \/>\n<meta property=\"og:title\" content=\"En Llad\u00f3 Grup seguimos prestando servicios en remoto - Llad\u00f3 Grup\" \/>\n<meta property=\"og:description\" content=\"[vc_row bg_type=\u00bbimage\u00bb parallax_style=\u00bbvcpb-vz-jquery\u00bb bg_image_new=\u00bbid^14986|url^https:\/\/the7.io\/business\/wp-content\/uploads\/sites\/2\/2014\/03\/bg-row-19.jpg|caption^null|alt^null|title^bg-row-19|description^null\u00bb bg_image_repeat=\u00bbno-repeat\u00bb bg_override=\u00bbex-full\u00bb enable_overlay=\u00bbenable_overlay_value\u00bb overlay_color=\u00bbrgba(0,0,0,0.5)\u00bb overlay_pattern=\u00bbtransperant\u00bb overlay_pattern_opacity=\u00bb25&#8243; type=\u00bbvc_default\u00bb margin_top=\u00bb-50&#8243; css=\u00bb.vc_custom_1490186355982{padding-top: 10% !important;padding-bottom: 10% !important;background-color: #000000 !important;}\u00bb][vc_column offset=\u00bbvc_col-lg-12 vc_col-md-12&#8243; css=\u00bb.vc_custom_1476030031960{padding-bottom: 10px !important;}\u00bb][\/vc_column][\/vc_row][vc_row content_placement=\u00bbmiddle\u00bb css=\u00bb.vc_custom_1580733807485{padding-top: 70px !important;padding-bottom: 20px !important;}\u00bb][vc_column][vc_empty_space][vc_column_text]En aquest nou escenari de reinici d\u2019activitat segons les diferents fases de desconfinament programades pel Govern espanyol, \u00a0Llad\u00f3 Grup Consultor es mantindr\u00e0 a efectes de preservar&hellip;\" \/>\n<meta property=\"og:url\" content=\"https:\/\/lladogrup.com\/es\/landing\/coronavirus\/en-llado-grup-seguimos-prestando-servicios-en-remoto\/\" \/>\n<meta property=\"og:site_name\" content=\"Llad\u00f3 Grup\" \/>\n<meta property=\"article:modified_time\" content=\"2021-09-09T04:42:43+00:00\" \/>\n<meta property=\"og:image\" content=\"https:\/\/lladogrup.com\/wp-content\/uploads\/2021\/09\/20200414ComunicatServeisRemot520x272cat.jpeg\" \/>\n\t<meta property=\"og:image:width\" content=\"520\" \/>\n\t<meta property=\"og:image:height\" content=\"272\" \/>\n\t<meta property=\"og:image:type\" content=\"image\/jpeg\" \/>\n<meta name=\"twitter:card\" content=\"summary_large_image\" \/>\n<meta name=\"twitter:label1\" content=\"Tiempo de lectura\" \/>\n\t<meta name=\"twitter:data1\" content=\"3 minutos\" \/>\n<script type=\"application\/ld+json\" class=\"yoast-schema-graph\">{\"@context\":\"https:\\\/\\\/schema.org\",\"@graph\":[{\"@type\":\"WebPage\",\"@id\":\"https:\\\/\\\/lladogrup.com\\\/es\\\/landing\\\/coronavirus\\\/en-llado-grup-seguimos-prestando-servicios-en-remoto\\\/\",\"url\":\"https:\\\/\\\/lladogrup.com\\\/es\\\/landing\\\/coronavirus\\\/en-llado-grup-seguimos-prestando-servicios-en-remoto\\\/\",\"name\":\"En Llad\u00f3 Grup seguimos prestando servicios en remoto - Llad\u00f3 Grup\",\"isPartOf\":{\"@id\":\"https:\\\/\\\/lladogrup.com\\\/#website\"},\"primaryImageOfPage\":{\"@id\":\"https:\\\/\\\/lladogrup.com\\\/es\\\/landing\\\/coronavirus\\\/en-llado-grup-seguimos-prestando-servicios-en-remoto\\\/#primaryimage\"},\"image\":{\"@id\":\"https:\\\/\\\/lladogrup.com\\\/es\\\/landing\\\/coronavirus\\\/en-llado-grup-seguimos-prestando-servicios-en-remoto\\\/#primaryimage\"},\"thumbnailUrl\":\"https:\\\/\\\/lladogrup.com\\\/wp-content\\\/uploads\\\/2021\\\/09\\\/20200414ComunicatServeisRemot520x272cat.jpeg\",\"datePublished\":\"2021-09-09T04:42:05+00:00\",\"dateModified\":\"2021-09-09T04:42:43+00:00\",\"breadcrumb\":{\"@id\":\"https:\\\/\\\/lladogrup.com\\\/es\\\/landing\\\/coronavirus\\\/en-llado-grup-seguimos-prestando-servicios-en-remoto\\\/#breadcrumb\"},\"inLanguage\":\"es\",\"potentialAction\":[{\"@type\":\"ReadAction\",\"target\":[\"https:\\\/\\\/lladogrup.com\\\/es\\\/landing\\\/coronavirus\\\/en-llado-grup-seguimos-prestando-servicios-en-remoto\\\/\"]}]},{\"@type\":\"ImageObject\",\"inLanguage\":\"es\",\"@id\":\"https:\\\/\\\/lladogrup.com\\\/es\\\/landing\\\/coronavirus\\\/en-llado-grup-seguimos-prestando-servicios-en-remoto\\\/#primaryimage\",\"url\":\"https:\\\/\\\/lladogrup.com\\\/wp-content\\\/uploads\\\/2021\\\/09\\\/20200414ComunicatServeisRemot520x272cat.jpeg\",\"contentUrl\":\"https:\\\/\\\/lladogrup.com\\\/wp-content\\\/uploads\\\/2021\\\/09\\\/20200414ComunicatServeisRemot520x272cat.jpeg\",\"width\":520,\"height\":272,\"caption\":\"serveis en remot Grup Llado\"},{\"@type\":\"BreadcrumbList\",\"@id\":\"https:\\\/\\\/lladogrup.com\\\/es\\\/landing\\\/coronavirus\\\/en-llado-grup-seguimos-prestando-servicios-en-remoto\\\/#breadcrumb\",\"itemListElement\":[{\"@type\":\"ListItem\",\"position\":1,\"name\":\"Portada\",\"item\":\"https:\\\/\\\/lladogrup.com\\\/es\\\/\"},{\"@type\":\"ListItem\",\"position\":2,\"name\":\"Landing\",\"item\":\"https:\\\/\\\/lladogrup.com\\\/es\\\/landing\\\/\"},{\"@type\":\"ListItem\",\"position\":3,\"name\":\"Coronavirus\",\"item\":\"https:\\\/\\\/lladogrup.com\\\/es\\\/landing\\\/coronavirus\\\/\"},{\"@type\":\"ListItem\",\"position\":4,\"name\":\"En Llad\u00f3 Grup seguimos prestando servicios en remoto\"}]},{\"@type\":\"WebSite\",\"@id\":\"https:\\\/\\\/lladogrup.com\\\/#website\",\"url\":\"https:\\\/\\\/lladogrup.com\\\/\",\"name\":\"Llad\u00f3 Grup\",\"description\":\"Consultoria i gestoria\",\"potentialAction\":[{\"@type\":\"SearchAction\",\"target\":{\"@type\":\"EntryPoint\",\"urlTemplate\":\"https:\\\/\\\/lladogrup.com\\\/?s={search_term_string}\"},\"query-input\":{\"@type\":\"PropertyValueSpecification\",\"valueRequired\":true,\"valueName\":\"search_term_string\"}}],\"inLanguage\":\"es\"}]}<\/script>\n<!-- \/ Yoast SEO plugin. -->","yoast_head_json":{"title":"En Llad\u00f3 Grup seguimos prestando servicios en remoto - Llad\u00f3 Grup","robots":{"index":"index","follow":"follow","max-snippet":"max-snippet:-1","max-image-preview":"max-image-preview:large","max-video-preview":"max-video-preview:-1"},"canonical":"https:\/\/lladogrup.com\/es\/landing\/coronavirus\/en-llado-grup-seguimos-prestando-servicios-en-remoto\/","og_locale":"es_ES","og_type":"article","og_title":"En Llad\u00f3 Grup seguimos prestando servicios en remoto - Llad\u00f3 Grup","og_description":"[vc_row bg_type=\u00bbimage\u00bb parallax_style=\u00bbvcpb-vz-jquery\u00bb bg_image_new=\u00bbid^14986|url^https:\/\/the7.io\/business\/wp-content\/uploads\/sites\/2\/2014\/03\/bg-row-19.jpg|caption^null|alt^null|title^bg-row-19|description^null\u00bb bg_image_repeat=\u00bbno-repeat\u00bb bg_override=\u00bbex-full\u00bb enable_overlay=\u00bbenable_overlay_value\u00bb overlay_color=\u00bbrgba(0,0,0,0.5)\u00bb overlay_pattern=\u00bbtransperant\u00bb overlay_pattern_opacity=\u00bb25&#8243; type=\u00bbvc_default\u00bb margin_top=\u00bb-50&#8243; css=\u00bb.vc_custom_1490186355982{padding-top: 10% !important;padding-bottom: 10% !important;background-color: #000000 !important;}\u00bb][vc_column offset=\u00bbvc_col-lg-12 vc_col-md-12&#8243; css=\u00bb.vc_custom_1476030031960{padding-bottom: 10px !important;}\u00bb][\/vc_column][\/vc_row][vc_row content_placement=\u00bbmiddle\u00bb css=\u00bb.vc_custom_1580733807485{padding-top: 70px !important;padding-bottom: 20px !important;}\u00bb][vc_column][vc_empty_space][vc_column_text]En aquest nou escenari de reinici d\u2019activitat segons les diferents fases de desconfinament programades pel Govern espanyol, \u00a0Llad\u00f3 Grup Consultor es mantindr\u00e0 a efectes de preservar&hellip;","og_url":"https:\/\/lladogrup.com\/es\/landing\/coronavirus\/en-llado-grup-seguimos-prestando-servicios-en-remoto\/","og_site_name":"Llad\u00f3 Grup","article_modified_time":"2021-09-09T04:42:43+00:00","og_image":[{"width":520,"height":272,"url":"https:\/\/lladogrup.com\/wp-content\/uploads\/2021\/09\/20200414ComunicatServeisRemot520x272cat.jpeg","type":"image\/jpeg"}],"twitter_card":"summary_large_image","twitter_misc":{"Tiempo de lectura":"3 minutos"},"schema":{"@context":"https:\/\/schema.org","@graph":[{"@type":"WebPage","@id":"https:\/\/lladogrup.com\/es\/landing\/coronavirus\/en-llado-grup-seguimos-prestando-servicios-en-remoto\/","url":"https:\/\/lladogrup.com\/es\/landing\/coronavirus\/en-llado-grup-seguimos-prestando-servicios-en-remoto\/","name":"En Llad\u00f3 Grup seguimos prestando servicios en remoto - Llad\u00f3 Grup","isPartOf":{"@id":"https:\/\/lladogrup.com\/#website"},"primaryImageOfPage":{"@id":"https:\/\/lladogrup.com\/es\/landing\/coronavirus\/en-llado-grup-seguimos-prestando-servicios-en-remoto\/#primaryimage"},"image":{"@id":"https:\/\/lladogrup.com\/es\/landing\/coronavirus\/en-llado-grup-seguimos-prestando-servicios-en-remoto\/#primaryimage"},"thumbnailUrl":"https:\/\/lladogrup.com\/wp-content\/uploads\/2021\/09\/20200414ComunicatServeisRemot520x272cat.jpeg","datePublished":"2021-09-09T04:42:05+00:00","dateModified":"2021-09-09T04:42:43+00:00","breadcrumb":{"@id":"https:\/\/lladogrup.com\/es\/landing\/coronavirus\/en-llado-grup-seguimos-prestando-servicios-en-remoto\/#breadcrumb"},"inLanguage":"es","potentialAction":[{"@type":"ReadAction","target":["https:\/\/lladogrup.com\/es\/landing\/coronavirus\/en-llado-grup-seguimos-prestando-servicios-en-remoto\/"]}]},{"@type":"ImageObject","inLanguage":"es","@id":"https:\/\/lladogrup.com\/es\/landing\/coronavirus\/en-llado-grup-seguimos-prestando-servicios-en-remoto\/#primaryimage","url":"https:\/\/lladogrup.com\/wp-content\/uploads\/2021\/09\/20200414ComunicatServeisRemot520x272cat.jpeg","contentUrl":"https:\/\/lladogrup.com\/wp-content\/uploads\/2021\/09\/20200414ComunicatServeisRemot520x272cat.jpeg","width":520,"height":272,"caption":"serveis en remot Grup Llado"},{"@type":"BreadcrumbList","@id":"https:\/\/lladogrup.com\/es\/landing\/coronavirus\/en-llado-grup-seguimos-prestando-servicios-en-remoto\/#breadcrumb","itemListElement":[{"@type":"ListItem","position":1,"name":"Portada","item":"https:\/\/lladogrup.com\/es\/"},{"@type":"ListItem","position":2,"name":"Landing","item":"https:\/\/lladogrup.com\/es\/landing\/"},{"@type":"ListItem","position":3,"name":"Coronavirus","item":"https:\/\/lladogrup.com\/es\/landing\/coronavirus\/"},{"@type":"ListItem","position":4,"name":"En Llad\u00f3 Grup seguimos prestando servicios en remoto"}]},{"@type":"WebSite","@id":"https:\/\/lladogrup.com\/#website","url":"https:\/\/lladogrup.com\/","name":"Llad\u00f3 Grup","description":"Consultoria i gestoria","potentialAction":[{"@type":"SearchAction","target":{"@type":"EntryPoint","urlTemplate":"https:\/\/lladogrup.com\/?s={search_term_string}"},"query-input":{"@type":"PropertyValueSpecification","valueRequired":true,"valueName":"search_term_string"}}],"inLanguage":"es"}]}},"_links":{"self":[{"href":"https:\/\/lladogrup.com\/es\/wp-json\/wp\/v2\/pages\/59618","targetHints":{"allow":["GET"]}}],"collection":[{"href":"https:\/\/lladogrup.com\/es\/wp-json\/wp\/v2\/pages"}],"about":[{"href":"https:\/\/lladogrup.com\/es\/wp-json\/wp\/v2\/types\/page"}],"author":[{"embeddable":true,"href":"https:\/\/lladogrup.com\/es\/wp-json\/wp\/v2\/users\/1"}],"replies":[{"embeddable":true,"href":"https:\/\/lladogrup.com\/es\/wp-json\/wp\/v2\/comments?post=59618"}],"version-history":[{"count":3,"href":"https:\/\/lladogrup.com\/es\/wp-json\/wp\/v2\/pages\/59618\/revisions"}],"predecessor-version":[{"id":59624,"href":"https:\/\/lladogrup.com\/es\/wp-json\/wp\/v2\/pages\/59618\/revisions\/59624"}],"up":[{"embeddable":true,"href":"https:\/\/lladogrup.com\/es\/wp-json\/wp\/v2\/pages\/59500"}],"wp:featuredmedia":[{"embeddable":true,"href":"https:\/\/lladogrup.com\/es\/wp-json\/wp\/v2\/media\/59621"}],"wp:attachment":[{"href":"https:\/\/lladogrup.com\/es\/wp-json\/wp\/v2\/media?parent=59618"}],"curies":[{"name":"wp","href":"https:\/\/api.w.org\/{rel}","templated":true}]}}