{"id":58972,"date":"2021-05-24T20:05:37","date_gmt":"2021-05-24T20:05:37","guid":{"rendered":"https:\/\/pre.lladogrup.com\/politica-cookies\/"},"modified":"2025-08-07T18:36:50","modified_gmt":"2025-08-07T16:36:50","slug":"politica-cookies","status":"publish","type":"page","link":"https:\/\/lladogrup.com\/es\/politica-cookies\/","title":{"rendered":"Pol\u00edtica de cookies"},"content":{"rendered":"<div class=\"wpb-content-wrapper\"><p>[vc_row][vc_column]<div id=\"ultimate-heading-397769f6f452c4418\" class=\"uvc-heading ult-adjust-bottom-margin ultimate-heading-397769f6f452c4418 uvc-2756  uvc-heading-default-font-sizes\" data-hspacer=\"no_spacer\"  data-halign=\"left\" style=\"text-align:left\"><div class=\"uvc-heading-spacer no_spacer\" style=\"top\"><\/div><div class=\"uvc-main-heading ult-responsive\"  data-ultimate-target='.uvc-heading.ultimate-heading-397769f6f452c4418 h4'  data-responsive-json-new='{\"font-size\":\"\",\"line-height\":\"\"}' ><h4 style=\"--font-weight:theme;\">1. \u00bfQu\u00e9 son las cookies?<\/h4><\/div><\/div>[vc_column_text]<\/p>\n<p style=\"text-align: justify;\">Las cookies son peque\u00f1os archivos de datos que se env\u00edan al ordenador del usuario, a su tel\u00e9fono m\u00f3vil o a cualquier otro dispositivo de acceso cuando el usuario realiza una visita un sitio web; por ello, permiten obtener y recopilar informaci\u00f3n relativa a su navegaci\u00f3n pudiendo, incluso, reconocer la IP del ordenador o dispositivo.<\/p>\n<p style=\"text-align: justify;\">Las cookies son esenciales para el funcionamiento de Internet, aportando innumerables ventajas en la prestaci\u00f3n de servicios interactivos, facilitando la navegaci\u00f3n por los sitios web.<\/p>\n<p style=\"text-align: justify;\">Las cookies no pueden da\u00f1ar el equipo.<\/p>\n<p style=\"text-align: justify;\">El hecho de que est\u00e9n activadas ayuda a identificar y a resolver errores en los accesos a los sitios web o sus servicios.<\/p>\n<p style=\"text-align: justify;\">En base a lo anterior, LLAD\u00d3 ADVOCATS GRUP CONSULTOR, S.A. pone en su conocimiento que utiliza cookies para recopilar informaci\u00f3n sobre la utilizaci\u00f3n de la misma por parte de los usuarios y mejorar la experiencia de navegaci\u00f3n.<\/p>\n<p style=\"text-align: justify;\">Mediante el uso y la navegaci\u00f3n por el sitio web, el usuario acepta y consiente que LLAD\u00d3 ADVOCATS GRUP CONSULTOR, S.A. almacene cookies en su ordenador o dispositivo electr\u00f3nico con las finalidades anteriormente citadas.<\/p>\n<p style=\"text-align: justify;\">As\u00ed mismo, el usuario reconoce la posibilidad de rechazar el tratamiento de dichos datos o informaci\u00f3n rechazando el uso de cookies mediante la selecci\u00f3n de la configuraci\u00f3n apropiada en el navegador. Ahora bien: esta opci\u00f3n de bloqueo de cookies en el navegador puede no permitirle el uso pleno de todas las funcionalidades de LLAD\u00d3 ADVOCATS GRUP CONSULTOR, S.A.<\/p>\n<p style=\"text-align: justify;\">Y en cumplimiento del Art. 22.2 de la Ley de Servicios de la Sociedad de la Informaci\u00f3n y siguiendo las directrices de la Agencia Espa\u00f1ola de Protecci\u00f3n de Datos, procedemos a detallar el uso de cookies que hace LLAD\u00d3 ADVOCATS GRUP CONSULTOR, S.A.<\/p>\n<p>[\/vc_column_text][\/vc_column][\/vc_row][vc_row][vc_column]<div id=\"ultimate-heading-144169f6f452c4505\" class=\"uvc-heading ult-adjust-bottom-margin ultimate-heading-144169f6f452c4505 uvc-780  uvc-heading-default-font-sizes\" data-hspacer=\"no_spacer\"  data-halign=\"left\" style=\"text-align:left\"><div class=\"uvc-heading-spacer no_spacer\" style=\"top\"><\/div><div class=\"uvc-main-heading ult-responsive\"  data-ultimate-target='.uvc-heading.ultimate-heading-144169f6f452c4505 h4'  data-responsive-json-new='{\"font-size\":\"\",\"line-height\":\"\"}' ><h4 style=\"--font-weight:theme;\">2. \u00bfQu\u00e9 cookies utiliza este sitio web?<\/h4><\/div><\/div>[vc_column_text]<\/p>\n<p style=\"text-align: justify;\"><u>Cookies propias:<\/u><\/p>\n<ul>\n<li style=\"text-align: justify;\"><em>Cookies necesarias: <\/em>Estas cookies t\u00e9cnicas favorece la funcionalidad de la web mediante la activaci\u00f3n de funciones b\u00e1sicas como la navegaci\u00f3n en el sitio y el acceso a \u00e1reas seguras del mismo. El sitio web puede no funcionar adecuadamente sin estas cookies.<\/li>\n<li style=\"text-align: justify;\"><em>Cookies de personalizaci\u00f3n:<\/em> Son aqu\u00e9llas que permiten al usuario acceder al servicio con algunas caracter\u00edsticas de car\u00e1cter general, predefinidas en funci\u00f3n de una serie de criterios en el terminal del usuario, como por ejemplo el idioma, el tipo de navegador a trav\u00e9s del cual accede al servicio, la configuraci\u00f3n regional desde donde accede al servicio, etc.<\/li>\n<li style=\"text-align: justify;\"><em>Cookies anal\u00edticas:<\/em> Sirven para recabar estad\u00edsticas sobre la actividad del usuario al visitar el sitio web y la actividad general de la misma. La informaci\u00f3n suele recopilarse, generalmente, de forma anonimizada y permite optimizar la navegaci\u00f3n a trav\u00e9s del sitio web y garantizar el mejor servicio al usuario.<\/li>\n<li style=\"text-align: justify;\"><em>Cookies de seguridad:<\/em> Son aquellas que se utilizan para garantizar la seguridad en el acceso y uso del servicio, como por ejemplo las usadas para autenticar a usuarios, evitar el uso fraudulento de credenciales de inicio de sesi\u00f3n y proteger los datos de usuarios frente a terceros no autorizados.<\/li>\n<li style=\"text-align: justify;\"><em>Google Analytics: E<\/em>s un servicio de an\u00e1lisis web prestado por Google. Para la prestaci\u00f3n de estos servicios, estos utilizan cookies que recopilan la informaci\u00f3n, incluida la direcci\u00f3n IP del usuario, que ser\u00e1 transmitida, tratada y almacenada por Google en los t\u00e9rminos fijados en la Web <a href=\"https:\/\/policies.google.com\/privacy\" target=\"_blank\" rel=\"noopener\">https:\/\/policies.google.com\/privacy<\/a> incluyendo la posible transmisi\u00f3n de dicha informaci\u00f3n a terceros por razones de exigencia legal o cuando dichos terceros procesen la informaci\u00f3n por cuenta de Google.<\/li>\n<\/ul>\n<p style=\"text-align: justify;\"><a href=\"https:\/\/developers.google.com\/analytics\/devguides\/collection\/analyticsjs\/cookie-usage\" target=\"_blank\" rel=\"noopener\">https:\/\/developers.google.com\/analytics\/devguides\/collection\/analyticsjs\/cookie-usage<\/a><\/p>\n<p style=\"text-align: justify;\">El usuario puede revocar su consentimiento para el uso de cookies en el panel de configuraci\u00f3n de preferencias de cookies; o bien en su navegador a trav\u00e9s de las opciones del desarrollador del navegador que est\u00e9 utilizando; o bien instalando un sistema de rechazo (\u00abopt-out\u00bb) a trav\u00e9s de los enlaces de algunos terceros que instalan cookies en la p\u00e1gina web.<\/p>\n<p>Opt-out de Google Analytics: <a href=\"https:\/\/tools.google.com\/dlpage\/gaoptout?hl=None\" target=\"_blank\" rel=\"noopener\">https:\/\/tools.google.com\/dlpage\/gaoptout?hl=None<\/a><\/p>\n<p><u>Tabla de Cookies:<\/u><\/p>\n<table width=\"576\">\n<tbody>\n<tr>\n<td><strong>NOMBRE T\u00c9CNICO<\/strong><\/td>\n<td width=\"103\"><strong>FINALIDAD<\/strong><\/td>\n<td width=\"130\"><strong>INFORMACI\u00d3N RECOPILADA<\/strong><\/td>\n<td width=\"97\"><strong>PLAZO DE PERMANENCIA<\/strong><\/td>\n<td width=\"123\"><strong>ENTIDAD QUE LA GESTIONA (PROPIA O DE TERCERO)<\/strong><\/td>\n<\/tr>\n<tr>\n<td><\/td>\n<td width=\"103\"><\/td>\n<td width=\"130\"><\/td>\n<td width=\"97\"><\/td>\n<td width=\"123\"><\/td>\n<\/tr>\n<tr>\n<td><\/td>\n<td width=\"103\"><\/td>\n<td width=\"130\"><\/td>\n<td width=\"97\"><\/td>\n<td width=\"123\"><\/td>\n<\/tr>\n<tr>\n<td><\/td>\n<td width=\"103\"><\/td>\n<td width=\"130\"><\/td>\n<td width=\"97\"><\/td>\n<td width=\"123\"><\/td>\n<\/tr>\n<tr>\n<td><\/td>\n<td width=\"103\"><\/td>\n<td width=\"130\"><\/td>\n<td width=\"97\"><\/td>\n<td width=\"123\"><\/td>\n<\/tr>\n<tr>\n<td><\/td>\n<td width=\"103\"><\/td>\n<td width=\"130\"><\/td>\n<td width=\"97\"><\/td>\n<td width=\"123\"><\/td>\n<\/tr>\n<tr>\n<td><\/td>\n<td width=\"103\"><\/td>\n<td width=\"130\"><\/td>\n<td width=\"97\"><\/td>\n<td width=\"123\"><\/td>\n<\/tr>\n<tr>\n<td><\/td>\n<td width=\"103\"><\/td>\n<td width=\"130\"><\/td>\n<td width=\"97\"><\/td>\n<td width=\"123\"><\/td>\n<\/tr>\n<tr>\n<td><\/td>\n<td width=\"103\"><\/td>\n<td width=\"130\"><\/td>\n<td width=\"97\"><\/td>\n<td width=\"123\"><\/td>\n<\/tr>\n<\/tbody>\n<\/table>\n<p>&nbsp;<\/p>\n<p style=\"text-align: justify;\"><em>Este cuadro informativo se actualizar\u00e1 con la mayor celeridad posible a medida que cambien los servicios ofrecidos en este sitio web. No obstante, puntalmente durante dicha actualizaci\u00f3n, podr\u00eda ocurrir que el cuadro informativo dejara de incluir alguna cookie, tag u otros sistemas similares que permitan la trazabilidad de un usuario o su dispositivo, si bien se tratar\u00e1 siempre de sistemas con finalidades id\u00e9nticas a las que constan en el presente cuadro.<\/em><\/p>\n<ul>\n<li><em>Cookies de Redes sociales:<\/em><\/li>\n<\/ul>\n<p>En su caso, cada red social utiliza sus propias cookies con la finalidad de que el usuario pueda compartir informaci\u00f3n o actividad en ellas.[\/vc_column_text][\/vc_column][\/vc_row][vc_row][vc_column]<div id=\"ultimate-heading-664069f6f452c45af\" class=\"uvc-heading ult-adjust-bottom-margin ultimate-heading-664069f6f452c45af uvc-590  uvc-heading-default-font-sizes\" data-hspacer=\"no_spacer\"  data-halign=\"left\" style=\"text-align:left\"><div class=\"uvc-heading-spacer no_spacer\" style=\"top\"><\/div><div class=\"uvc-main-heading ult-responsive\"  data-ultimate-target='.uvc-heading.ultimate-heading-664069f6f452c45af h4'  data-responsive-json-new='{\"font-size\":\"\",\"line-height\":\"\"}' ><h4 style=\"--font-weight:theme;\">3. Bloqueo de cookies:<\/h4><\/div><\/div>[vc_column_text]<\/p>\n<p style=\"text-align: justify;\">El Usuario puede permitir, bloquear o eliminar las cookies instaladas en su equipo mediante la configuraci\u00f3n de las opciones del navegador instalado en el ordenador siguiendo las instrucciones:<\/p>\n<p style=\"text-align: justify;\"><em>Google Chrome:<\/em> Herramientas \u2192 Configuraci\u00f3n \u2192 Mostrar opciones avanzadas \u2192 configuraci\u00f3n de contenido \u2192 Cookies \u2192 Bloquear los datos de sitios y las cookies de terceros<\/p>\n<p style=\"text-align: justify;\"><em>Mozilla Firefox<\/em>: Herramientas \u2192 Opciones \u2192 Privacidad \u2192 Historial \u2192 Usar una configuraci\u00f3n personalizada para el historial (desmarcar todas las casillas).<\/p>\n<p style=\"text-align: justify;\"><em>Internet Explorer<\/em>: Herramientas \u2192 Opciones de Internet \u2192 Privacidad \u2192 Configuraci\u00f3n para la zona de Internet (subir la barra de navegaci\u00f3n hasta Bloquear todas las cookies).<\/p>\n<p style=\"text-align: justify;\"><em>Safari:<\/em> Edici\u00f3n \u2192 Preferencias \u2192 Privacidad \u2192 Bloquear cookies (seleccionar \u201csiempre\u201d).<\/p>\n<p style=\"text-align: justify;\">O bien a trav\u00e9s de los siguientes enlaces:<\/p>\n<ul>\n<li style=\"text-align: justify;\"><a href=\"http:\/\/windows.microsoft.com\/es-es\/windows7\/how-to-manage-cookies-in-internet-explorer-9\" target=\"_blank\" rel=\"noopener\">Configuraci\u00f3n de cookies en Internet Explorer<\/a><\/li>\n<li><a href=\"https:\/\/support.google.com\/chrome\/answer\/95647?hl=es\" target=\"_blank\" rel=\"noopener\">Configuraci\u00f3n de cookies en Chrome<\/a><\/li>\n<li><a href=\"https:\/\/support.mozilla.org\/es\/kb\/habilitar-y-deshabilitar-cookies-que-los-sitios-we\" target=\"_blank\" rel=\"noopener\">Configuraci\u00f3n de cookies en Firefox<\/a><\/li>\n<li><a href=\"https:\/\/support.apple.com\/kb\/PH17191?locale=es_ES\" target=\"_blank\" rel=\"noopener\">Configuraci\u00f3n de cookies en Safari<\/a><\/li>\n<\/ul>\n<p>&nbsp;<\/p>\n<p>As\u00ed mismo, la mayor\u00eda de navegadores permiten activar un modo privado mediante el cual las cookies se borran siempre despu\u00e9s de la visita.<\/p>\n<p>&nbsp;<\/p>\n<p style=\"text-align: justify;\">Tambi\u00e9n puede configurar sus preferencias con respecto a las cookies accediendo a <a href=\"http:\/\/www.youronlinechoices.com\/es\/\" target=\"_blank\" rel=\"noopener\">http:\/\/www.youronlinechoices.com\/es\/<\/a>.<\/p>\n<p style=\"text-align: justify;\">Finalmente, LLAD\u00d3 ADVOCATS GRUP CONSULTOR se reserva el derecho a modificar en cualquier momento la Pol\u00edtica de Cookies. Si tiene alguna duda al respecto, puede ponerse en contacto con nosotros a trav\u00e9s de los canales habituales.<\/p>\n<p>[\/vc_column_text][\/vc_column][\/vc_row]<\/p>\n<\/div>","protected":false},"excerpt":{"rendered":"<p>[vc_row][vc_column][vc_column_text] Las cookies son peque\u00f1os archivos de datos que se env\u00edan al ordenador del usuario, a su tel\u00e9fono m\u00f3vil o a cualquier otro dispositivo de acceso cuando el usuario realiza una visita un sitio web; por ello, permiten obtener y recopilar informaci\u00f3n relativa a su navegaci\u00f3n pudiendo, incluso, reconocer la IP del ordenador o dispositivo.&hellip;<\/p>\n","protected":false},"author":1,"featured_media":0,"parent":0,"menu_order":101,"comment_status":"closed","ping_status":"closed","template":"","meta":{"_joinchat":[],"footnotes":""},"class_list":["post-58972","page","type-page","status-publish","hentry","description-off"],"yoast_head":"<!-- This site is optimized with the Yoast SEO plugin v27.3 - https:\/\/yoast.com\/product\/yoast-seo-wordpress\/ -->\n<title>Pol\u00edtica de cookies - Llad\u00f3 Grup<\/title>\n<meta name=\"robots\" content=\"noindex, follow\" \/>\n<meta property=\"og:locale\" content=\"es_ES\" \/>\n<meta property=\"og:type\" content=\"article\" \/>\n<meta property=\"og:title\" content=\"Pol\u00edtica de cookies - Llad\u00f3 Grup\" \/>\n<meta property=\"og:description\" content=\"[vc_row][vc_column][vc_column_text] Las cookies son peque\u00f1os archivos de datos que se env\u00edan al ordenador del usuario, a su tel\u00e9fono m\u00f3vil o a cualquier otro dispositivo de acceso cuando el usuario realiza una visita un sitio web; por ello, permiten obtener y recopilar informaci\u00f3n relativa a su navegaci\u00f3n pudiendo, incluso, reconocer la IP del ordenador o dispositivo.&hellip;\" \/>\n<meta property=\"og:url\" content=\"https:\/\/lladogrup.com\/es\/politica-cookies\/\" \/>\n<meta property=\"og:site_name\" content=\"Llad\u00f3 Grup\" \/>\n<meta property=\"article:modified_time\" content=\"2025-08-07T16:36:50+00:00\" \/>\n<meta name=\"twitter:card\" content=\"summary_large_image\" \/>\n<meta name=\"twitter:label1\" content=\"Tiempo de lectura\" \/>\n\t<meta name=\"twitter:data1\" content=\"6 minutos\" \/>\n<script type=\"application\/ld+json\" class=\"yoast-schema-graph\">{\"@context\":\"https:\\\/\\\/schema.org\",\"@graph\":[{\"@type\":\"WebPage\",\"@id\":\"https:\\\/\\\/lladogrup.com\\\/es\\\/politica-cookies\\\/\",\"url\":\"https:\\\/\\\/lladogrup.com\\\/es\\\/politica-cookies\\\/\",\"name\":\"Pol\u00edtica de cookies - Llad\u00f3 Grup\",\"isPartOf\":{\"@id\":\"https:\\\/\\\/lladogrup.com\\\/#website\"},\"datePublished\":\"2021-05-24T20:05:37+00:00\",\"dateModified\":\"2025-08-07T16:36:50+00:00\",\"breadcrumb\":{\"@id\":\"https:\\\/\\\/lladogrup.com\\\/es\\\/politica-cookies\\\/#breadcrumb\"},\"inLanguage\":\"es\",\"potentialAction\":[{\"@type\":\"ReadAction\",\"target\":[\"https:\\\/\\\/lladogrup.com\\\/es\\\/politica-cookies\\\/\"]}]},{\"@type\":\"BreadcrumbList\",\"@id\":\"https:\\\/\\\/lladogrup.com\\\/es\\\/politica-cookies\\\/#breadcrumb\",\"itemListElement\":[{\"@type\":\"ListItem\",\"position\":1,\"name\":\"Portada\",\"item\":\"https:\\\/\\\/lladogrup.com\\\/es\\\/\"},{\"@type\":\"ListItem\",\"position\":2,\"name\":\"Pol\u00edtica de cookies\"}]},{\"@type\":\"WebSite\",\"@id\":\"https:\\\/\\\/lladogrup.com\\\/#website\",\"url\":\"https:\\\/\\\/lladogrup.com\\\/\",\"name\":\"Llad\u00f3 Grup\",\"description\":\"Consultoria i gestoria\",\"potentialAction\":[{\"@type\":\"SearchAction\",\"target\":{\"@type\":\"EntryPoint\",\"urlTemplate\":\"https:\\\/\\\/lladogrup.com\\\/?s={search_term_string}\"},\"query-input\":{\"@type\":\"PropertyValueSpecification\",\"valueRequired\":true,\"valueName\":\"search_term_string\"}}],\"inLanguage\":\"es\"}]}<\/script>\n<!-- \/ Yoast SEO plugin. -->","yoast_head_json":{"title":"Pol\u00edtica de cookies - Llad\u00f3 Grup","robots":{"index":"noindex","follow":"follow"},"og_locale":"es_ES","og_type":"article","og_title":"Pol\u00edtica de cookies - Llad\u00f3 Grup","og_description":"[vc_row][vc_column][vc_column_text] Las cookies son peque\u00f1os archivos de datos que se env\u00edan al ordenador del usuario, a su tel\u00e9fono m\u00f3vil o a cualquier otro dispositivo de acceso cuando el usuario realiza una visita un sitio web; por ello, permiten obtener y recopilar informaci\u00f3n relativa a su navegaci\u00f3n pudiendo, incluso, reconocer la IP del ordenador o dispositivo.&hellip;","og_url":"https:\/\/lladogrup.com\/es\/politica-cookies\/","og_site_name":"Llad\u00f3 Grup","article_modified_time":"2025-08-07T16:36:50+00:00","twitter_card":"summary_large_image","twitter_misc":{"Tiempo de lectura":"6 minutos"},"schema":{"@context":"https:\/\/schema.org","@graph":[{"@type":"WebPage","@id":"https:\/\/lladogrup.com\/es\/politica-cookies\/","url":"https:\/\/lladogrup.com\/es\/politica-cookies\/","name":"Pol\u00edtica de cookies - Llad\u00f3 Grup","isPartOf":{"@id":"https:\/\/lladogrup.com\/#website"},"datePublished":"2021-05-24T20:05:37+00:00","dateModified":"2025-08-07T16:36:50+00:00","breadcrumb":{"@id":"https:\/\/lladogrup.com\/es\/politica-cookies\/#breadcrumb"},"inLanguage":"es","potentialAction":[{"@type":"ReadAction","target":["https:\/\/lladogrup.com\/es\/politica-cookies\/"]}]},{"@type":"BreadcrumbList","@id":"https:\/\/lladogrup.com\/es\/politica-cookies\/#breadcrumb","itemListElement":[{"@type":"ListItem","position":1,"name":"Portada","item":"https:\/\/lladogrup.com\/es\/"},{"@type":"ListItem","position":2,"name":"Pol\u00edtica de cookies"}]},{"@type":"WebSite","@id":"https:\/\/lladogrup.com\/#website","url":"https:\/\/lladogrup.com\/","name":"Llad\u00f3 Grup","description":"Consultoria i gestoria","potentialAction":[{"@type":"SearchAction","target":{"@type":"EntryPoint","urlTemplate":"https:\/\/lladogrup.com\/?s={search_term_string}"},"query-input":{"@type":"PropertyValueSpecification","valueRequired":true,"valueName":"search_term_string"}}],"inLanguage":"es"}]}},"_links":{"self":[{"href":"https:\/\/lladogrup.com\/es\/wp-json\/wp\/v2\/pages\/58972","targetHints":{"allow":["GET"]}}],"collection":[{"href":"https:\/\/lladogrup.com\/es\/wp-json\/wp\/v2\/pages"}],"about":[{"href":"https:\/\/lladogrup.com\/es\/wp-json\/wp\/v2\/types\/page"}],"author":[{"embeddable":true,"href":"https:\/\/lladogrup.com\/es\/wp-json\/wp\/v2\/users\/1"}],"replies":[{"embeddable":true,"href":"https:\/\/lladogrup.com\/es\/wp-json\/wp\/v2\/comments?post=58972"}],"version-history":[{"count":3,"href":"https:\/\/lladogrup.com\/es\/wp-json\/wp\/v2\/pages\/58972\/revisions"}],"predecessor-version":[{"id":61697,"href":"https:\/\/lladogrup.com\/es\/wp-json\/wp\/v2\/pages\/58972\/revisions\/61697"}],"wp:attachment":[{"href":"https:\/\/lladogrup.com\/es\/wp-json\/wp\/v2\/media?parent=58972"}],"curies":[{"name":"wp","href":"https:\/\/api.w.org\/{rel}","templated":true}]}}