{"id":58967,"date":"2021-07-01T10:32:08","date_gmt":"2021-07-01T10:32:08","guid":{"rendered":"https:\/\/pre.lladogrup.com\/?page_id=58967"},"modified":"2025-08-07T18:40:08","modified_gmt":"2025-08-07T16:40:08","slug":"portal-del-cliente","status":"publish","type":"page","link":"https:\/\/lladogrup.com\/es\/portal-del-cliente\/","title":{"rendered":"Portal del cliente"},"content":{"rendered":"<div class=\"wpb-content-wrapper\"><p>[vc_row bg_type=\u00bbimage\u00bb parallax_style=\u00bbvcpb-vz-jquery\u00bb bg_image_new=\u00bbid^57302|url^http:\/\/pre.lladogrup.com\/wp-content\/uploads\/2021\/02\/foto_accesclients3.jpg|caption^null|alt^null|title^foto_accesclients3|description^null\u00bb bg_image_repeat=\u00bbno-repeat\u00bb bg_override=\u00bbex-full\u00bb enable_overlay=\u00bbenable_overlay_value\u00bb overlay_color=\u00bbrgba(0,0,0,0.5)\u00bb overlay_pattern=\u00bbtransperant\u00bb overlay_pattern_opacity=\u00bb25&#8243; type=\u00bbvc_default\u00bb margin_top=\u00bb-50&#8243; css=\u00bb.vc_custom_1613406621891{padding-top: 8% !important;padding-bottom: 8% !important;background-color: #000000 !important;}\u00bb][vc_column offset=\u00bbvc_col-lg-12 vc_col-md-12&#8243; css=\u00bb.vc_custom_1476030031960{padding-bottom: 10px !important;}\u00bb]<div id=\"ultimate-heading-356769df208b3bac7\" class=\"uvc-heading ult-adjust-bottom-margin ultimate-heading-356769df208b3bac7 uvc-782 accent-title-color\" data-hspacer=\"no_spacer\"  data-halign=\"center\" style=\"text-align:center\"><div class=\"uvc-heading-spacer no_spacer\" style=\"top\"><\/div><div class=\"uvc-main-heading ult-responsive\"  data-ultimate-target='.uvc-heading.ultimate-heading-356769df208b3bac7 h2'  data-responsive-json-new='{\"font-size\":\"desktop:34px;mobile_landscape:22px;mobile:22px;\",\"line-height\":\"desktop:46px;mobile_landscape:32px;mobile:32px;\"}' ><h2 style=\"font-family:&#039;Fira Sans&#039;;font-weight:normal;font-style:normal;color:#ffffff;\">Connecta!<\/h2><\/div><div class=\"uvc-sub-heading ult-responsive\"  data-ultimate-target='.uvc-heading.ultimate-heading-356769df208b3bac7 .uvc-sub-heading '  data-responsive-json-new='{\"font-size\":\"desktop:58px;mobile_landscape:38px;mobile:30px;\",\"line-height\":\"desktop:68px;mobile_landscape:48px;mobile:40px;\"}'  style=\"font-family:&#039;Fira Sans Condensed&#039;;font-weight:700;color:#ffffff;margin-top:10px;margin-bottom:20px;\">Acc\u00e9s a clients<\/div><\/div>[\/vc_column][\/vc_row][vc_row equal_height=\u00bbyes\u00bb type=\u00bbvc_default\u00bb margin_bottom=\u00bb10&#8243; css=\u00bb.vc_custom_1613399285878{padding-top: 20px !important;padding-bottom: 20px !important;}\u00bb][vc_column css=\u00bb.vc_custom_1613399105706{padding-bottom: 50px !important;}\u00bb]<div id=\"ultimate-heading-8369df208b3bbc4\" class=\"uvc-heading ult-adjust-bottom-margin ultimate-heading-8369df208b3bbc4 uvc-1532 \" data-hspacer=\"no_spacer\"  data-halign=\"center\" style=\"text-align:center\"><div class=\"uvc-heading-spacer no_spacer\" style=\"top\"><\/div><div class=\"uvc-main-heading ult-responsive\"  data-ultimate-target='.uvc-heading.ultimate-heading-8369df208b3bbc4 h2'  data-responsive-json-new='{\"font-size\":\"desktop:28px;\",\"line-height\":\"desktop:30px;\"}' ><h2 style=\"font-weight:bold;margin-bottom:20px;\">Un punt d'acc\u00e9s \u00fanic per comunicar-nos<\/h2><\/div><\/div>[vc_column_text]<\/p>\n<h4 style=\"text-align: center;\">Ja pots accedir a les eines de comunicaci\u00f3 digital amb Llad\u00f3 Grup que posem a disposici\u00f3 de tots els clients.<\/h4>\n<h4 style=\"text-align: center;\">Un nou m\u00e8tode de comunicaci\u00f3, simplificat i que permetr\u00e0 millorar la nostra relaci\u00f3 professional.<\/h4>\n<p>[\/vc_column_text][\/vc_column][\/vc_row][vc_row equal_height=\u00bbyes\u00bb type=\u00bbvc_default\u00bb margin_bottom=\u00bb10&#8243; css=\u00bb.vc_custom_1613399285878{padding-top: 20px !important;padding-bottom: 20px !important;}\u00bb][vc_column width=\u00bb1\/3&#8243; css=\u00bb.vc_custom_1613402245812{padding-bottom: 50px !important;}\u00bb offset=\u00bbvc_col-lg-offset-0&#8243;][vc_single_image image=\u00bb57307&#8243; img_size=\u00bb150&#215;150&#8243; alignment=\u00bbcenter\u00bb css_animation=\u00bbbounceInUp\u00bb]<style type=\"text\/css\" data-type=\"the7_shortcodes-inline-css\">#default-btn-57c80dece76551044838a3942369708b.ico-right-side > i {\n  margin-right: 0px;\n  margin-left: 8px;\n}\n#default-btn-57c80dece76551044838a3942369708b > i {\n  margin-right: 8px;\n}<\/style><div class=\"btn-align-center\"><a href=\"https:\/\/com.lladogrup.com:5443\/suasorweb\/\" class=\"default-btn-shortcode dt-btn dt-btn-m fadeIn animate-element animation-builder link-hover-off \" target=\"_blank\" id=\"default-btn-57c80dece76551044838a3942369708b\" rel=\"noopener\"><i class=\"icomoon-the7-font-the7-login-031\"><\/i><span>Portal Laboral<\/span><\/a><\/div>[vc_empty_space][vc_column_text]<\/p>\n<p style=\"text-align: justify;\">El <strong>Portal del Client<\/strong> \u00e9s l\u2019acc\u00e9s individual de l\u2019empresa per a la consulta, gesti\u00f3 i desc\u00e0rrega d\u2019informaci\u00f3 i dades de la seva empresa de l&#8217;\u00e0mbit laboral.<\/p>\n<p style=\"text-align: justify;\">\u00c9s un mitj\u00e0 de comunicaci\u00f3 i intercanvi d\u2019informaci\u00f3 entre l\u2019empresa i el despatx.<\/p>\n<p>[\/vc_column_text][\/vc_column][vc_column width=\u00bb1\/3&#8243;][vc_single_image image=\u00bb57306&#8243; img_size=\u00bb150&#215;150&#8243; alignment=\u00bbcenter\u00bb css_animation=\u00bbbounceInUp\u00bb]<style type=\"text\/css\" data-type=\"the7_shortcodes-inline-css\">#default-btn-5d9e3b906dd04ae186f242d4b6ffa569.ico-right-side > i {\n  margin-right: 0px;\n  margin-left: 8px;\n}\n#default-btn-5d9e3b906dd04ae186f242d4b6ffa569 > i {\n  margin-right: 8px;\n}<\/style><div class=\"btn-align-center\"><a href=\"https:\/\/lladogrup.kabiku.es\/\" class=\"default-btn-shortcode dt-btn dt-btn-m fadeIn animate-element animation-builder link-hover-off \" target=\"_blank\" id=\"default-btn-5d9e3b906dd04ae186f242d4b6ffa569\" rel=\"noopener\"><i class=\"icomoon-the7-font-the7-login-031\"><\/i><span>Portal Comptable i Facturaci\u00f3<\/span><\/a><\/div>[vc_empty_space][vc_column_text]<\/p>\n<p style=\"text-align: justify;\">Est\u00e0 pensat per donar soluci\u00f3 al nostre client a consultar la seva comptabilitat, accedir en temps real a la informaci\u00f3 a trav\u00e9s d\u2019una plataforma 100% online. Consultar\u00e0 balan\u00e7os, p\u00e8rdues i guanys, fitxes de major, r\u00e0tios comptables i altres q\u00fcestions.<\/p>\n<p style=\"text-align: justify;\">Tamb\u00e9 pot utilitzar el\u00a0<strong>Facturador<\/strong>\u00a0que permet crear les factures del seu negoci per a enviar als seus clients i el nostre despatx far\u00e0 amb aquesta informaci\u00f3 els llibres obligatoris i vost\u00e8 pot controlar les seves factures emeses.<\/p>\n<p>[\/vc_column_text][\/vc_column][vc_column width=\u00bb1\/3&#8243;][vc_single_image image=\u00bb57308&#8243; img_size=\u00bb150&#215;150&#8243; alignment=\u00bbcenter\u00bb css_animation=\u00bbbounceInUp\u00bb]<style type=\"text\/css\" data-type=\"the7_shortcodes-inline-css\">#default-btn-e29c0fe8778fc7a0b78bf4c8b703e9fe.ico-right-side > i {\n  margin-right: 0px;\n  margin-left: 8px;\n}\n#default-btn-e29c0fe8778fc7a0b78bf4c8b703e9fe > i {\n  margin-right: 8px;\n}<\/style><div class=\"btn-align-center\"><a href=\"https:\/\/com.lladogrup.com:5443\/gesdoc\/\" class=\"default-btn-shortcode dt-btn dt-btn-m fadeIn animate-element animation-builder link-hover-off \" target=\"_blank\" id=\"default-btn-e29c0fe8778fc7a0b78bf4c8b703e9fe\" rel=\"noopener\"><i class=\"icomoon-the7-font-the7-login-031\"><\/i><span>Gestor Documental<\/span><\/a><\/div>[vc_empty_space][vc_column_text]<\/p>\n<p style=\"text-align: justify;\">Llad\u00f3 Grup Consultor ha creat una <strong>gestor documental,<\/strong> on podr\u00e0 consultar en qualsevol moment i des de qualsevol lloc la documentaci\u00f3 de la seva empresa com escriptures, declaracions tribut\u00e0ries, contractes, recursos, factures, etc.<\/p>\n<p>[\/vc_column_text][\/vc_column][\/vc_row]<\/p>\n<\/div>","protected":false},"excerpt":{"rendered":"<p>[vc_row bg_type=\u00bbimage\u00bb parallax_style=\u00bbvcpb-vz-jquery\u00bb bg_image_new=\u00bbid^57302|url^http:\/\/pre.lladogrup.com\/wp-content\/uploads\/2021\/02\/foto_accesclients3.jpg|caption^null|alt^null|title^foto_accesclients3|description^null\u00bb bg_image_repeat=\u00bbno-repeat\u00bb bg_override=\u00bbex-full\u00bb enable_overlay=\u00bbenable_overlay_value\u00bb overlay_color=\u00bbrgba(0,0,0,0.5)\u00bb overlay_pattern=\u00bbtransperant\u00bb overlay_pattern_opacity=\u00bb25&#8243; type=\u00bbvc_default\u00bb margin_top=\u00bb-50&#8243; css=\u00bb.vc_custom_1613406621891{padding-top: 8% !important;padding-bottom: 8% !important;background-color: #000000 !important;}\u00bb][vc_column offset=\u00bbvc_col-lg-12 vc_col-md-12&#8243; css=\u00bb.vc_custom_1476030031960{padding-bottom: 10px !important;}\u00bb][\/vc_column][\/vc_row][vc_row equal_height=\u00bbyes\u00bb type=\u00bbvc_default\u00bb margin_bottom=\u00bb10&#8243; css=\u00bb.vc_custom_1613399285878{padding-top: 20px !important;padding-bottom: 20px !important;}\u00bb][vc_column css=\u00bb.vc_custom_1613399105706{padding-bottom: 50px !important;}\u00bb][vc_column_text] Ja pots accedir a les eines de comunicaci\u00f3 digital amb Llad\u00f3 Grup que posem a disposici\u00f3 de tots els clients.&hellip;<\/p>\n","protected":false},"author":1,"featured_media":0,"parent":0,"menu_order":18,"comment_status":"closed","ping_status":"closed","template":"","meta":{"_joinchat":[],"footnotes":""},"class_list":["post-58967","page","type-page","status-publish","hentry","description-off"],"yoast_head":"<!-- This site is optimized with the Yoast SEO plugin v27.3 - https:\/\/yoast.com\/product\/yoast-seo-wordpress\/ -->\n<title>Portal del cliente - Llad\u00f3 Grup<\/title>\n<meta name=\"robots\" content=\"index, follow, max-snippet:-1, max-image-preview:large, max-video-preview:-1\" \/>\n<link rel=\"canonical\" href=\"https:\/\/lladogrup.com\/es\/portal-del-cliente\/\" \/>\n<meta property=\"og:locale\" content=\"es_ES\" \/>\n<meta property=\"og:type\" content=\"article\" \/>\n<meta property=\"og:title\" content=\"Portal del cliente - Llad\u00f3 Grup\" \/>\n<meta property=\"og:description\" content=\"[vc_row bg_type=\u00bbimage\u00bb parallax_style=\u00bbvcpb-vz-jquery\u00bb bg_image_new=\u00bbid^57302|url^http:\/\/pre.lladogrup.com\/wp-content\/uploads\/2021\/02\/foto_accesclients3.jpg|caption^null|alt^null|title^foto_accesclients3|description^null\u00bb bg_image_repeat=\u00bbno-repeat\u00bb bg_override=\u00bbex-full\u00bb enable_overlay=\u00bbenable_overlay_value\u00bb overlay_color=\u00bbrgba(0,0,0,0.5)\u00bb overlay_pattern=\u00bbtransperant\u00bb overlay_pattern_opacity=\u00bb25&#8243; type=\u00bbvc_default\u00bb margin_top=\u00bb-50&#8243; css=\u00bb.vc_custom_1613406621891{padding-top: 8% !important;padding-bottom: 8% !important;background-color: #000000 !important;}\u00bb][vc_column offset=\u00bbvc_col-lg-12 vc_col-md-12&#8243; css=\u00bb.vc_custom_1476030031960{padding-bottom: 10px !important;}\u00bb][\/vc_column][\/vc_row][vc_row equal_height=\u00bbyes\u00bb type=\u00bbvc_default\u00bb margin_bottom=\u00bb10&#8243; css=\u00bb.vc_custom_1613399285878{padding-top: 20px !important;padding-bottom: 20px !important;}\u00bb][vc_column css=\u00bb.vc_custom_1613399105706{padding-bottom: 50px !important;}\u00bb][vc_column_text] Ja pots accedir a les eines de comunicaci\u00f3 digital amb Llad\u00f3 Grup que posem a disposici\u00f3 de tots els clients.&hellip;\" \/>\n<meta property=\"og:url\" content=\"https:\/\/lladogrup.com\/es\/portal-del-cliente\/\" \/>\n<meta property=\"og:site_name\" content=\"Llad\u00f3 Grup\" \/>\n<meta property=\"article:modified_time\" content=\"2025-08-07T16:40:08+00:00\" \/>\n<meta name=\"twitter:card\" content=\"summary_large_image\" \/>\n<meta name=\"twitter:label1\" content=\"Tiempo de lectura\" \/>\n\t<meta name=\"twitter:data1\" content=\"2 minutos\" \/>\n<script type=\"application\/ld+json\" class=\"yoast-schema-graph\">{\"@context\":\"https:\\\/\\\/schema.org\",\"@graph\":[{\"@type\":\"WebPage\",\"@id\":\"https:\\\/\\\/lladogrup.com\\\/es\\\/portal-del-cliente\\\/\",\"url\":\"https:\\\/\\\/lladogrup.com\\\/es\\\/portal-del-cliente\\\/\",\"name\":\"Portal del cliente - Llad\u00f3 Grup\",\"isPartOf\":{\"@id\":\"https:\\\/\\\/lladogrup.com\\\/#website\"},\"datePublished\":\"2021-07-01T10:32:08+00:00\",\"dateModified\":\"2025-08-07T16:40:08+00:00\",\"breadcrumb\":{\"@id\":\"https:\\\/\\\/lladogrup.com\\\/es\\\/portal-del-cliente\\\/#breadcrumb\"},\"inLanguage\":\"es\",\"potentialAction\":[{\"@type\":\"ReadAction\",\"target\":[\"https:\\\/\\\/lladogrup.com\\\/es\\\/portal-del-cliente\\\/\"]}]},{\"@type\":\"BreadcrumbList\",\"@id\":\"https:\\\/\\\/lladogrup.com\\\/es\\\/portal-del-cliente\\\/#breadcrumb\",\"itemListElement\":[{\"@type\":\"ListItem\",\"position\":1,\"name\":\"Portada\",\"item\":\"https:\\\/\\\/lladogrup.com\\\/es\\\/\"},{\"@type\":\"ListItem\",\"position\":2,\"name\":\"Portal del cliente\"}]},{\"@type\":\"WebSite\",\"@id\":\"https:\\\/\\\/lladogrup.com\\\/#website\",\"url\":\"https:\\\/\\\/lladogrup.com\\\/\",\"name\":\"Llad\u00f3 Grup\",\"description\":\"Consultoria i gestoria\",\"potentialAction\":[{\"@type\":\"SearchAction\",\"target\":{\"@type\":\"EntryPoint\",\"urlTemplate\":\"https:\\\/\\\/lladogrup.com\\\/?s={search_term_string}\"},\"query-input\":{\"@type\":\"PropertyValueSpecification\",\"valueRequired\":true,\"valueName\":\"search_term_string\"}}],\"inLanguage\":\"es\"}]}<\/script>\n<!-- \/ Yoast SEO plugin. -->","yoast_head_json":{"title":"Portal del cliente - Llad\u00f3 Grup","robots":{"index":"index","follow":"follow","max-snippet":"max-snippet:-1","max-image-preview":"max-image-preview:large","max-video-preview":"max-video-preview:-1"},"canonical":"https:\/\/lladogrup.com\/es\/portal-del-cliente\/","og_locale":"es_ES","og_type":"article","og_title":"Portal del cliente - Llad\u00f3 Grup","og_description":"[vc_row bg_type=\u00bbimage\u00bb parallax_style=\u00bbvcpb-vz-jquery\u00bb bg_image_new=\u00bbid^57302|url^http:\/\/pre.lladogrup.com\/wp-content\/uploads\/2021\/02\/foto_accesclients3.jpg|caption^null|alt^null|title^foto_accesclients3|description^null\u00bb bg_image_repeat=\u00bbno-repeat\u00bb bg_override=\u00bbex-full\u00bb enable_overlay=\u00bbenable_overlay_value\u00bb overlay_color=\u00bbrgba(0,0,0,0.5)\u00bb overlay_pattern=\u00bbtransperant\u00bb overlay_pattern_opacity=\u00bb25&#8243; type=\u00bbvc_default\u00bb margin_top=\u00bb-50&#8243; css=\u00bb.vc_custom_1613406621891{padding-top: 8% !important;padding-bottom: 8% !important;background-color: #000000 !important;}\u00bb][vc_column offset=\u00bbvc_col-lg-12 vc_col-md-12&#8243; css=\u00bb.vc_custom_1476030031960{padding-bottom: 10px !important;}\u00bb][\/vc_column][\/vc_row][vc_row equal_height=\u00bbyes\u00bb type=\u00bbvc_default\u00bb margin_bottom=\u00bb10&#8243; css=\u00bb.vc_custom_1613399285878{padding-top: 20px !important;padding-bottom: 20px !important;}\u00bb][vc_column css=\u00bb.vc_custom_1613399105706{padding-bottom: 50px !important;}\u00bb][vc_column_text] Ja pots accedir a les eines de comunicaci\u00f3 digital amb Llad\u00f3 Grup que posem a disposici\u00f3 de tots els clients.&hellip;","og_url":"https:\/\/lladogrup.com\/es\/portal-del-cliente\/","og_site_name":"Llad\u00f3 Grup","article_modified_time":"2025-08-07T16:40:08+00:00","twitter_card":"summary_large_image","twitter_misc":{"Tiempo de lectura":"2 minutos"},"schema":{"@context":"https:\/\/schema.org","@graph":[{"@type":"WebPage","@id":"https:\/\/lladogrup.com\/es\/portal-del-cliente\/","url":"https:\/\/lladogrup.com\/es\/portal-del-cliente\/","name":"Portal del cliente - Llad\u00f3 Grup","isPartOf":{"@id":"https:\/\/lladogrup.com\/#website"},"datePublished":"2021-07-01T10:32:08+00:00","dateModified":"2025-08-07T16:40:08+00:00","breadcrumb":{"@id":"https:\/\/lladogrup.com\/es\/portal-del-cliente\/#breadcrumb"},"inLanguage":"es","potentialAction":[{"@type":"ReadAction","target":["https:\/\/lladogrup.com\/es\/portal-del-cliente\/"]}]},{"@type":"BreadcrumbList","@id":"https:\/\/lladogrup.com\/es\/portal-del-cliente\/#breadcrumb","itemListElement":[{"@type":"ListItem","position":1,"name":"Portada","item":"https:\/\/lladogrup.com\/es\/"},{"@type":"ListItem","position":2,"name":"Portal del cliente"}]},{"@type":"WebSite","@id":"https:\/\/lladogrup.com\/#website","url":"https:\/\/lladogrup.com\/","name":"Llad\u00f3 Grup","description":"Consultoria i gestoria","potentialAction":[{"@type":"SearchAction","target":{"@type":"EntryPoint","urlTemplate":"https:\/\/lladogrup.com\/?s={search_term_string}"},"query-input":{"@type":"PropertyValueSpecification","valueRequired":true,"valueName":"search_term_string"}}],"inLanguage":"es"}]}},"_links":{"self":[{"href":"https:\/\/lladogrup.com\/es\/wp-json\/wp\/v2\/pages\/58967","targetHints":{"allow":["GET"]}}],"collection":[{"href":"https:\/\/lladogrup.com\/es\/wp-json\/wp\/v2\/pages"}],"about":[{"href":"https:\/\/lladogrup.com\/es\/wp-json\/wp\/v2\/types\/page"}],"author":[{"embeddable":true,"href":"https:\/\/lladogrup.com\/es\/wp-json\/wp\/v2\/users\/1"}],"replies":[{"embeddable":true,"href":"https:\/\/lladogrup.com\/es\/wp-json\/wp\/v2\/comments?post=58967"}],"version-history":[{"count":1,"href":"https:\/\/lladogrup.com\/es\/wp-json\/wp\/v2\/pages\/58967\/revisions"}],"predecessor-version":[{"id":58976,"href":"https:\/\/lladogrup.com\/es\/wp-json\/wp\/v2\/pages\/58967\/revisions\/58976"}],"wp:attachment":[{"href":"https:\/\/lladogrup.com\/es\/wp-json\/wp\/v2\/media?parent=58967"}],"curies":[{"name":"wp","href":"https:\/\/api.w.org\/{rel}","templated":true}]}}