{"id":58966,"date":"2021-07-01T10:31:02","date_gmt":"2021-07-01T10:31:02","guid":{"rendered":"https:\/\/pre.lladogrup.com\/?page_id=58966"},"modified":"2025-08-07T18:36:15","modified_gmt":"2025-08-07T16:36:15","slug":"aviso-legal","status":"publish","type":"page","link":"https:\/\/lladogrup.com\/es\/aviso-legal\/","title":{"rendered":"Aviso Legal"},"content":{"rendered":"<div class=\"wpb-content-wrapper\"><p>[vc_row][vc_column]<div id=\"ultimate-heading-764569dfc5829a47c\" class=\"uvc-heading ult-adjust-bottom-margin ultimate-heading-764569dfc5829a47c uvc-4514  uvc-heading-default-font-sizes\" data-hspacer=\"no_spacer\"  data-halign=\"left\" style=\"text-align:left\"><div class=\"uvc-heading-spacer no_spacer\" style=\"top\"><\/div><div class=\"uvc-main-heading ult-responsive\"  data-ultimate-target='.uvc-heading.ultimate-heading-764569dfc5829a47c h4'  data-responsive-json-new='{\"font-size\":\"\",\"line-height\":\"\"}' ><h4 style=\"--font-weight:theme;\">Titularidad del Sitio Web<\/h4><\/div><\/div>[vc_column_text]<\/p>\n<section class=\"av_textblock_section \">\n<div class=\"avia_textblock \">\n<p style=\"text-align: justify;\"><a href=\"http:\/\/www.lladogrup.com\/es\" target=\"_blank\" rel=\"noopener\">www.lladogrup.com<\/a> es un sitio web, cuyo nombre de dominio se encuentra registrado y es propiedad de LLAD\u00d3 ADVOCATS GRUP CONSULTOR, S.A., con domicilio en C\/ Sant Dom\u00e8nec, 39-41, Badalona, 08911 (Barcelona); inscrita en el Registro Mercantil de Barcelona, Tomo 25614, Folio 77, Secci\u00f3n 8, Hoja B-9188, y con NIF A58603747.<\/p>\n<p style=\"text-align: justify;\">La finalidad del sitio web es la de informar a los usuarios sobre la prestaci\u00f3n de un servicio global de consultor\u00eda y asesoramiento a las empresas, centrado en las mismas y en sus empresarios; que permita su progreso econ\u00f3mico; que d\u00e9 seguridad jur\u00eddica; que minimice los riesgos y que maximice el retorno de la actividad de nuestros clientes. Dichos servicios podr\u00e1n ser proporcionados por LLAD\u00d3 ADVOCATS GRUP CONSULTOR, S.A. o alguna de las empresas del grupo (ver Pol\u00edtica de Privacidad \/ Otras empresas del grupo).<\/p>\n<p style=\"text-align: justify;\">El acceso a esta web es gratuito, no estando prevista la prestaci\u00f3n de servicios de comercio y\/o contrataci\u00f3n electr\u00f3nica, en cuyo caso se proceder\u00e1 a la emisi\u00f3n de las condiciones generales oportunas y la modificaci\u00f3n del presente Aviso Legal.<\/p>\n<p style=\"text-align: justify;\">En todo caso, el usuario no utilizar\u00e1 las informaciones y contenidos de LLAD\u00d3 ADVOCATS GRUP CONSULTOR, S.A., para la realizaci\u00f3n de actividades contrarias a la Ley, la moral o el orden p\u00fablico, respetando las condiciones de uso establecidas por LLAD\u00d3 ADVOCATS GRUP CONSULTOR, S.A.<\/p>\n<p style=\"text-align: justify;\">El uso del sitio web supone la aceptaci\u00f3n por parte del usuario de lo contenido en el presente Aviso Legal.<\/p>\n<\/div>\n<\/section>\n<p>[\/vc_column_text][\/vc_column][\/vc_row][vc_row][vc_column]<div id=\"ultimate-heading-425769dfc5829a545\" class=\"uvc-heading ult-adjust-bottom-margin ultimate-heading-425769dfc5829a545 uvc-801  uvc-heading-default-font-sizes\" data-hspacer=\"no_spacer\"  data-halign=\"left\" style=\"text-align:left\"><div class=\"uvc-heading-spacer no_spacer\" style=\"top\"><\/div><div class=\"uvc-main-heading ult-responsive\"  data-ultimate-target='.uvc-heading.ultimate-heading-425769dfc5829a545 h4'  data-responsive-json-new='{\"font-size\":\"\",\"line-height\":\"\"}' ><h4 style=\"--font-weight:theme;\">Obligaciones del usuario<\/h4><\/div><\/div>[vc_column_text]<\/p>\n<p style=\"text-align: justify;\">Al acceder al sitio web, el usuario se compromete a utilizar la informaci\u00f3n y contenidos del mismo de conformidad con el presente Aviso legal, con la legislaci\u00f3n vigente y con las buenas costumbres generalmente aceptadas y el orden p\u00fablico, y en particular a:<\/p>\n<ol>\n<li style=\"text-align: justify;\">Actuar lealmente y de buena fe en todas sus relaciones con LLAD\u00d3 ADVOCATS GRUP CONSULTOR, S.A.<\/li>\n<li style=\"text-align: justify;\">Proporcionar datos verdaderos y exactos durante su relaci\u00f3n contractual con LLAD\u00d3 ADVOCATS GRUP CONSULTOR, S.A.<\/li>\n<li style=\"text-align: justify;\">Utilizar de forma correcta y de conformidad con la legislaci\u00f3n vigente, la moral o el orden p\u00fablico, respetando el presente Aviso Legal, as\u00ed como a no permitir el uso por terceros no autorizados de las herramientas y servicios prestados.<\/li>\n<li style=\"text-align: justify;\">Colaborar y poner en conocimiento de LLAD\u00d3 ADVOCATS GRUP CONSULTOR, S.A. aquellas informaciones, en especial de tipo t\u00e9cnico, a las que tenga acceso en el ejercicio de sus operaciones y que pudieren afectar o perjudicar de forma alguna a la integridad del sitio web, el servicio prestado por LLAD\u00d3 ADVOCATS GRUP CONSULTOR, S.A., sus socios, colaboradores, proveedores, otros usuarios u otros terceros, as\u00ed como a las estipulaciones del presente Aviso Legal.<\/li>\n<li style=\"text-align: justify;\">No ceder su cuenta de usuario ni revender a terceros los servicios prestados por LLAD\u00d3 ADVOCATS GRUP CONSULTOR, S.A. o cualquiera de las sociedades vinculadas.<\/li>\n<\/ol>\n<p>[\/vc_column_text][\/vc_column][\/vc_row][vc_row][vc_column]<div id=\"ultimate-heading-937069dfc5829a5ba\" class=\"uvc-heading ult-adjust-bottom-margin ultimate-heading-937069dfc5829a5ba uvc-715  uvc-heading-default-font-sizes\" data-hspacer=\"no_spacer\"  data-halign=\"left\" style=\"text-align:left\"><div class=\"uvc-heading-spacer no_spacer\" style=\"top\"><\/div><div class=\"uvc-main-heading ult-responsive\"  data-ultimate-target='.uvc-heading.ultimate-heading-937069dfc5829a5ba h4'  data-responsive-json-new='{\"font-size\":\"\",\"line-height\":\"\"}' ><h4 style=\"--font-weight:theme;\">Responsabilidad<\/h4><\/div><\/div>[vc_column_text]<\/p>\n<p style=\"text-align: justify;\">LLAD\u00d3 ADVOCATS GRUP CONSULTOR, S.A, no podr\u00e1 ser considerada responsable de los posibles da\u00f1os o perjuicios que se derivaren del mal funcionamiento de las redes telem\u00e1ticas que facilitan el acceso a esta p\u00e1gina web; as\u00ed como tampoco de las posibles interrupciones de acceso, virus, conexiones y sistemas operativos de acceso a la red de Internet. As\u00ed mismo, LLAD\u00d3 ADVOCATS GRUP CONSULTOR, S.A. tampoco podr\u00e1 ser considerada responsable de los posibles da\u00f1os derivados de actuaciones il\u00edcitas e ileg\u00edtimas de terceros ajenos a LLAD\u00d3 ADVOCATS GRUP CONSULTOR, S.A. en la transmisi\u00f3n de datos a trav\u00e9s de las redes telem\u00e1ticas.<\/p>\n<p>[\/vc_column_text][\/vc_column][\/vc_row][vc_row][vc_column]<div id=\"ultimate-heading-237469dfc5829a618\" class=\"uvc-heading ult-adjust-bottom-margin ultimate-heading-237469dfc5829a618 uvc-982  uvc-heading-default-font-sizes\" data-hspacer=\"no_spacer\"  data-halign=\"left\" style=\"text-align:left\"><div class=\"uvc-heading-spacer no_spacer\" style=\"top\"><\/div><div class=\"uvc-main-heading ult-responsive\"  data-ultimate-target='.uvc-heading.ultimate-heading-237469dfc5829a618 h4'  data-responsive-json-new='{\"font-size\":\"\",\"line-height\":\"\"}' ><h4 style=\"--font-weight:theme;\">Contenidos sitio web y enlaces a terceros<\/h4><\/div><\/div>[vc_column_text]<\/p>\n<p style=\"text-align: justify;\">La informaci\u00f3n contenida en el espacio web puede no estar actualizada en todo momento, en cuyo caso LLAD\u00d3 ADVOCATS GRUP CONSULTOR, S.A. no ser\u00e1 responsable de los posibles da\u00f1os derivados de un uso externo y\/o por terceros de la informaci\u00f3n facilitada.<\/p>\n<p style=\"text-align: justify;\">LLAD\u00d3 ADVOCATS GRUP CONSULTOR, S.A. se reserva el derecho a poder suspender temporalmente la accesibilidad al sitio web cuando sea necesario, sin necesidad de previo aviso y as\u00ed poder realizar las actuaciones de mantenimiento y actualizaci\u00f3n necesarias.<\/p>\n<p style=\"text-align: justify;\">La p\u00e1gina web puede contener enlaces y\/o v\u00ednculos (links) a sitios web externos de terceros cuyo contenido no es atribuible ni exigible a LLAD\u00d3 ADVOCATS GRUP CONSULTOR, S.A. siendo responsable el titular de cada uno de los espacios web a los que se accede.<\/p>\n<p style=\"text-align: justify;\">El establecimiento de cualquier hiperenlace desde otro sitio web a <a href=\"http:\/\/www.lladogrup.com\">www.lladogrup.com<\/a> \u00a0deber\u00e1 realizarse siempre a la p\u00e1gina principal, estando prohibida la reproducci\u00f3n total y\/o parcial de los servicios contenidos en <a href=\"http:\/\/www.lladogrup.com\">www.lladogrup.com<\/a> sin previa autorizaci\u00f3n de LLAD\u00d3 ADVOCATS GRUP CONSULTOR, S.A.<\/p>\n<p>[\/vc_column_text][\/vc_column][\/vc_row][vc_row][vc_column]<div id=\"ultimate-heading-342769dfc5829a674\" class=\"uvc-heading ult-adjust-bottom-margin ultimate-heading-342769dfc5829a674 uvc-339  uvc-heading-default-font-sizes\" data-hspacer=\"no_spacer\"  data-halign=\"left\" style=\"text-align:left\"><div class=\"uvc-heading-spacer no_spacer\" style=\"top\"><\/div><div class=\"uvc-main-heading ult-responsive\"  data-ultimate-target='.uvc-heading.ultimate-heading-342769dfc5829a674 h4'  data-responsive-json-new='{\"font-size\":\"\",\"line-height\":\"\"}' ><h4 style=\"--font-weight:theme;\">Propiedad industrial e intelectual<\/h4><\/div><\/div>[vc_column_text]<\/p>\n<p style=\"text-align: justify;\">Los contenidos (incluyendo, pero no de forma exclusiva, textos, logos, im\u00e1genes, dibujos, dise\u00f1o web, marcas, c\u00f3digo fuente y software) del sitio web se encuentran protegidos por la legislaci\u00f3n de propiedad industrial e intelectual vigente y cualquier otra normativa aplicable. La explotaci\u00f3n leg\u00edtima de los mismos corresponde exclusivamente a LLAD\u00d3 ADVOCATS GRUP CONSULTOR, S.A. o a sus licenciadores, quedando totalmente prohibida la reproducci\u00f3n y\/o distribuci\u00f3n total o parcial de cualquier tipo de contenido por parte del usuario y\/o terceros de no existir autorizaci\u00f3n expresa por parte de LLAD\u00d3 ADVOCATS GRUP CONSULTOR, S.A. facultando o permitiendo la difusi\u00f3n de los mismos.<\/p>\n<p style=\"text-align: justify;\">En ning\u00fan caso el acceso al sitio web implica permiso, renuncia, transmisi\u00f3n, licencia o cesi\u00f3n total ni parcial de dichos derechos por parte de sus titulares ni ning\u00fan otro derecho de utilizaci\u00f3n, alteraci\u00f3n, explotaci\u00f3n, reproducci\u00f3n, distribuci\u00f3n o comunicaci\u00f3n p\u00fablica, salvo que LLAD\u00d3 ADVOCATS GRUP CONSULTOR, S.A. autorice de forma expresa lo contrario.<\/p>\n<p style=\"text-align: justify;\">Sin perjuicio de todo lo anterior, si el usuario o un tercero estima que alg\u00fan contenido del sitio web pudiera vulnerar derechos de terceros, rogamos lo pongan en nuestro conocimiento a la mayor brevedad posible.<\/p>\n<p>[\/vc_column_text][\/vc_column][\/vc_row][vc_row][vc_column]<div id=\"ultimate-heading-407069dfc5829a6c9\" class=\"uvc-heading ult-adjust-bottom-margin ultimate-heading-407069dfc5829a6c9 uvc-7487  uvc-heading-default-font-sizes\" data-hspacer=\"no_spacer\"  data-halign=\"left\" style=\"text-align:left\"><div class=\"uvc-heading-spacer no_spacer\" style=\"top\"><\/div><div class=\"uvc-main-heading ult-responsive\"  data-ultimate-target='.uvc-heading.ultimate-heading-407069dfc5829a6c9 h4'  data-responsive-json-new='{\"font-size\":\"\",\"line-height\":\"\"}' ><h4 style=\"--font-weight:theme;\">Comentarios y sugerencias<\/h4><\/div><\/div>[vc_column_text]<\/p>\n<p style=\"text-align: justify;\">Sus comentarios y sugerencias ser\u00e1n bien recibidos, agradeci\u00e9ndole que nos los comunique a trav\u00e9s de nuestro formulario de contacto.<\/p>\n<p>[\/vc_column_text][\/vc_column][\/vc_row][vc_row][vc_column]<div id=\"ultimate-heading-550869dfc5829a71d\" class=\"uvc-heading ult-adjust-bottom-margin ultimate-heading-550869dfc5829a71d uvc-3173  uvc-heading-default-font-sizes\" data-hspacer=\"no_spacer\"  data-halign=\"left\" style=\"text-align:left\"><div class=\"uvc-heading-spacer no_spacer\" style=\"top\"><\/div><div class=\"uvc-main-heading ult-responsive\"  data-ultimate-target='.uvc-heading.ultimate-heading-550869dfc5829a71d h4'  data-responsive-json-new='{\"font-size\":\"\",\"line-height\":\"\"}' ><h4 style=\"--font-weight:theme;\">Modificaci\u00f3n del Aviso Legal<\/h4><\/div><\/div>[vc_column_text]<\/p>\n<p style=\"text-align: justify;\">Lo contenido en el presente Aviso Legal tiene una duraci\u00f3n indefinida, y podr\u00e1 ser modificado en cualquier momento en atenci\u00f3n a la normativa vigente en cada momento y a los cambios que pudieran surgir de la actividad de LLAD\u00d3 ADVOCATS GRUP CONSULTOR, S.A.<\/p>\n<p>[\/vc_column_text][\/vc_column][\/vc_row][vc_row][vc_column]<div id=\"ultimate-heading-775569dfc5829a76f\" class=\"uvc-heading ult-adjust-bottom-margin ultimate-heading-775569dfc5829a76f uvc-418  uvc-heading-default-font-sizes\" data-hspacer=\"no_spacer\"  data-halign=\"left\" style=\"text-align:left\"><div class=\"uvc-heading-spacer no_spacer\" style=\"top\"><\/div><div class=\"uvc-main-heading ult-responsive\"  data-ultimate-target='.uvc-heading.ultimate-heading-775569dfc5829a76f h4'  data-responsive-json-new='{\"font-size\":\"\",\"line-height\":\"\"}' ><h4 style=\"--font-weight:theme;\">Legislaci\u00f3n y jurisdicci\u00f3n aplicables<\/h4><\/div><\/div>[vc_column_text]<\/p>\n<p style=\"text-align: justify;\">El presente Aviso Legal, las pol\u00edticas de privacidad, cookies y normas sectoriales de aplicaci\u00f3n se rigen por las Leyes espa\u00f1olas vigentes en cada momento. En caso de disputa o controversia las partes se someter\u00e1n a la jurisdicci\u00f3n de los Juzgados y Tribunales competentes.<\/p>\n<p style=\"text-align: justify;\">En caso que las partes consideren preciso recurrir a sistemas alternativos de resoluci\u00f3n de controversias, como el arbitraje o la mediaci\u00f3n, deber\u00e1n proponerlo y aceptarlo expresamente y por escrito en el momento en que surja la controversia, y siempre en base a lo previsto por la normativa de aplicaci\u00f3n.<\/p>\n<p>[\/vc_column_text][\/vc_column][\/vc_row]<\/p>\n<\/div>","protected":false},"excerpt":{"rendered":"<p>[vc_row][vc_column][vc_column_text] www.lladogrup.com es un sitio web, cuyo nombre de dominio se encuentra registrado y es propiedad de LLAD\u00d3 ADVOCATS GRUP CONSULTOR, S.A., con domicilio en C\/ Sant Dom\u00e8nec, 39-41, Badalona, 08911 (Barcelona); inscrita en el Registro Mercantil de Barcelona, Tomo 25614, Folio 77, Secci\u00f3n 8, Hoja B-9188, y con NIF A58603747. La finalidad del sitio&hellip;<\/p>\n","protected":false},"author":1,"featured_media":0,"parent":0,"menu_order":100,"comment_status":"closed","ping_status":"closed","template":"","meta":{"_joinchat":[],"footnotes":""},"class_list":["post-58966","page","type-page","status-publish","hentry","description-off"],"yoast_head":"<!-- This site is optimized with the Yoast SEO plugin v27.3 - https:\/\/yoast.com\/product\/yoast-seo-wordpress\/ -->\n<title>Aviso Legal - Llad\u00f3 Grup<\/title>\n<meta name=\"robots\" content=\"noindex, follow\" \/>\n<meta property=\"og:locale\" content=\"es_ES\" \/>\n<meta property=\"og:type\" content=\"article\" \/>\n<meta property=\"og:title\" content=\"Aviso Legal - Llad\u00f3 Grup\" \/>\n<meta property=\"og:description\" content=\"[vc_row][vc_column][vc_column_text] www.lladogrup.com es un sitio web, cuyo nombre de dominio se encuentra registrado y es propiedad de LLAD\u00d3 ADVOCATS GRUP CONSULTOR, S.A., con domicilio en C\/ Sant Dom\u00e8nec, 39-41, Badalona, 08911 (Barcelona); inscrita en el Registro Mercantil de Barcelona, Tomo 25614, Folio 77, Secci\u00f3n 8, Hoja B-9188, y con NIF A58603747. La finalidad del sitio&hellip;\" \/>\n<meta property=\"og:url\" content=\"https:\/\/lladogrup.com\/es\/aviso-legal\/\" \/>\n<meta property=\"og:site_name\" content=\"Llad\u00f3 Grup\" \/>\n<meta property=\"article:modified_time\" content=\"2025-08-07T16:36:15+00:00\" \/>\n<meta name=\"twitter:card\" content=\"summary_large_image\" \/>\n<meta name=\"twitter:label1\" content=\"Tiempo de lectura\" \/>\n\t<meta name=\"twitter:data1\" content=\"7 minutos\" \/>\n<script type=\"application\/ld+json\" class=\"yoast-schema-graph\">{\"@context\":\"https:\\\/\\\/schema.org\",\"@graph\":[{\"@type\":\"WebPage\",\"@id\":\"https:\\\/\\\/lladogrup.com\\\/es\\\/aviso-legal\\\/\",\"url\":\"https:\\\/\\\/lladogrup.com\\\/es\\\/aviso-legal\\\/\",\"name\":\"Aviso Legal - Llad\u00f3 Grup\",\"isPartOf\":{\"@id\":\"https:\\\/\\\/lladogrup.com\\\/#website\"},\"datePublished\":\"2021-07-01T10:31:02+00:00\",\"dateModified\":\"2025-08-07T16:36:15+00:00\",\"breadcrumb\":{\"@id\":\"https:\\\/\\\/lladogrup.com\\\/es\\\/aviso-legal\\\/#breadcrumb\"},\"inLanguage\":\"es\",\"potentialAction\":[{\"@type\":\"ReadAction\",\"target\":[\"https:\\\/\\\/lladogrup.com\\\/es\\\/aviso-legal\\\/\"]}]},{\"@type\":\"BreadcrumbList\",\"@id\":\"https:\\\/\\\/lladogrup.com\\\/es\\\/aviso-legal\\\/#breadcrumb\",\"itemListElement\":[{\"@type\":\"ListItem\",\"position\":1,\"name\":\"Portada\",\"item\":\"https:\\\/\\\/lladogrup.com\\\/es\\\/\"},{\"@type\":\"ListItem\",\"position\":2,\"name\":\"Aviso Legal\"}]},{\"@type\":\"WebSite\",\"@id\":\"https:\\\/\\\/lladogrup.com\\\/#website\",\"url\":\"https:\\\/\\\/lladogrup.com\\\/\",\"name\":\"Llad\u00f3 Grup\",\"description\":\"Consultoria i gestoria\",\"potentialAction\":[{\"@type\":\"SearchAction\",\"target\":{\"@type\":\"EntryPoint\",\"urlTemplate\":\"https:\\\/\\\/lladogrup.com\\\/?s={search_term_string}\"},\"query-input\":{\"@type\":\"PropertyValueSpecification\",\"valueRequired\":true,\"valueName\":\"search_term_string\"}}],\"inLanguage\":\"es\"}]}<\/script>\n<!-- \/ Yoast SEO plugin. -->","yoast_head_json":{"title":"Aviso Legal - Llad\u00f3 Grup","robots":{"index":"noindex","follow":"follow"},"og_locale":"es_ES","og_type":"article","og_title":"Aviso Legal - Llad\u00f3 Grup","og_description":"[vc_row][vc_column][vc_column_text] www.lladogrup.com es un sitio web, cuyo nombre de dominio se encuentra registrado y es propiedad de LLAD\u00d3 ADVOCATS GRUP CONSULTOR, S.A., con domicilio en C\/ Sant Dom\u00e8nec, 39-41, Badalona, 08911 (Barcelona); inscrita en el Registro Mercantil de Barcelona, Tomo 25614, Folio 77, Secci\u00f3n 8, Hoja B-9188, y con NIF A58603747. La finalidad del sitio&hellip;","og_url":"https:\/\/lladogrup.com\/es\/aviso-legal\/","og_site_name":"Llad\u00f3 Grup","article_modified_time":"2025-08-07T16:36:15+00:00","twitter_card":"summary_large_image","twitter_misc":{"Tiempo de lectura":"7 minutos"},"schema":{"@context":"https:\/\/schema.org","@graph":[{"@type":"WebPage","@id":"https:\/\/lladogrup.com\/es\/aviso-legal\/","url":"https:\/\/lladogrup.com\/es\/aviso-legal\/","name":"Aviso Legal - Llad\u00f3 Grup","isPartOf":{"@id":"https:\/\/lladogrup.com\/#website"},"datePublished":"2021-07-01T10:31:02+00:00","dateModified":"2025-08-07T16:36:15+00:00","breadcrumb":{"@id":"https:\/\/lladogrup.com\/es\/aviso-legal\/#breadcrumb"},"inLanguage":"es","potentialAction":[{"@type":"ReadAction","target":["https:\/\/lladogrup.com\/es\/aviso-legal\/"]}]},{"@type":"BreadcrumbList","@id":"https:\/\/lladogrup.com\/es\/aviso-legal\/#breadcrumb","itemListElement":[{"@type":"ListItem","position":1,"name":"Portada","item":"https:\/\/lladogrup.com\/es\/"},{"@type":"ListItem","position":2,"name":"Aviso Legal"}]},{"@type":"WebSite","@id":"https:\/\/lladogrup.com\/#website","url":"https:\/\/lladogrup.com\/","name":"Llad\u00f3 Grup","description":"Consultoria i gestoria","potentialAction":[{"@type":"SearchAction","target":{"@type":"EntryPoint","urlTemplate":"https:\/\/lladogrup.com\/?s={search_term_string}"},"query-input":{"@type":"PropertyValueSpecification","valueRequired":true,"valueName":"search_term_string"}}],"inLanguage":"es"}]}},"_links":{"self":[{"href":"https:\/\/lladogrup.com\/es\/wp-json\/wp\/v2\/pages\/58966","targetHints":{"allow":["GET"]}}],"collection":[{"href":"https:\/\/lladogrup.com\/es\/wp-json\/wp\/v2\/pages"}],"about":[{"href":"https:\/\/lladogrup.com\/es\/wp-json\/wp\/v2\/types\/page"}],"author":[{"embeddable":true,"href":"https:\/\/lladogrup.com\/es\/wp-json\/wp\/v2\/users\/1"}],"replies":[{"embeddable":true,"href":"https:\/\/lladogrup.com\/es\/wp-json\/wp\/v2\/comments?post=58966"}],"version-history":[{"count":2,"href":"https:\/\/lladogrup.com\/es\/wp-json\/wp\/v2\/pages\/58966\/revisions"}],"predecessor-version":[{"id":61693,"href":"https:\/\/lladogrup.com\/es\/wp-json\/wp\/v2\/pages\/58966\/revisions\/61693"}],"wp:attachment":[{"href":"https:\/\/lladogrup.com\/es\/wp-json\/wp\/v2\/media?parent=58966"}],"curies":[{"name":"wp","href":"https:\/\/api.w.org\/{rel}","templated":true}]}}